{"id":1328,"date":"2023-02-28T10:22:14","date_gmt":"2023-02-28T08:22:14","guid":{"rendered":"https:\/\/belgomilk.gr\/?page_id=1328"},"modified":"2023-02-28T10:37:34","modified_gmt":"2023-02-28T08:37:34","slug":"proswpika-dedomena-gdpr","status":"publish","type":"page","link":"https:\/\/belgomilk.gr\/fr\/proswpika-dedomena-gdpr\/","title":{"rendered":"Donn\u00e9es personnelles \/ RGPD"},"content":{"rendered":"<div data-elementor-type=\"wp-page\" data-elementor-id=\"1328\" class=\"elementor elementor-1328\" data-elementor-settings=\"[]\">\n\t\t\t\t\t\t\t<div class=\"elementor-section-wrap\">\n\t\t\t\t\t\t\t<section class=\"has_ae_slider elementor-section elementor-top-section elementor-element elementor-element-adbc079 elementor-section-boxed elementor-section-height-default elementor-section-height-default ae-bg-gallery-type-default\" data-id=\"adbc079\" data-element_type=\"section\">\n\t\t\t\t\t\t<div class=\"elementor-container elementor-column-gap-default\">\n\t\t\t\t\t<div class=\"has_ae_slider elementor-column elementor-col-100 elementor-top-column elementor-element elementor-element-f018208 ae-bg-gallery-type-default\" data-id=\"f018208\" data-element_type=\"column\">\n\t\t\t<div class=\"elementor-widget-wrap elementor-element-populated\">\n\t\t\t\t\t\t\t\t<div class=\"elementor-element elementor-element-b915418 elementor-widget elementor-widget-heading\" data-id=\"b915418\" data-element_type=\"widget\" data-widget_type=\"heading.default\">\n\t\t\t\t<div class=\"elementor-widget-container\">\n\t\t\t<style>\/*! elementor - v3.5.6 - 28-02-2022 *\/\n.elementor-heading-title{padding:0;margin:0;line-height:1}.elementor-widget-heading .elementor-heading-title[class*=elementor-size-]>a{color:inherit;font-size:inherit;line-height:inherit}.elementor-widget-heading .elementor-heading-title.elementor-size-small{font-size:15px}.elementor-widget-heading .elementor-heading-title.elementor-size-medium{font-size:19px}.elementor-widget-heading .elementor-heading-title.elementor-size-large{font-size:29px}.elementor-widget-heading .elementor-heading-title.elementor-size-xl{font-size:39px}.elementor-widget-heading .elementor-heading-title.elementor-size-xxl{font-size:59px}<\/style><h2 class=\"elementor-heading-title elementor-size-default\">Donn\u00e9es personnelles \/ RGPD<\/h2>\t\t<\/div>\n\t\t\t\t<\/div>\n\t\t\t\t<div class=\"elementor-element elementor-element-abce43b elementor-widget elementor-widget-text-editor\" data-id=\"abce43b\" data-element_type=\"widget\" data-widget_type=\"text-editor.default\">\n\t\t\t\t<div class=\"elementor-widget-container\">\n\t\t\t<style>\/*! elementor - v3.5.6 - 28-02-2022 *\/\n.elementor-widget-text-editor.elementor-drop-cap-view-stacked .elementor-drop-cap{background-color:#818a91;color:#fff}.elementor-widget-text-editor.elementor-drop-cap-view-framed .elementor-drop-cap{color:#818a91;border:3px solid;background-color:transparent}.elementor-widget-text-editor:not(.elementor-drop-cap-view-default) .elementor-drop-cap{margin-top:8px}.elementor-widget-text-editor:not(.elementor-drop-cap-view-default) .elementor-drop-cap-letter{width:1em;height:1em}.elementor-widget-text-editor .elementor-drop-cap{float:left;text-align:center;line-height:1;font-size:50px}.elementor-widget-text-editor .elementor-drop-cap-letter{display:inline-block}<\/style>\t\t\t\t<p><strong>Conformit\u00e9 avec la l\u00e9gislation RGPD<\/strong><\/p><p>Belgomilk consid\u00e8re la confidentialit\u00e9 des donn\u00e9es comme un \u00e9l\u00e9ment constitutif fondamental de l'activit\u00e9 d'entreprise. Notre politique de confidentialit\u00e9 et nos pratiques visent \u00e0 traiter, \u00e0 partager et \u00e0 conserver les informations personnelles de fa\u00e7on appropri\u00e9e et l\u00e9gale, tout en garantissant leur confidentialit\u00e9, int\u00e9grit\u00e9 et disponibilit\u00e9.<\/p><p>Cette d\u00e9claration de confidentialit\u00e9 repr\u00e9sente l'int\u00e9gralit\u00e9 de la politique de confidentialit\u00e9 en ligne, applicable aux activit\u00e9s en ligne de Belgomilk. La d\u00e9claration indique le type des informations collect\u00e9es par nous aupr\u00e8s des utilisateurs en ligne et explique l'utilisation de ces informations par nous.<\/p><p>Belgomilk traite et conserve les donn\u00e9es personnelles sur le territoire de l'UE. Moyennant un d\u00e9lai n\u00e9cessaire, nous sommes en mesure de prouver notre conformit\u00e9 avec la l\u00e9gislation de l'UE et avec nos principes \u00e9nonc\u00e9s ici.<\/p><p>Cette d\u00e9claration de confidentialit\u00e9 repr\u00e9sente l'int\u00e9gralit\u00e9 de la politique de confidentialit\u00e9 en ligne applicable aux activit\u00e9s en ligne de Belgomilk. La d\u00e9claration explique le type d'informations que nous recueillons aupr\u00e8s des utilisateurs en ligne et comment nous utilisons ces informations.<\/p><p>Notre site web fonctionne conform\u00e9ment au R\u00e8glement g\u00e9n\u00e9ral sur la protection des donn\u00e9es (\u201cRGPD\u201d) (R\u00e8glement (UE) 2016\/679), qui est un acte l\u00e9gislatif directement contraignant. Le RGPD cr\u00e9e de nouveaux droits pour les particuliers et renforce certains des droits r\u00e9cemment stipul\u00e9s par la directive 95\/46\/CE. La directive 95\/46\/CE sera abrog\u00e9e avec effet au 25 mai 2018. Cette politique est rendue conforme au RGPD et est donc \u00e9galement conforme \u00e0 la directive 95\/46\/CE et \u00e0 ses impl\u00e9mentations nationales jusqu'\u00e0 leur obsolescence le 25 mai 2018.<\/p><p>La politique de confidentialit\u00e9 est sous la responsabilit\u00e9 de l'\u00e9quipe juridique de Belgomilk, qui a la responsabilit\u00e9 globale d'assurer la conformit\u00e9. Belgomilk doit \u00eatre consid\u00e9r\u00e9 comme le d\u00e9l\u00e9gu\u00e9 \u00e0 la protection des donn\u00e9es et d\u00e9terminera les finalit\u00e9s et les moyens du traitement des donn\u00e9es personnelles soumises et collect\u00e9es en ligne.<\/p><p><br \/><strong>principes<\/strong><\/p><p>La politique de protection des donn\u00e9es de Belgomilk repose sur les principes suivants en mati\u00e8re de la protection des donn\u00e9es<\/p><p class=\" translation-block\">Toutes les mesures raisonnables doivent \u00eatre prises pour garantir que les donn\u00e9es personnelles inexactes soient effac\u00e9es ou rectifi\u00e9es sans d\u00e9lai pour correspondre \u00e0 l'objectif pour lequel ces donn\u00e9es sont trait\u00e9es\nLes donn\u00e9es personnelles doivent \u00eatre conserv\u00e9es sous une forme permettant l'identification de la personne concern\u00e9e dans la limite de ce qui est n\u00e9cessaire aux objectifs pour lesquels ces donn\u00e9es personnelles sont trait\u00e9es\nToutes les donn\u00e9es personnelles doivent rester confidentielles et \u00eatre conserv\u00e9es de mani\u00e8re \u00e0 assurer une s\u00e9curit\u00e9 appropri\u00e9e \nLes donn\u00e9es personnelles ne doivent pas \u00eatre partag\u00e9es avec des tiers, sauf si cela est n\u00e9cessaire pour fournir des services sur consentement\nLes personnes concern\u00e9es ont le droit de demander l'acc\u00e8s et la rectification ou l'effacement des donn\u00e9es personnelles, de restreindre ou de s'opposer au traitement de ces derniers, ainsi que le droit \u00e0 la portabilit\u00e9 des donn\u00e9es<\/p><p><br \/><strong>Donn\u00e9es personnelles<\/strong><\/p><p>Les donn\u00e9es personnelles sont toute information se rapportant \u00e0 une personne physique identifi\u00e9e ou non-identifiable (la \"personne concern\u00e9e\"). Les donn\u00e9es personnelles comprennent les informations de tout type qui permettent d'identifier la personne concern\u00e9e directement ou indirectement (i.e. conjointement avec d'autres donn\u00e9es), telles que les noms, la date de naissance, les adresses, les adresses courriel, les num\u00e9ros de t\u00e9l\u00e9phone, etc.<\/p><p><br \/><strong>Collecte de donn\u00e9es personnelles<\/strong><\/p><p>Les utilisateurs du site web qui souhaitent b\u00e9n\u00e9ficier de nos services et nous soumettre des informations peuvent \u00eatre invit\u00e9s \u00e0 fournir des donn\u00e9es personnelles pour permettre \u00e0 Belgomilk d'op\u00e9rer et d'am\u00e9liorer notre entreprise et nos services. Nous collectons des donn\u00e9es personnelles telles que les noms, les adresses e-mail, les num\u00e9ros de t\u00e9l\u00e9phone et les identifiants pour envoyer des notifications et mettre \u00e0 jour les \u00e9v\u00e9nements et les articles publi\u00e9s sur notre site web. Cela signifie que la proc\u00e9dure initiale consiste \u00e0 collecter des donn\u00e9es personnelles pour d\u00e9cider si la demande est \u00e9ligible. Nous pouvons \u00e9galement collecter l'adresse physique d'un candidat lorsqu'il postule \u00e0 un emploi. Nous recueillons en outre des donn\u00e9es personnelles \u00e0 d'autres fins telles que les statistiques, l'administration et la communication, l'informatique, la certification et les syst\u00e8mes de certification, les syst\u00e8mes de support, la compatibilit\u00e9 interne des programmes et des \u00e9quipes organisationnelles \net des activit\u00e9s. Nous ne traiterons les donn\u00e9es personnelles que dans la mesure n\u00e9cessaire pour atteindre un objectif sp\u00e9cifi\u00e9, clair et l\u00e9gitime ou un objectif requis par la loi dans les territoires o\u00f9 nous op\u00e9rons.<\/p><p><strong>Utilisation des donn\u00e9es personnelles<\/strong><\/p><p>Nous utiliserons les donn\u00e9es personnelles dans l'objectif pour lequel elles sont collect\u00e9es et ne conserverons ces donn\u00e9es qu'aussi longtemps que n\u00e9cessaire \u00e0 cette fin. Nous pouvons conserver les informations de l'utilisateur aussi longtemps que le compte de l'utilisateur est actif ou aussi longtemps que n\u00e9cessaire pour fournir des services, remplir nos obligations l\u00e9gales ou atteindre un des objectifs \u00e9num\u00e9r\u00e9es ci-dessus. L'acc\u00e8s aux donn\u00e9es personnelles est strictement r\u00e9serv\u00e9 au personnel de Belgomilk.<\/p><p><strong>Utilisation des Cookies<\/strong><\/p><p>Le site web de Belgomilk et ses partenaires utilisent des cookies ou des technologies similaires pour garantir la meilleure exp\u00e9rience utilisateur, analyser les tendances, administrer le site, suivre la navigation des utilisateurs partout sur le site et collecter des informations d\u00e9mographiques sur l'ensemble de notre base d'utilisateurs. Les cookies sont de petits fichiers texte, enregistr\u00e9s dans l'appareil de l'utilisateur pour suivre les sch\u00e9mas d'utilisation et enregistrer les pr\u00e9f\u00e9rences. Nos cookies ne contiennent pas d'informations permettant d'identifier les personnes. Nous collectons automatiquement certaines informations en utilisant des cookies et des technologies de tra\u00e7age telles que les adresses de protocole Internet (IP), le type de navigateur, le fournisseur d'acc\u00e8s Internet (ISP), les pages de renvoi \/ de sortie, les fichiers affich\u00e9s sur notre site (par exemple: pages HTML, graphiques), les syst\u00e8mes d'exploitation (OS), l'horodatage et \/ ou les donn\u00e9es de navigation pour analyser l'ensemble de tendances et administrer le site. Les utilisateurs du site peuvent contr\u00f4ler l'utilisation des cookies au niveau du navigateur individuel, mais si les utilisateurs choisissent de d\u00e9sactiver les cookies, cela peut limiter l'utilisation de certaines caract\u00e9ristiques ou fonctions de notre site ou de nos services.<\/p><p>Pour plus d'informations sur l'utilisation des cookies.<\/p><p><br \/><strong>Partage des donn\u00e9es personnelles<\/strong><\/p><p>Les donn\u00e9es personnelles ne doivent pas \u00eatre partag\u00e9es avec des tiers, sauf dans les cas o\u00f9 un tel partage est n\u00e9cessaire pour fournir nos services. Occasionnellement, nous engageons d'autres soci\u00e9t\u00e9s et partenaires commerciaux pour agir en notre nom, par exemple pour am\u00e9liorer nos produits et services, et nous partagerons les informations n\u00e9cessaires dans ces cas.<\/p><p><br \/><strong>S\u00e9curit\u00e9 de traitement<\/strong><\/p><p>Nous traiterons les donn\u00e9es personnelles en toute s\u00e9curit\u00e9, en mettant en \u0153uvre et en respectant les mesures techniques et organisationnelles appropri\u00e9es pour prot\u00e9ger les donn\u00e9es personnelles contre toute destruction accidentelle ou illicite, perte accidentelle, alt\u00e9ration, divulgation ou acc\u00e8s non autoris\u00e9, en particulier lorsque le traitement implique le transfert de donn\u00e9es sur un r\u00e9seau, et contre toute autre forme de traitement illicite. Les questions concernant la s\u00e9curit\u00e9, la correction ou la suppression des donn\u00e9es personnelles peuvent \u00eatre adress\u00e9es par courriel \u00e0 l'adresse info@belgomilk.gr.<\/p><p>\u00c0 tout moment, les utilisateurs ont le droit d'acc\u00e9der, de corriger ou de demander la suppression ou la restriction de traitement de toute information collect\u00e9e par nous. Pour nous aider \u00e0 maintenir les donn\u00e9es personnelles \u00e0 jour, nous conseillons aux utilisateurs de nous informer de tout changement ou anomalie. Pour examiner et\/ou modifier les donn\u00e9es personnelles, recevoir des informations sur la dur\u00e9e pendant laquelle Belgomilk a l'intention de conserver les donn\u00e9es personnelles, poser d'autres questions li\u00e9es \u00e0 l'acc\u00e8s aux donn\u00e9es personnelles ou soumettre une demande pour que nous vous fournissions des informations relatives \u00e0 toutes vos donn\u00e9es personnelles conserv\u00e9es ou trait\u00e9es par nous pour le compte d'un tiers, veuillez nous contacter par courriel \u00e0 l'adresse info@belgomilk.gr<\/p>\t\t\t\t\t\t<\/div>\n\t\t\t\t<\/div>\n\t\t\t\t\t<\/div>\n\t\t<\/div>\n\t\t\t\t\t\t\t<\/div>\n\t\t<\/section>\n\t\t\t\t\t\t<\/div>\n\t\t\t\t\t<\/div>","protected":false},"excerpt":{"rendered":"<p>\u03a0\u03c1\u03bf\u03c3\u03c9\u03c0\u03b9\u03ba\u03ac \u0394\u03b5\u03b4\u03bf\u03bc\u03ad\u03bd\u03b1 \/ GDPR \u03a3\u03c5\u03bc\u03bc\u03cc\u03c1\u03c6\u03c9\u03c3\u03b7 \u03bc\u03b5 \u03c4\u03b7 \u039d\u03bf\u03bc\u03bf\u03b8\u03b5\u03c3\u03af\u03b1 GDPR \u0397 Belgomilk \u03ba\u03c1\u03af\u03bd\u03b5\u03b9 \u03c4\u03bf \u03b1\u03c0\u03cc\u03c1\u03c1\u03b7\u03c4\u03bf \u03b4\u03b5\u03b4\u03bf\u03bc\u03ad\u03bd\u03c9\u03bd \u03c9\u03c2 \u03ad\u03bd\u03b1 \u03b8\u03b5\u03bc\u03b5\u03bb\u03b9\u03ce\u03b4\u03b5\u03c2 \u03c3\u03c5\u03c3\u03c4\u03b1\u03c4\u03b9\u03ba\u03cc \u03c3\u03c4\u03bf\u03b9\u03c7\u03b5\u03af\u03bf \u03c4\u03b7\u03c2 \u03b5\u03c0\u03b9\u03c7\u03b5\u03b9\u03c1\u03b7\u03bc\u03b1\u03c4\u03b9\u03ba\u03ae\u03c2 \u03b4\u03c1\u03b1\u03c3\u03c4\u03b7\u03c1\u03b9\u03cc\u03c4\u03b7\u03c4\u03b1\u03c2. \u0397 \u03c0\u03bf\u03bb\u03b9\u03c4\u03b9\u03ba\u03ae \u03b1\u03c0\u03bf\u03c1\u03c1\u03ae\u03c4\u03bf\u03c5 \u03bc\u03b1\u03c2 \u03ba\u03b1\u03b9 \u03bf\u03b9 \u03c0\u03c1\u03b1\u03ba\u03c4\u03b9\u03ba\u03ad\u03c2 \u03bc\u03b1\u03c2 \u03b5\u03c3\u03c4\u03b9\u03ac\u03b6\u03bf\u03c5\u03bd \u03c3\u03c4\u03b7\u03bd \u03b5\u03c0\u03b5\u03be\u03b5\u03c1\u03b3\u03b1\u03c3\u03af\u03b1, \u03c3\u03c4\u03bf \u03bc\u03bf\u03af\u03c1\u03b1\u03c3\u03bc\u03b1 \u03ba\u03b1\u03b9 \u03c3\u03c4\u03b7\u03bd \u03b1\u03c0\u03bf\u03b8\u03ae\u03ba\u03b5\u03c5\u03c3\u03b7 \u03c0\u03c1\u03bf\u03c3\u03c9\u03c0\u03b9\u03ba\u03ce\u03bd \u03c0\u03bb\u03b7\u03c1\u03bf\u03c6\u03bf\u03c1\u03b9\u03ce\u03bd \u03ba\u03b1\u03c4\u03ac\u03bb\u03bb\u03b7\u03bb\u03b1 \u03ba\u03b1\u03b9 \u03bd\u03cc\u03bc\u03b9\u03bc\u03b1, \u03b5\u03bd\u03ce \u03c7\u03bf\u03c1\u03b7\u03b3\u03bf\u03cd\u03bd \u03b1\u03c0\u03cc\u03c1\u03c1\u03b7\u03c4\u03bf, \u03b1\u03ba\u03b5\u03c1\u03b1\u03b9\u03cc\u03c4\u03b7\u03c4\u03b1 \u03ba\u03b1\u03b9 \u03b4\u03b9\u03b1\u03b8\u03b5\u03c3\u03b9\u03bc\u03cc\u03c4\u03b7\u03c4\u03b1. \u0391\u03c5\u03c4\u03ae \u03b7 \u03c0\u03bf\u03bb\u03b9\u03c4\u03b9\u03ba\u03ae \u03b1\u03c0\u03bf\u03c1\u03c1\u03ae\u03c4\u03bf\u03c5 \u03b5\u03c6\u03b1\u03c1\u03bc\u03cc\u03b6\u03b5\u03c4\u03b1\u03b9 [&hellip;]<\/p>","protected":false},"author":2,"featured_media":0,"parent":0,"menu_order":0,"comment_status":"closed","ping_status":"closed","template":"","meta":{"footnotes":""},"class_list":["post-1328","page","type-page","status-publish","hentry"],"yoast_head":"<!-- This site is optimized with the Yoast SEO plugin v18.9 - https:\/\/yoast.com\/wordpress\/plugins\/seo\/ -->\n<title>\u03a0\u03c1\u03bf\u03c3\u03c9\u03c0\u03b9\u03ba\u03ac \u0394\u03b5\u03b4\u03bf\u03bc\u03ad\u03bd\u03b1 \/ GDPR - BelgoMilk<\/title>\n<meta name=\"robots\" content=\"index, follow, max-snippet:-1, max-image-preview:large, max-video-preview:-1\" \/>\n<link rel=\"canonical\" href=\"https:\/\/belgomilk.gr\/fr\/proswpika-dedomena-gdpr\/\" \/>\n<meta property=\"og:locale\" content=\"fr_FR\" \/>\n<meta property=\"og:type\" content=\"article\" \/>\n<meta property=\"og:title\" content=\"\u03a0\u03c1\u03bf\u03c3\u03c9\u03c0\u03b9\u03ba\u03ac \u0394\u03b5\u03b4\u03bf\u03bc\u03ad\u03bd\u03b1 \/ GDPR - BelgoMilk\" \/>\n<meta property=\"og:description\" content=\"\u03a0\u03c1\u03bf\u03c3\u03c9\u03c0\u03b9\u03ba\u03ac \u0394\u03b5\u03b4\u03bf\u03bc\u03ad\u03bd\u03b1 \/ GDPR \u03a3\u03c5\u03bc\u03bc\u03cc\u03c1\u03c6\u03c9\u03c3\u03b7 \u03bc\u03b5 \u03c4\u03b7 \u039d\u03bf\u03bc\u03bf\u03b8\u03b5\u03c3\u03af\u03b1 GDPR \u0397 Belgomilk \u03ba\u03c1\u03af\u03bd\u03b5\u03b9 \u03c4\u03bf \u03b1\u03c0\u03cc\u03c1\u03c1\u03b7\u03c4\u03bf \u03b4\u03b5\u03b4\u03bf\u03bc\u03ad\u03bd\u03c9\u03bd \u03c9\u03c2 \u03ad\u03bd\u03b1 \u03b8\u03b5\u03bc\u03b5\u03bb\u03b9\u03ce\u03b4\u03b5\u03c2 \u03c3\u03c5\u03c3\u03c4\u03b1\u03c4\u03b9\u03ba\u03cc \u03c3\u03c4\u03bf\u03b9\u03c7\u03b5\u03af\u03bf \u03c4\u03b7\u03c2 \u03b5\u03c0\u03b9\u03c7\u03b5\u03b9\u03c1\u03b7\u03bc\u03b1\u03c4\u03b9\u03ba\u03ae\u03c2 \u03b4\u03c1\u03b1\u03c3\u03c4\u03b7\u03c1\u03b9\u03cc\u03c4\u03b7\u03c4\u03b1\u03c2. \u0397 \u03c0\u03bf\u03bb\u03b9\u03c4\u03b9\u03ba\u03ae \u03b1\u03c0\u03bf\u03c1\u03c1\u03ae\u03c4\u03bf\u03c5 \u03bc\u03b1\u03c2 \u03ba\u03b1\u03b9 \u03bf\u03b9 \u03c0\u03c1\u03b1\u03ba\u03c4\u03b9\u03ba\u03ad\u03c2 \u03bc\u03b1\u03c2 \u03b5\u03c3\u03c4\u03b9\u03ac\u03b6\u03bf\u03c5\u03bd \u03c3\u03c4\u03b7\u03bd \u03b5\u03c0\u03b5\u03be\u03b5\u03c1\u03b3\u03b1\u03c3\u03af\u03b1, \u03c3\u03c4\u03bf \u03bc\u03bf\u03af\u03c1\u03b1\u03c3\u03bc\u03b1 \u03ba\u03b1\u03b9 \u03c3\u03c4\u03b7\u03bd \u03b1\u03c0\u03bf\u03b8\u03ae\u03ba\u03b5\u03c5\u03c3\u03b7 \u03c0\u03c1\u03bf\u03c3\u03c9\u03c0\u03b9\u03ba\u03ce\u03bd \u03c0\u03bb\u03b7\u03c1\u03bf\u03c6\u03bf\u03c1\u03b9\u03ce\u03bd \u03ba\u03b1\u03c4\u03ac\u03bb\u03bb\u03b7\u03bb\u03b1 \u03ba\u03b1\u03b9 \u03bd\u03cc\u03bc\u03b9\u03bc\u03b1, \u03b5\u03bd\u03ce \u03c7\u03bf\u03c1\u03b7\u03b3\u03bf\u03cd\u03bd \u03b1\u03c0\u03cc\u03c1\u03c1\u03b7\u03c4\u03bf, \u03b1\u03ba\u03b5\u03c1\u03b1\u03b9\u03cc\u03c4\u03b7\u03c4\u03b1 \u03ba\u03b1\u03b9 \u03b4\u03b9\u03b1\u03b8\u03b5\u03c3\u03b9\u03bc\u03cc\u03c4\u03b7\u03c4\u03b1. \u0391\u03c5\u03c4\u03ae \u03b7 \u03c0\u03bf\u03bb\u03b9\u03c4\u03b9\u03ba\u03ae \u03b1\u03c0\u03bf\u03c1\u03c1\u03ae\u03c4\u03bf\u03c5 \u03b5\u03c6\u03b1\u03c1\u03bc\u03cc\u03b6\u03b5\u03c4\u03b1\u03b9 [&hellip;]\" \/>\n<meta property=\"og:url\" content=\"https:\/\/belgomilk.gr\/fr\/proswpika-dedomena-gdpr\/\" \/>\n<meta property=\"og:site_name\" content=\"BelgoMilk\" \/>\n<meta property=\"article:modified_time\" content=\"2023-02-28T08:37:34+00:00\" \/>\n<meta name=\"twitter:card\" content=\"summary_large_image\" \/>\n<meta name=\"twitter:label1\" content=\"Dur\u00e9e de lecture estim\u00e9e\" \/>\n\t<meta name=\"twitter:data1\" content=\"8 minutes\" \/>\n<script type=\"application\/ld+json\" class=\"yoast-schema-graph\">{\"@context\":\"https:\/\/schema.org\",\"@graph\":[{\"@type\":\"WebSite\",\"@id\":\"https:\/\/belgomilk.gr\/#website\",\"url\":\"https:\/\/belgomilk.gr\/\",\"name\":\"BelgoMilk\",\"description\":\"\u0395\u03be\u03bf\u03c0\u03bb\u03b9\u03c3\u03bc\u03cc\u03c2 \u03b3\u03b9\u03b1 \u03a3\u03cd\u03b3\u03c7\u03c1\u03bf\u03bd\u03b5\u03c2 \u039a\u03c4\u03b7\u03bd\u03bf\u03c4\u03c1\u03bf\u03c6\u03b9\u03ba\u03ad\u03c2 &amp; \u0393\u03b1\u03bb\u03b1\u03ba\u03c4\u03bf\u03b2\u03b9\u03bf\u03bc\u03b7\u03c7\u03b1\u03bd\u03b9\u03ba\u03ad\u03c2 \u039c\u03bf\u03bd\u03ac\u03b4\u03b5\u03c2\",\"potentialAction\":[{\"@type\":\"SearchAction\",\"target\":{\"@type\":\"EntryPoint\",\"urlTemplate\":\"https:\/\/belgomilk.gr\/?s={search_term_string}\"},\"query-input\":\"required name=search_term_string\"}],\"inLanguage\":\"fr-FR\"},{\"@type\":\"WebPage\",\"@id\":\"https:\/\/belgomilk.gr\/proswpika-dedomena-gdpr\/#webpage\",\"url\":\"https:\/\/belgomilk.gr\/proswpika-dedomena-gdpr\/\",\"name\":\"\u03a0\u03c1\u03bf\u03c3\u03c9\u03c0\u03b9\u03ba\u03ac \u0394\u03b5\u03b4\u03bf\u03bc\u03ad\u03bd\u03b1 \/ GDPR - BelgoMilk\",\"isPartOf\":{\"@id\":\"https:\/\/belgomilk.gr\/#website\"},\"datePublished\":\"2023-02-28T08:22:14+00:00\",\"dateModified\":\"2023-02-28T08:37:34+00:00\",\"breadcrumb\":{\"@id\":\"https:\/\/belgomilk.gr\/proswpika-dedomena-gdpr\/#breadcrumb\"},\"inLanguage\":\"fr-FR\",\"potentialAction\":[{\"@type\":\"ReadAction\",\"target\":[\"https:\/\/belgomilk.gr\/proswpika-dedomena-gdpr\/\"]}]},{\"@type\":\"BreadcrumbList\",\"@id\":\"https:\/\/belgomilk.gr\/proswpika-dedomena-gdpr\/#breadcrumb\",\"itemListElement\":[{\"@type\":\"ListItem\",\"position\":1,\"name\":\"\u0391\u03c1\u03c7\u03b9\u03ba\u03ae\",\"item\":\"https:\/\/belgomilk.gr\/\"},{\"@type\":\"ListItem\",\"position\":2,\"name\":\"\u03a0\u03c1\u03bf\u03c3\u03c9\u03c0\u03b9\u03ba\u03ac \u0394\u03b5\u03b4\u03bf\u03bc\u03ad\u03bd\u03b1 \/ GDPR\"}]}]}<\/script>\n<!-- \/ Yoast SEO plugin. -->","yoast_head_json":{"title":"\u03a0\u03c1\u03bf\u03c3\u03c9\u03c0\u03b9\u03ba\u03ac \u0394\u03b5\u03b4\u03bf\u03bc\u03ad\u03bd\u03b1 \/ GDPR - BelgoMilk","robots":{"index":"index","follow":"follow","max-snippet":"max-snippet:-1","max-image-preview":"max-image-preview:large","max-video-preview":"max-video-preview:-1"},"canonical":"https:\/\/belgomilk.gr\/fr\/proswpika-dedomena-gdpr\/","og_locale":"fr_FR","og_type":"article","og_title":"\u03a0\u03c1\u03bf\u03c3\u03c9\u03c0\u03b9\u03ba\u03ac \u0394\u03b5\u03b4\u03bf\u03bc\u03ad\u03bd\u03b1 \/ GDPR - BelgoMilk","og_description":"\u03a0\u03c1\u03bf\u03c3\u03c9\u03c0\u03b9\u03ba\u03ac \u0394\u03b5\u03b4\u03bf\u03bc\u03ad\u03bd\u03b1 \/ GDPR \u03a3\u03c5\u03bc\u03bc\u03cc\u03c1\u03c6\u03c9\u03c3\u03b7 \u03bc\u03b5 \u03c4\u03b7 \u039d\u03bf\u03bc\u03bf\u03b8\u03b5\u03c3\u03af\u03b1 GDPR \u0397 Belgomilk \u03ba\u03c1\u03af\u03bd\u03b5\u03b9 \u03c4\u03bf \u03b1\u03c0\u03cc\u03c1\u03c1\u03b7\u03c4\u03bf \u03b4\u03b5\u03b4\u03bf\u03bc\u03ad\u03bd\u03c9\u03bd \u03c9\u03c2 \u03ad\u03bd\u03b1 \u03b8\u03b5\u03bc\u03b5\u03bb\u03b9\u03ce\u03b4\u03b5\u03c2 \u03c3\u03c5\u03c3\u03c4\u03b1\u03c4\u03b9\u03ba\u03cc \u03c3\u03c4\u03bf\u03b9\u03c7\u03b5\u03af\u03bf \u03c4\u03b7\u03c2 \u03b5\u03c0\u03b9\u03c7\u03b5\u03b9\u03c1\u03b7\u03bc\u03b1\u03c4\u03b9\u03ba\u03ae\u03c2 \u03b4\u03c1\u03b1\u03c3\u03c4\u03b7\u03c1\u03b9\u03cc\u03c4\u03b7\u03c4\u03b1\u03c2. \u0397 \u03c0\u03bf\u03bb\u03b9\u03c4\u03b9\u03ba\u03ae \u03b1\u03c0\u03bf\u03c1\u03c1\u03ae\u03c4\u03bf\u03c5 \u03bc\u03b1\u03c2 \u03ba\u03b1\u03b9 \u03bf\u03b9 \u03c0\u03c1\u03b1\u03ba\u03c4\u03b9\u03ba\u03ad\u03c2 \u03bc\u03b1\u03c2 \u03b5\u03c3\u03c4\u03b9\u03ac\u03b6\u03bf\u03c5\u03bd \u03c3\u03c4\u03b7\u03bd \u03b5\u03c0\u03b5\u03be\u03b5\u03c1\u03b3\u03b1\u03c3\u03af\u03b1, \u03c3\u03c4\u03bf \u03bc\u03bf\u03af\u03c1\u03b1\u03c3\u03bc\u03b1 \u03ba\u03b1\u03b9 \u03c3\u03c4\u03b7\u03bd \u03b1\u03c0\u03bf\u03b8\u03ae\u03ba\u03b5\u03c5\u03c3\u03b7 \u03c0\u03c1\u03bf\u03c3\u03c9\u03c0\u03b9\u03ba\u03ce\u03bd \u03c0\u03bb\u03b7\u03c1\u03bf\u03c6\u03bf\u03c1\u03b9\u03ce\u03bd \u03ba\u03b1\u03c4\u03ac\u03bb\u03bb\u03b7\u03bb\u03b1 \u03ba\u03b1\u03b9 \u03bd\u03cc\u03bc\u03b9\u03bc\u03b1, \u03b5\u03bd\u03ce \u03c7\u03bf\u03c1\u03b7\u03b3\u03bf\u03cd\u03bd \u03b1\u03c0\u03cc\u03c1\u03c1\u03b7\u03c4\u03bf, \u03b1\u03ba\u03b5\u03c1\u03b1\u03b9\u03cc\u03c4\u03b7\u03c4\u03b1 \u03ba\u03b1\u03b9 \u03b4\u03b9\u03b1\u03b8\u03b5\u03c3\u03b9\u03bc\u03cc\u03c4\u03b7\u03c4\u03b1. \u0391\u03c5\u03c4\u03ae \u03b7 \u03c0\u03bf\u03bb\u03b9\u03c4\u03b9\u03ba\u03ae \u03b1\u03c0\u03bf\u03c1\u03c1\u03ae\u03c4\u03bf\u03c5 \u03b5\u03c6\u03b1\u03c1\u03bc\u03cc\u03b6\u03b5\u03c4\u03b1\u03b9 [&hellip;]","og_url":"https:\/\/belgomilk.gr\/fr\/proswpika-dedomena-gdpr\/","og_site_name":"BelgoMilk","article_modified_time":"2023-02-28T08:37:34+00:00","twitter_card":"summary_large_image","twitter_misc":{"Dur\u00e9e de lecture estim\u00e9e":"8 minutes"},"schema":{"@context":"https:\/\/schema.org","@graph":[{"@type":"WebSite","@id":"https:\/\/belgomilk.gr\/#website","url":"https:\/\/belgomilk.gr\/","name":"BelgoMilk","description":"\u0395\u03be\u03bf\u03c0\u03bb\u03b9\u03c3\u03bc\u03cc\u03c2 \u03b3\u03b9\u03b1 \u03a3\u03cd\u03b3\u03c7\u03c1\u03bf\u03bd\u03b5\u03c2 \u039a\u03c4\u03b7\u03bd\u03bf\u03c4\u03c1\u03bf\u03c6\u03b9\u03ba\u03ad\u03c2 &amp; \u0393\u03b1\u03bb\u03b1\u03ba\u03c4\u03bf\u03b2\u03b9\u03bf\u03bc\u03b7\u03c7\u03b1\u03bd\u03b9\u03ba\u03ad\u03c2 \u039c\u03bf\u03bd\u03ac\u03b4\u03b5\u03c2","potentialAction":[{"@type":"SearchAction","target":{"@type":"EntryPoint","urlTemplate":"https:\/\/belgomilk.gr\/?s={search_term_string}"},"query-input":"required name=search_term_string"}],"inLanguage":"fr-FR"},{"@type":"WebPage","@id":"https:\/\/belgomilk.gr\/proswpika-dedomena-gdpr\/#webpage","url":"https:\/\/belgomilk.gr\/proswpika-dedomena-gdpr\/","name":"\u03a0\u03c1\u03bf\u03c3\u03c9\u03c0\u03b9\u03ba\u03ac \u0394\u03b5\u03b4\u03bf\u03bc\u03ad\u03bd\u03b1 \/ GDPR - BelgoMilk","isPartOf":{"@id":"https:\/\/belgomilk.gr\/#website"},"datePublished":"2023-02-28T08:22:14+00:00","dateModified":"2023-02-28T08:37:34+00:00","breadcrumb":{"@id":"https:\/\/belgomilk.gr\/proswpika-dedomena-gdpr\/#breadcrumb"},"inLanguage":"fr-FR","potentialAction":[{"@type":"ReadAction","target":["https:\/\/belgomilk.gr\/proswpika-dedomena-gdpr\/"]}]},{"@type":"BreadcrumbList","@id":"https:\/\/belgomilk.gr\/proswpika-dedomena-gdpr\/#breadcrumb","itemListElement":[{"@type":"ListItem","position":1,"name":"\u0391\u03c1\u03c7\u03b9\u03ba\u03ae","item":"https:\/\/belgomilk.gr\/"},{"@type":"ListItem","position":2,"name":"\u03a0\u03c1\u03bf\u03c3\u03c9\u03c0\u03b9\u03ba\u03ac \u0394\u03b5\u03b4\u03bf\u03bc\u03ad\u03bd\u03b1 \/ GDPR"}]}]}},"_links":{"self":[{"href":"https:\/\/belgomilk.gr\/fr\/wp-json\/wp\/v2\/pages\/1328","targetHints":{"allow":["GET"]}}],"collection":[{"href":"https:\/\/belgomilk.gr\/fr\/wp-json\/wp\/v2\/pages"}],"about":[{"href":"https:\/\/belgomilk.gr\/fr\/wp-json\/wp\/v2\/types\/page"}],"author":[{"embeddable":true,"href":"https:\/\/belgomilk.gr\/fr\/wp-json\/wp\/v2\/users\/2"}],"replies":[{"embeddable":true,"href":"https:\/\/belgomilk.gr\/fr\/wp-json\/wp\/v2\/comments?post=1328"}],"version-history":[{"count":9,"href":"https:\/\/belgomilk.gr\/fr\/wp-json\/wp\/v2\/pages\/1328\/revisions"}],"predecessor-version":[{"id":1348,"href":"https:\/\/belgomilk.gr\/fr\/wp-json\/wp\/v2\/pages\/1328\/revisions\/1348"}],"wp:attachment":[{"href":"https:\/\/belgomilk.gr\/fr\/wp-json\/wp\/v2\/media?parent=1328"}],"curies":[{"name":"wp","href":"https:\/\/api.w.org\/{rel}","templated":true}]}}