{"id":1141,"date":"2023-02-09T12:38:52","date_gmt":"2023-02-09T10:38:52","guid":{"rendered":"https:\/\/belgomilk.gr\/newsite\/?post_type=product&#038;p=1141"},"modified":"2023-02-09T12:38:52","modified_gmt":"2023-02-09T10:38:52","slug":"%cf%83%cf%85%ce%bc%ce%b2%ce%b1%cf%84%ce%b9%ce%ba%ce%ac-%ce%ba%cf%84%ce%af%cf%81%ce%b9%ce%b1","status":"publish","type":"product","link":"https:\/\/belgomilk.gr\/fr\/product\/%cf%83%cf%85%ce%bc%ce%b2%ce%b1%cf%84%ce%b9%ce%ba%ce%ac-%ce%ba%cf%84%ce%af%cf%81%ce%b9%ce%b1\/","title":{"rendered":"B\u00e2timents conventionnels"},"content":{"rendered":"<div id=\"node-150\" class=\"node node-article clearfix\">\n<div class=\"field field-name-body field-type-text-with-summary field-label-hidden\">\n<div class=\"field-items\">\n<div class=\"field-item even\">\n<p><strong>Avantages des b\u00e2timents m\u00e9talliques<\/strong><\/p>\n<p>Parmi les avantages des b\u00e2timents m\u00e9talliques, on notera leur construction \u00e9l\u00e9gante et parasismique peu co\u00fbteuse et rapide \u00e0 r\u00e9aliser, ainsi que la possibilit\u00e9 d'un futur agrandissement<\/p>\n<p>La charpente m\u00e9tallique est couverte des panneaux en polyur\u00e9thane pour assurer une isolation thermique efficace, l'espace est \u00e9clair\u00e9 par le toit et les fen\u00eatres lat\u00e9rales, la construction est \u00e9quip\u00e9e des portes industrielles, des goutti\u00e8res, des accessoires sp\u00e9ciaux etc.<\/p>\n<p>Les panneaux se composent de deux t\u00f4les d'acier, s\u00e9par\u00e9s par une isolation en polyur\u00e9thane. Ils sont interconnect\u00e9s de fa\u00e7on tr\u00e8s simple, avec l'herm\u00e9tisation garantie. Leur \u00e9tanch\u00e9it\u00e9 est assur\u00e9e davantage par une mousse plastique incorpor\u00e9e pour emp\u00eacher la p\u00e9n\u00e9tration de l'air et de la poussi\u00e8re.<\/p>\n<p>Polyur\u00e9thane \u00e9cologique (sans fr\u00e9on), auto-extinguible, classe B2 selon la norme DIN 4102, et non-hygroscopique (95% cellules ferm\u00e9es, absorption d'eau inf\u00e9rieure \u00e0 3% en volume).<br \/>\nDensit\u00e9: 40 kg \/ m\u00e8tre cube<br \/>\nCoefficient de conductivit\u00e9 thermique : \u03bb=0,017 kcal\/mh\u00b0C<\/p>\n<\/div>\n<\/div>\n<\/div>\n<div id=\"shr_canvas1\" class=\"shareaholic-canvas shareaholic-resolved-canvas shareaholic-ui\" data-app-id=\"21454319\" data-app-id-name=\"article_below_content\" data-app=\"share_buttons\" data-title=\"\u03a3\u03c5\u03bc\u03b2\u03b1\u03c4\u03b9\u03ba\u03ac \u039a\u03c4\u03af\u03c1\u03b9\u03b1\" data-link=\"https:\/\/belgomilk.gr\/el\/proionta\/symvatika-ktiria\" data-summary=\"\">\n<div translate=\"no\">\n<div class=\"shareaholic-share-buttons-container shareaholic-ui shr-no-print shareaholic-flat shareaholic- shareaholic- shareaholic- shareaholic- shareaholic- shareaholic-left-align shareaholic-flat  shareaholic-mini\">\n<div class=\"shareaholic-share-buttons-wrapper shareaholic-ui\">\n<div class=\"shareaholic-share-buttons-animation-wrapper\">\n<div class=\"shareaholic-share-buttons-heading shareaholic-custom\">\n<div class=\"shareaholic-share-buttons-heading-text\"><\/div>\n<\/div>\n<ul class=\"shareaholic-share-buttons shareaholic-no-margin-padding-important\">\n<li class=\"shareaholic-share-button\" title=\"Twitter\" data-service=\"twitter\">\n<div class=\"shareaholic-share-button-container shr-outline\" tabindex=\"0\" role=\"button\" aria-label=\"Tweet to Twitter\">\n<div class=\"shareaholic-share-button-sizing\"><\/div>\n<\/div>\n<\/li>\n<li class=\"shareaholic-share-button\" title=\"Facebook\" data-service=\"facebook\">\n<div class=\"shareaholic-share-button-container shr-outline\" tabindex=\"0\" role=\"button\" aria-label=\"Share to Facebook\">\n<div class=\"shareaholic-share-button-sizing\"><\/div>\n<\/div>\n<\/li>\n<li class=\"shareaholic-share-button\" title=\"Email This\" data-service=\"email_this\">\n<div class=\"shareaholic-share-button-container shr-outline\" tabindex=\"0\" role=\"button\" aria-label=\"Mail to Email This\">\n<div class=\"shareaholic-share-button-sizing\"><\/div>\n<\/div>\n<\/li>\n<li class=\"shareaholic-share-button shareaholic-share-button-all\" title=\"More Options\" data-service=\"all\">\n<div class=\"shareaholic-share-button-container shr-outline\" tabindex=\"0\" role=\"button\" aria-label=\"Share to More Options\">\n<div class=\"shareaholic-share-button-sizing\"><\/div>\n<\/div>\n<\/li>\n<\/ul>\n<\/div>\n<\/div>\n<\/div>\n<\/div>\n<\/div>\n<\/div>\n<div class=\"view view--endvo-block-section-content view-id-_endvo_block_section_content view-display-id-block_2 view-dom-id-7aa73cf6cd3fea9a3a8bacc47d2bf836\">\n<div class=\"view-content\"><\/div>\n<\/div>","protected":false},"excerpt":{"rendered":"<p><strong>Avantages des b\u00e2timents m\u00e9talliques<\/strong><\/p>\n<p>Les avantages des b\u00e2timents m\u00e9talliques sont \u00e9conomiques, rapides, \u00e9l\u00e9gants et antisismiques<\/p>","protected":false},"featured_media":1142,"template":"","meta":[],"product_cat":[24],"product_tag":[],"class_list":["post-1141","product","type-product","status-publish","has-post-thumbnail","hentry","product_cat-kthnotrofikes-monades"],"yoast_head":"<!-- This site is optimized with the Yoast SEO plugin v18.9 - https:\/\/yoast.com\/wordpress\/plugins\/seo\/ -->\n<title>\u03a3\u03c5\u03bc\u03b2\u03b1\u03c4\u03b9\u03ba\u03ac \u039a\u03c4\u03af\u03c1\u03b9\u03b1 - BelgoMilk<\/title>\n<meta name=\"robots\" content=\"index, follow, max-snippet:-1, max-image-preview:large, max-video-preview:-1\" \/>\n<link rel=\"canonical\" href=\"https:\/\/belgomilk.gr\/fr\/produit\/\u03c3\u03c5\u03bc\u03b2\u03b1\u03c4\u03b9\u03ba\u03ac-\u03ba\u03c4\u03af\u03c1\u03b9\u03b1\/\" \/>\n<meta property=\"og:locale\" content=\"fr_FR\" \/>\n<meta property=\"og:type\" content=\"article\" \/>\n<meta property=\"og:title\" content=\"\u03a3\u03c5\u03bc\u03b2\u03b1\u03c4\u03b9\u03ba\u03ac \u039a\u03c4\u03af\u03c1\u03b9\u03b1 - BelgoMilk\" \/>\n<meta property=\"og:description\" content=\"\u03a0\u03bb\u03b5\u03bf\u03bd\u03b5\u03ba\u03c4\u03ae\u03bc\u03b1\u03c4\u03b1 \u03bc\u03b5\u03c4\u03b1\u03bb\u03bb\u03b9\u03ba\u03ce\u03bd \u039a\u03c4\u03b9\u03c1\u03af\u03c9\u03bd  \u03a0\u03bb\u03b5\u03bf\u03bd\u03b5\u03ba\u03c4\u03ae\u03bc\u03b1\u03c4\u03b1 \u03c4\u03c9\u03bd \u03bc\u03b5\u03c4\u03b1\u03bb\u03bb\u03b9\u03ba\u03ce\u03bd \u039a\u03c4\u03b9\u03c1\u03af\u03c9\u03bd\u00a0 \u03b5\u03af\u03bd\u03b1\u03b9 \u03b7 \u03bf\u03b9\u03ba\u03bf\u03bd\u03bf\u03bc\u03b9\u03ba\u03ae, \u03b3\u03c1\u03ae\u03b3\u03bf\u03c1\u03b7, \u03ba\u03b1\u03bb\u03b1\u03af\u03c3\u03b8\u03b7\u03c4\u03b7 \u03ba\u03b1\u03b9 \u03b1\u03bd\u03c4\u03b9\u03c3\u03b5\u03b9\u03c3\u03bc\u03b9\u03ba\u03ae\" \/>\n<meta property=\"og:url\" content=\"https:\/\/belgomilk.gr\/fr\/produit\/\u03c3\u03c5\u03bc\u03b2\u03b1\u03c4\u03b9\u03ba\u03ac-\u03ba\u03c4\u03af\u03c1\u03b9\u03b1\/\" \/>\n<meta property=\"og:site_name\" content=\"BelgoMilk\" \/>\n<meta property=\"og:image\" content=\"https:\/\/belgomilk.gr\/wp-content\/uploads\/2023\/02\/cat2.jpg\" \/>\n\t<meta property=\"og:image:width\" content=\"480\" \/>\n\t<meta property=\"og:image:height\" content=\"320\" \/>\n\t<meta property=\"og:image:type\" content=\"image\/jpeg\" \/>\n<meta name=\"twitter:card\" content=\"summary_large_image\" \/>\n<script type=\"application\/ld+json\" class=\"yoast-schema-graph\">{\"@context\":\"https:\/\/schema.org\",\"@graph\":[{\"@type\":\"WebSite\",\"@id\":\"https:\/\/belgomilk.gr\/#website\",\"url\":\"https:\/\/belgomilk.gr\/\",\"name\":\"BelgoMilk\",\"description\":\"\u0395\u03be\u03bf\u03c0\u03bb\u03b9\u03c3\u03bc\u03cc\u03c2 \u03b3\u03b9\u03b1 \u03a3\u03cd\u03b3\u03c7\u03c1\u03bf\u03bd\u03b5\u03c2 \u039a\u03c4\u03b7\u03bd\u03bf\u03c4\u03c1\u03bf\u03c6\u03b9\u03ba\u03ad\u03c2 &amp; \u0393\u03b1\u03bb\u03b1\u03ba\u03c4\u03bf\u03b2\u03b9\u03bf\u03bc\u03b7\u03c7\u03b1\u03bd\u03b9\u03ba\u03ad\u03c2 \u039c\u03bf\u03bd\u03ac\u03b4\u03b5\u03c2\",\"potentialAction\":[{\"@type\":\"SearchAction\",\"target\":{\"@type\":\"EntryPoint\",\"urlTemplate\":\"https:\/\/belgomilk.gr\/?s={search_term_string}\"},\"query-input\":\"required name=search_term_string\"}],\"inLanguage\":\"fr-FR\"},{\"@type\":\"ImageObject\",\"inLanguage\":\"fr-FR\",\"@id\":\"https:\/\/belgomilk.gr\/product\/%cf%83%cf%85%ce%bc%ce%b2%ce%b1%cf%84%ce%b9%ce%ba%ce%ac-%ce%ba%cf%84%ce%af%cf%81%ce%b9%ce%b1\/#primaryimage\",\"url\":\"https:\/\/belgomilk.gr\/wp-content\/uploads\/2023\/02\/cat2.jpg\",\"contentUrl\":\"https:\/\/belgomilk.gr\/wp-content\/uploads\/2023\/02\/cat2.jpg\",\"width\":480,\"height\":320},{\"@type\":\"WebPage\",\"@id\":\"https:\/\/belgomilk.gr\/product\/%cf%83%cf%85%ce%bc%ce%b2%ce%b1%cf%84%ce%b9%ce%ba%ce%ac-%ce%ba%cf%84%ce%af%cf%81%ce%b9%ce%b1\/#webpage\",\"url\":\"https:\/\/belgomilk.gr\/product\/%cf%83%cf%85%ce%bc%ce%b2%ce%b1%cf%84%ce%b9%ce%ba%ce%ac-%ce%ba%cf%84%ce%af%cf%81%ce%b9%ce%b1\/\",\"name\":\"\u03a3\u03c5\u03bc\u03b2\u03b1\u03c4\u03b9\u03ba\u03ac \u039a\u03c4\u03af\u03c1\u03b9\u03b1 - BelgoMilk\",\"isPartOf\":{\"@id\":\"https:\/\/belgomilk.gr\/#website\"},\"primaryImageOfPage\":{\"@id\":\"https:\/\/belgomilk.gr\/product\/%cf%83%cf%85%ce%bc%ce%b2%ce%b1%cf%84%ce%b9%ce%ba%ce%ac-%ce%ba%cf%84%ce%af%cf%81%ce%b9%ce%b1\/#primaryimage\"},\"datePublished\":\"2023-02-09T10:38:52+00:00\",\"dateModified\":\"2023-02-09T10:38:52+00:00\",\"breadcrumb\":{\"@id\":\"https:\/\/belgomilk.gr\/product\/%cf%83%cf%85%ce%bc%ce%b2%ce%b1%cf%84%ce%b9%ce%ba%ce%ac-%ce%ba%cf%84%ce%af%cf%81%ce%b9%ce%b1\/#breadcrumb\"},\"inLanguage\":\"fr-FR\",\"potentialAction\":[{\"@type\":\"ReadAction\",\"target\":[\"https:\/\/belgomilk.gr\/product\/%cf%83%cf%85%ce%bc%ce%b2%ce%b1%cf%84%ce%b9%ce%ba%ce%ac-%ce%ba%cf%84%ce%af%cf%81%ce%b9%ce%b1\/\"]}]},{\"@type\":\"BreadcrumbList\",\"@id\":\"https:\/\/belgomilk.gr\/product\/%cf%83%cf%85%ce%bc%ce%b2%ce%b1%cf%84%ce%b9%ce%ba%ce%ac-%ce%ba%cf%84%ce%af%cf%81%ce%b9%ce%b1\/#breadcrumb\",\"itemListElement\":[{\"@type\":\"ListItem\",\"position\":1,\"name\":\"\u0391\u03c1\u03c7\u03b9\u03ba\u03ae\",\"item\":\"https:\/\/belgomilk.gr\/\"},{\"@type\":\"ListItem\",\"position\":2,\"name\":\"\u039a\u03b1\u03c4\u03ac\u03c3\u03c4\u03b7\u03bc\u03b1\",\"item\":\"https:\/\/belgomilk.gr\/shop\/\"},{\"@type\":\"ListItem\",\"position\":3,\"name\":\"\u03a3\u03c5\u03bc\u03b2\u03b1\u03c4\u03b9\u03ba\u03ac \u039a\u03c4\u03af\u03c1\u03b9\u03b1\"}]}]}<\/script>\n<!-- \/ Yoast SEO plugin. -->","yoast_head_json":{"title":"\u03a3\u03c5\u03bc\u03b2\u03b1\u03c4\u03b9\u03ba\u03ac \u039a\u03c4\u03af\u03c1\u03b9\u03b1 - BelgoMilk","robots":{"index":"index","follow":"follow","max-snippet":"max-snippet:-1","max-image-preview":"max-image-preview:large","max-video-preview":"max-video-preview:-1"},"canonical":"https:\/\/belgomilk.gr\/fr\/produit\/\u03c3\u03c5\u03bc\u03b2\u03b1\u03c4\u03b9\u03ba\u03ac-\u03ba\u03c4\u03af\u03c1\u03b9\u03b1\/","og_locale":"fr_FR","og_type":"article","og_title":"\u03a3\u03c5\u03bc\u03b2\u03b1\u03c4\u03b9\u03ba\u03ac \u039a\u03c4\u03af\u03c1\u03b9\u03b1 - BelgoMilk","og_description":"\u03a0\u03bb\u03b5\u03bf\u03bd\u03b5\u03ba\u03c4\u03ae\u03bc\u03b1\u03c4\u03b1 \u03bc\u03b5\u03c4\u03b1\u03bb\u03bb\u03b9\u03ba\u03ce\u03bd \u039a\u03c4\u03b9\u03c1\u03af\u03c9\u03bd  \u03a0\u03bb\u03b5\u03bf\u03bd\u03b5\u03ba\u03c4\u03ae\u03bc\u03b1\u03c4\u03b1 \u03c4\u03c9\u03bd \u03bc\u03b5\u03c4\u03b1\u03bb\u03bb\u03b9\u03ba\u03ce\u03bd \u039a\u03c4\u03b9\u03c1\u03af\u03c9\u03bd\u00a0 \u03b5\u03af\u03bd\u03b1\u03b9 \u03b7 \u03bf\u03b9\u03ba\u03bf\u03bd\u03bf\u03bc\u03b9\u03ba\u03ae, \u03b3\u03c1\u03ae\u03b3\u03bf\u03c1\u03b7, \u03ba\u03b1\u03bb\u03b1\u03af\u03c3\u03b8\u03b7\u03c4\u03b7 \u03ba\u03b1\u03b9 \u03b1\u03bd\u03c4\u03b9\u03c3\u03b5\u03b9\u03c3\u03bc\u03b9\u03ba\u03ae","og_url":"https:\/\/belgomilk.gr\/fr\/produit\/\u03c3\u03c5\u03bc\u03b2\u03b1\u03c4\u03b9\u03ba\u03ac-\u03ba\u03c4\u03af\u03c1\u03b9\u03b1\/","og_site_name":"BelgoMilk","og_image":[{"width":480,"height":320,"url":"https:\/\/belgomilk.gr\/wp-content\/uploads\/2023\/02\/cat2.jpg","type":"image\/jpeg"}],"twitter_card":"summary_large_image","schema":{"@context":"https:\/\/schema.org","@graph":[{"@type":"WebSite","@id":"https:\/\/belgomilk.gr\/#website","url":"https:\/\/belgomilk.gr\/","name":"BelgoMilk","description":"\u0395\u03be\u03bf\u03c0\u03bb\u03b9\u03c3\u03bc\u03cc\u03c2 \u03b3\u03b9\u03b1 \u03a3\u03cd\u03b3\u03c7\u03c1\u03bf\u03bd\u03b5\u03c2 \u039a\u03c4\u03b7\u03bd\u03bf\u03c4\u03c1\u03bf\u03c6\u03b9\u03ba\u03ad\u03c2 &amp; \u0393\u03b1\u03bb\u03b1\u03ba\u03c4\u03bf\u03b2\u03b9\u03bf\u03bc\u03b7\u03c7\u03b1\u03bd\u03b9\u03ba\u03ad\u03c2 \u039c\u03bf\u03bd\u03ac\u03b4\u03b5\u03c2","potentialAction":[{"@type":"SearchAction","target":{"@type":"EntryPoint","urlTemplate":"https:\/\/belgomilk.gr\/?s={search_term_string}"},"query-input":"required name=search_term_string"}],"inLanguage":"fr-FR"},{"@type":"ImageObject","inLanguage":"fr-FR","@id":"https:\/\/belgomilk.gr\/product\/%cf%83%cf%85%ce%bc%ce%b2%ce%b1%cf%84%ce%b9%ce%ba%ce%ac-%ce%ba%cf%84%ce%af%cf%81%ce%b9%ce%b1\/#primaryimage","url":"https:\/\/belgomilk.gr\/wp-content\/uploads\/2023\/02\/cat2.jpg","contentUrl":"https:\/\/belgomilk.gr\/wp-content\/uploads\/2023\/02\/cat2.jpg","width":480,"height":320},{"@type":"WebPage","@id":"https:\/\/belgomilk.gr\/product\/%cf%83%cf%85%ce%bc%ce%b2%ce%b1%cf%84%ce%b9%ce%ba%ce%ac-%ce%ba%cf%84%ce%af%cf%81%ce%b9%ce%b1\/#webpage","url":"https:\/\/belgomilk.gr\/product\/%cf%83%cf%85%ce%bc%ce%b2%ce%b1%cf%84%ce%b9%ce%ba%ce%ac-%ce%ba%cf%84%ce%af%cf%81%ce%b9%ce%b1\/","name":"\u03a3\u03c5\u03bc\u03b2\u03b1\u03c4\u03b9\u03ba\u03ac \u039a\u03c4\u03af\u03c1\u03b9\u03b1 - BelgoMilk","isPartOf":{"@id":"https:\/\/belgomilk.gr\/#website"},"primaryImageOfPage":{"@id":"https:\/\/belgomilk.gr\/product\/%cf%83%cf%85%ce%bc%ce%b2%ce%b1%cf%84%ce%b9%ce%ba%ce%ac-%ce%ba%cf%84%ce%af%cf%81%ce%b9%ce%b1\/#primaryimage"},"datePublished":"2023-02-09T10:38:52+00:00","dateModified":"2023-02-09T10:38:52+00:00","breadcrumb":{"@id":"https:\/\/belgomilk.gr\/product\/%cf%83%cf%85%ce%bc%ce%b2%ce%b1%cf%84%ce%b9%ce%ba%ce%ac-%ce%ba%cf%84%ce%af%cf%81%ce%b9%ce%b1\/#breadcrumb"},"inLanguage":"fr-FR","potentialAction":[{"@type":"ReadAction","target":["https:\/\/belgomilk.gr\/product\/%cf%83%cf%85%ce%bc%ce%b2%ce%b1%cf%84%ce%b9%ce%ba%ce%ac-%ce%ba%cf%84%ce%af%cf%81%ce%b9%ce%b1\/"]}]},{"@type":"BreadcrumbList","@id":"https:\/\/belgomilk.gr\/product\/%cf%83%cf%85%ce%bc%ce%b2%ce%b1%cf%84%ce%b9%ce%ba%ce%ac-%ce%ba%cf%84%ce%af%cf%81%ce%b9%ce%b1\/#breadcrumb","itemListElement":[{"@type":"ListItem","position":1,"name":"\u0391\u03c1\u03c7\u03b9\u03ba\u03ae","item":"https:\/\/belgomilk.gr\/"},{"@type":"ListItem","position":2,"name":"\u039a\u03b1\u03c4\u03ac\u03c3\u03c4\u03b7\u03bc\u03b1","item":"https:\/\/belgomilk.gr\/shop\/"},{"@type":"ListItem","position":3,"name":"\u03a3\u03c5\u03bc\u03b2\u03b1\u03c4\u03b9\u03ba\u03ac \u039a\u03c4\u03af\u03c1\u03b9\u03b1"}]}]}},"_links":{"self":[{"href":"https:\/\/belgomilk.gr\/fr\/wp-json\/wp\/v2\/product\/1141","targetHints":{"allow":["GET"]}}],"collection":[{"href":"https:\/\/belgomilk.gr\/fr\/wp-json\/wp\/v2\/product"}],"about":[{"href":"https:\/\/belgomilk.gr\/fr\/wp-json\/wp\/v2\/types\/product"}],"wp:featuredmedia":[{"embeddable":true,"href":"https:\/\/belgomilk.gr\/fr\/wp-json\/wp\/v2\/media\/1142"}],"wp:attachment":[{"href":"https:\/\/belgomilk.gr\/fr\/wp-json\/wp\/v2\/media?parent=1141"}],"wp:term":[{"taxonomy":"product_cat","embeddable":true,"href":"https:\/\/belgomilk.gr\/fr\/wp-json\/wp\/v2\/product_cat?post=1141"},{"taxonomy":"product_tag","embeddable":true,"href":"https:\/\/belgomilk.gr\/fr\/wp-json\/wp\/v2\/product_tag?post=1141"}],"curies":[{"name":"wp","href":"https:\/\/api.w.org\/{rel}","templated":true}]}}