{"id":1171,"date":"2023-02-09T13:12:52","date_gmt":"2023-02-09T11:12:52","guid":{"rendered":"https:\/\/belgomilk.gr\/newsite\/?post_type=product&#038;p=1171"},"modified":"2023-02-09T13:15:29","modified_gmt":"2023-02-09T11:15:29","slug":"%cf%84%ce%b1%ce%b9%ce%bd%ce%af%ce%b1-%cf%84%cf%81%ce%bf%cf%86%ce%ae%cf%82","status":"publish","type":"product","link":"https:\/\/belgomilk.gr\/fr\/product\/%cf%84%ce%b1%ce%b9%ce%bd%ce%af%ce%b1-%cf%84%cf%81%ce%bf%cf%86%ce%ae%cf%82\/","title":{"rendered":"Tapis d\u2019alimentation"},"content":{"rendered":"<p>Nous assurons le confort des animaux pendant leur nutrition, ce qui est un facteur d\u00e9cisif pour leur rendement en lait. En m\u00eame temps, la chute de l'herbe au sol est r\u00e9duite au minimum pour une \u00e9conomie suppl\u00e9mentaire des aliments.<\/p>\n<p>Ce syst\u00e8me est \u00e9quip\u00e9 d'un r\u00e9gulateur de vitesse de la bande et d'une cellule photo\u00e9lectrique pour contr\u00f4ler la distribution du fourrage ensil\u00e9 et faciliter la gestion de la nutrition par le producteur. Le contr\u00f4le de la vitesse au m\u00e8tre pr\u00e8s est aussi possible, pour ajuster la quantit\u00e9 de nourriture par groupes d'animaux (BOX).<\/p>\n<p>La courroie du convoyeur des aliments est en PVC de qualit\u00e9 appropri\u00e9e avec deux couches de lin qui lui conf\u00e8rent une grande r\u00e9sistance aux conditions climatiques diverses.<\/p>","protected":false},"excerpt":{"rendered":"<p>\u0397 \u03ac\u03bd\u03b5\u03c3\u03b7 \u03c4\u03c9\u03bd \u03b6\u03ce\u03c9\u03bd \u03ba\u03b1\u03c4\u03b1 \u03c4\u03b7 \u03b4\u03b9\u03ac\u03c1\u03ba\u03b5\u03b9\u03b1 \u03b4\u03b9\u03b1\u03c4\u03c1\u03bf\u03c6\u03ae\u03c2 \u03c4\u03bf\u03c5\u03c2 \u03b5\u03af\u03bd\u03b1\u03b9 \u03ad\u03bd\u03b1\u03c2 \u03ba\u03c1\u03af\u03c3\u03b9\u03bc\u03bf\u03c2 \u03c0\u03b1\u03c1\u03ac\u03b3\u03bf\u03bd\u03c4\u03b1\u03c2 \u03c3\u03c4\u03b7\u03bd \u03b1\u03c0\u03bf\u03b4\u03bf\u03c4\u03b9\u03ba\u03cc\u03c4\u03b7\u03c4\u03b1 \u03b3\u03ac\u03bb\u03b1\u03ba\u03c4\u03bf\u03c2. \u0388\u03c4\u03c3\u03b9 \u03c0\u03b5\u03c1\u03b9\u03bf\u03c1\u03af\u03b6\u03b5\u03c4\u03b1\u03b9 \u03c3\u03c4\u03bf \u03b5\u03bb\u03ac\u03c7\u03b9\u03c3\u03c4\u03bf \u03b7 \u03b4\u03b9\u03b1\u03c3\u03c0\u03bf\u03c1\u03ac \u03c4\u03c9\u03bd \u03c5\u03c0\u03bf\u03bb\u03b5\u03b9\u03bc\u03ac\u03c4\u03c9\u03bd \u03c7\u03cc\u03c1\u03c4\u03bf\u03c5 \u03c3\u03c4\u03bf \u03ad\u03b4\u03b1\u03c6\u03bf\u03c2 \u03b5\u03be\u03b1\u03c3\u03c6\u03b1\u03bb\u03af\u03b6\u03bf\u03bd\u03c4\u03b1\u03c2 \u03c3\u03c5\u03b3\u03c7\u03c1\u03cc\u03bd\u03c9\u03c2 \u03bf\u03b9\u03ba\u03bf\u03bd\u03bf\u03bc\u03af\u03b1 \u03c4\u03c1\u03bf\u03c6\u03ae\u03c2. \u03a4\u03bf \u03c3\u03cd\u03c3\u03c4\u03b7\u03bc\u03b1 \u03b5\u03af\u03bd\u03b1\u03b9 \u03b5\u03be\u03bf\u03c0\u03bb\u03b9\u03c3\u03bc\u03ad\u03bd\u03bf \u03bc\u03b5 \u03c1\u03c5\u03b8\u03bc\u03b9\u03c3\u03c4\u03ae \u03c4\u03b1\u03c7\u03cd\u03c4\u03b7\u03c4\u03b1\u03c2 \u03c4\u03b7\u03c2 \u03c4\u03b1\u03b9\u03bd\u03af\u03b1\u03c2 \u03ba\u03b1\u03b9 \u03bc\u03b5 \u03c6\u03c9\u03c4\u03bf\u03ba\u03cd\u03c4\u03c4\u03b1\u03c1\u03bf \u03b5\u03bb\u03ad\u03b3\u03c7\u03bf\u03c5 \u03c0\u03b1\u03c1\u03bf\u03c7\u03ae\u03c2 \u03c4\u03c1\u03bf\u03c6\u03ae\u03c2 \u03b1\u03c0\u03bf \u03c4\u03bf \u03c3\u03b9\u03bb\u03cc \u03ae \u03c4\u03bf\u03bd \u03b5\u03bd\u03c3\u03c5\u03c1\u03bf\u03b4\u03b9\u03b1\u03bd\u03bf\u03bc\u03ad\u03b1, \u03ad\u03c4\u03c3\u03b9 \u03ce\u03c3\u03c4\u03b5 \u03bd\u03b1 [&hellip;]<\/p>","protected":false},"featured_media":1172,"template":"","meta":[],"product_cat":[24],"product_tag":[],"class_list":["post-1171","product","type-product","status-publish","has-post-thumbnail","hentry","product_cat-kthnotrofikes-monades"],"yoast_head":"<!-- This site is optimized with the Yoast SEO plugin v18.9 - https:\/\/yoast.com\/wordpress\/plugins\/seo\/ -->\n<title>\u03a4\u03b1\u03b9\u03bd\u03af\u03b1 \u03a4\u03c1\u03bf\u03c6\u03ae\u03c2 - BelgoMilk<\/title>\n<meta name=\"robots\" content=\"index, follow, max-snippet:-1, max-image-preview:large, max-video-preview:-1\" \/>\n<link rel=\"canonical\" href=\"https:\/\/belgomilk.gr\/fr\/produit\/\u03c4\u03b1\u03b9\u03bd\u03af\u03b1-\u03c4\u03c1\u03bf\u03c6\u03ae\u03c2\/\" \/>\n<meta property=\"og:locale\" content=\"fr_FR\" \/>\n<meta property=\"og:type\" content=\"article\" \/>\n<meta property=\"og:title\" content=\"\u03a4\u03b1\u03b9\u03bd\u03af\u03b1 \u03a4\u03c1\u03bf\u03c6\u03ae\u03c2 - BelgoMilk\" \/>\n<meta property=\"og:description\" content=\"\u0397 \u03ac\u03bd\u03b5\u03c3\u03b7 \u03c4\u03c9\u03bd \u03b6\u03ce\u03c9\u03bd \u03ba\u03b1\u03c4\u03b1 \u03c4\u03b7 \u03b4\u03b9\u03ac\u03c1\u03ba\u03b5\u03b9\u03b1 \u03b4\u03b9\u03b1\u03c4\u03c1\u03bf\u03c6\u03ae\u03c2 \u03c4\u03bf\u03c5\u03c2 \u03b5\u03af\u03bd\u03b1\u03b9 \u03ad\u03bd\u03b1\u03c2 \u03ba\u03c1\u03af\u03c3\u03b9\u03bc\u03bf\u03c2 \u03c0\u03b1\u03c1\u03ac\u03b3\u03bf\u03bd\u03c4\u03b1\u03c2 \u03c3\u03c4\u03b7\u03bd \u03b1\u03c0\u03bf\u03b4\u03bf\u03c4\u03b9\u03ba\u03cc\u03c4\u03b7\u03c4\u03b1 \u03b3\u03ac\u03bb\u03b1\u03ba\u03c4\u03bf\u03c2. \u0388\u03c4\u03c3\u03b9 \u03c0\u03b5\u03c1\u03b9\u03bf\u03c1\u03af\u03b6\u03b5\u03c4\u03b1\u03b9 \u03c3\u03c4\u03bf \u03b5\u03bb\u03ac\u03c7\u03b9\u03c3\u03c4\u03bf \u03b7 \u03b4\u03b9\u03b1\u03c3\u03c0\u03bf\u03c1\u03ac \u03c4\u03c9\u03bd \u03c5\u03c0\u03bf\u03bb\u03b5\u03b9\u03bc\u03ac\u03c4\u03c9\u03bd \u03c7\u03cc\u03c1\u03c4\u03bf\u03c5 \u03c3\u03c4\u03bf \u03ad\u03b4\u03b1\u03c6\u03bf\u03c2 \u03b5\u03be\u03b1\u03c3\u03c6\u03b1\u03bb\u03af\u03b6\u03bf\u03bd\u03c4\u03b1\u03c2 \u03c3\u03c5\u03b3\u03c7\u03c1\u03cc\u03bd\u03c9\u03c2 \u03bf\u03b9\u03ba\u03bf\u03bd\u03bf\u03bc\u03af\u03b1 \u03c4\u03c1\u03bf\u03c6\u03ae\u03c2. \u03a4\u03bf \u03c3\u03cd\u03c3\u03c4\u03b7\u03bc\u03b1 \u03b5\u03af\u03bd\u03b1\u03b9 \u03b5\u03be\u03bf\u03c0\u03bb\u03b9\u03c3\u03bc\u03ad\u03bd\u03bf \u03bc\u03b5 \u03c1\u03c5\u03b8\u03bc\u03b9\u03c3\u03c4\u03ae \u03c4\u03b1\u03c7\u03cd\u03c4\u03b7\u03c4\u03b1\u03c2 \u03c4\u03b7\u03c2 \u03c4\u03b1\u03b9\u03bd\u03af\u03b1\u03c2 \u03ba\u03b1\u03b9 \u03bc\u03b5 \u03c6\u03c9\u03c4\u03bf\u03ba\u03cd\u03c4\u03c4\u03b1\u03c1\u03bf \u03b5\u03bb\u03ad\u03b3\u03c7\u03bf\u03c5 \u03c0\u03b1\u03c1\u03bf\u03c7\u03ae\u03c2 \u03c4\u03c1\u03bf\u03c6\u03ae\u03c2 \u03b1\u03c0\u03bf \u03c4\u03bf \u03c3\u03b9\u03bb\u03cc \u03ae \u03c4\u03bf\u03bd \u03b5\u03bd\u03c3\u03c5\u03c1\u03bf\u03b4\u03b9\u03b1\u03bd\u03bf\u03bc\u03ad\u03b1, \u03ad\u03c4\u03c3\u03b9 \u03ce\u03c3\u03c4\u03b5 \u03bd\u03b1 [&hellip;]\" \/>\n<meta property=\"og:url\" content=\"https:\/\/belgomilk.gr\/fr\/produit\/\u03c4\u03b1\u03b9\u03bd\u03af\u03b1-\u03c4\u03c1\u03bf\u03c6\u03ae\u03c2\/\" \/>\n<meta property=\"og:site_name\" content=\"BelgoMilk\" \/>\n<meta property=\"article:modified_time\" content=\"2023-02-09T11:15:29+00:00\" \/>\n<meta property=\"og:image\" content=\"https:\/\/belgomilk.gr\/wp-content\/uploads\/2023\/02\/cat9.jpg\" \/>\n\t<meta property=\"og:image:width\" content=\"480\" \/>\n\t<meta property=\"og:image:height\" content=\"320\" \/>\n\t<meta property=\"og:image:type\" content=\"image\/jpeg\" \/>\n<meta name=\"twitter:card\" content=\"summary_large_image\" \/>\n<script type=\"application\/ld+json\" class=\"yoast-schema-graph\">{\"@context\":\"https:\/\/schema.org\",\"@graph\":[{\"@type\":\"WebSite\",\"@id\":\"https:\/\/belgomilk.gr\/#website\",\"url\":\"https:\/\/belgomilk.gr\/\",\"name\":\"BelgoMilk\",\"description\":\"\u0395\u03be\u03bf\u03c0\u03bb\u03b9\u03c3\u03bc\u03cc\u03c2 \u03b3\u03b9\u03b1 \u03a3\u03cd\u03b3\u03c7\u03c1\u03bf\u03bd\u03b5\u03c2 \u039a\u03c4\u03b7\u03bd\u03bf\u03c4\u03c1\u03bf\u03c6\u03b9\u03ba\u03ad\u03c2 &amp; \u0393\u03b1\u03bb\u03b1\u03ba\u03c4\u03bf\u03b2\u03b9\u03bf\u03bc\u03b7\u03c7\u03b1\u03bd\u03b9\u03ba\u03ad\u03c2 \u039c\u03bf\u03bd\u03ac\u03b4\u03b5\u03c2\",\"potentialAction\":[{\"@type\":\"SearchAction\",\"target\":{\"@type\":\"EntryPoint\",\"urlTemplate\":\"https:\/\/belgomilk.gr\/?s={search_term_string}\"},\"query-input\":\"required name=search_term_string\"}],\"inLanguage\":\"fr-FR\"},{\"@type\":\"ImageObject\",\"inLanguage\":\"fr-FR\",\"@id\":\"https:\/\/belgomilk.gr\/product\/%cf%84%ce%b1%ce%b9%ce%bd%ce%af%ce%b1-%cf%84%cf%81%ce%bf%cf%86%ce%ae%cf%82\/#primaryimage\",\"url\":\"https:\/\/belgomilk.gr\/wp-content\/uploads\/2023\/02\/cat9.jpg\",\"contentUrl\":\"https:\/\/belgomilk.gr\/wp-content\/uploads\/2023\/02\/cat9.jpg\",\"width\":480,\"height\":320},{\"@type\":\"WebPage\",\"@id\":\"https:\/\/belgomilk.gr\/product\/%cf%84%ce%b1%ce%b9%ce%bd%ce%af%ce%b1-%cf%84%cf%81%ce%bf%cf%86%ce%ae%cf%82\/#webpage\",\"url\":\"https:\/\/belgomilk.gr\/product\/%cf%84%ce%b1%ce%b9%ce%bd%ce%af%ce%b1-%cf%84%cf%81%ce%bf%cf%86%ce%ae%cf%82\/\",\"name\":\"\u03a4\u03b1\u03b9\u03bd\u03af\u03b1 \u03a4\u03c1\u03bf\u03c6\u03ae\u03c2 - BelgoMilk\",\"isPartOf\":{\"@id\":\"https:\/\/belgomilk.gr\/#website\"},\"primaryImageOfPage\":{\"@id\":\"https:\/\/belgomilk.gr\/product\/%cf%84%ce%b1%ce%b9%ce%bd%ce%af%ce%b1-%cf%84%cf%81%ce%bf%cf%86%ce%ae%cf%82\/#primaryimage\"},\"datePublished\":\"2023-02-09T11:12:52+00:00\",\"dateModified\":\"2023-02-09T11:15:29+00:00\",\"breadcrumb\":{\"@id\":\"https:\/\/belgomilk.gr\/product\/%cf%84%ce%b1%ce%b9%ce%bd%ce%af%ce%b1-%cf%84%cf%81%ce%bf%cf%86%ce%ae%cf%82\/#breadcrumb\"},\"inLanguage\":\"fr-FR\",\"potentialAction\":[{\"@type\":\"ReadAction\",\"target\":[\"https:\/\/belgomilk.gr\/product\/%cf%84%ce%b1%ce%b9%ce%bd%ce%af%ce%b1-%cf%84%cf%81%ce%bf%cf%86%ce%ae%cf%82\/\"]}]},{\"@type\":\"BreadcrumbList\",\"@id\":\"https:\/\/belgomilk.gr\/product\/%cf%84%ce%b1%ce%b9%ce%bd%ce%af%ce%b1-%cf%84%cf%81%ce%bf%cf%86%ce%ae%cf%82\/#breadcrumb\",\"itemListElement\":[{\"@type\":\"ListItem\",\"position\":1,\"name\":\"\u0391\u03c1\u03c7\u03b9\u03ba\u03ae\",\"item\":\"https:\/\/belgomilk.gr\/\"},{\"@type\":\"ListItem\",\"position\":2,\"name\":\"\u039a\u03b1\u03c4\u03ac\u03c3\u03c4\u03b7\u03bc\u03b1\",\"item\":\"https:\/\/belgomilk.gr\/shop\/\"},{\"@type\":\"ListItem\",\"position\":3,\"name\":\"\u03a4\u03b1\u03b9\u03bd\u03af\u03b1 \u03a4\u03c1\u03bf\u03c6\u03ae\u03c2\"}]}]}<\/script>\n<!-- \/ Yoast SEO plugin. -->","yoast_head_json":{"title":"\u03a4\u03b1\u03b9\u03bd\u03af\u03b1 \u03a4\u03c1\u03bf\u03c6\u03ae\u03c2 - BelgoMilk","robots":{"index":"index","follow":"follow","max-snippet":"max-snippet:-1","max-image-preview":"max-image-preview:large","max-video-preview":"max-video-preview:-1"},"canonical":"https:\/\/belgomilk.gr\/fr\/produit\/\u03c4\u03b1\u03b9\u03bd\u03af\u03b1-\u03c4\u03c1\u03bf\u03c6\u03ae\u03c2\/","og_locale":"fr_FR","og_type":"article","og_title":"\u03a4\u03b1\u03b9\u03bd\u03af\u03b1 \u03a4\u03c1\u03bf\u03c6\u03ae\u03c2 - BelgoMilk","og_description":"\u0397 \u03ac\u03bd\u03b5\u03c3\u03b7 \u03c4\u03c9\u03bd \u03b6\u03ce\u03c9\u03bd \u03ba\u03b1\u03c4\u03b1 \u03c4\u03b7 \u03b4\u03b9\u03ac\u03c1\u03ba\u03b5\u03b9\u03b1 \u03b4\u03b9\u03b1\u03c4\u03c1\u03bf\u03c6\u03ae\u03c2 \u03c4\u03bf\u03c5\u03c2 \u03b5\u03af\u03bd\u03b1\u03b9 \u03ad\u03bd\u03b1\u03c2 \u03ba\u03c1\u03af\u03c3\u03b9\u03bc\u03bf\u03c2 \u03c0\u03b1\u03c1\u03ac\u03b3\u03bf\u03bd\u03c4\u03b1\u03c2 \u03c3\u03c4\u03b7\u03bd \u03b1\u03c0\u03bf\u03b4\u03bf\u03c4\u03b9\u03ba\u03cc\u03c4\u03b7\u03c4\u03b1 \u03b3\u03ac\u03bb\u03b1\u03ba\u03c4\u03bf\u03c2. \u0388\u03c4\u03c3\u03b9 \u03c0\u03b5\u03c1\u03b9\u03bf\u03c1\u03af\u03b6\u03b5\u03c4\u03b1\u03b9 \u03c3\u03c4\u03bf \u03b5\u03bb\u03ac\u03c7\u03b9\u03c3\u03c4\u03bf \u03b7 \u03b4\u03b9\u03b1\u03c3\u03c0\u03bf\u03c1\u03ac \u03c4\u03c9\u03bd \u03c5\u03c0\u03bf\u03bb\u03b5\u03b9\u03bc\u03ac\u03c4\u03c9\u03bd \u03c7\u03cc\u03c1\u03c4\u03bf\u03c5 \u03c3\u03c4\u03bf \u03ad\u03b4\u03b1\u03c6\u03bf\u03c2 \u03b5\u03be\u03b1\u03c3\u03c6\u03b1\u03bb\u03af\u03b6\u03bf\u03bd\u03c4\u03b1\u03c2 \u03c3\u03c5\u03b3\u03c7\u03c1\u03cc\u03bd\u03c9\u03c2 \u03bf\u03b9\u03ba\u03bf\u03bd\u03bf\u03bc\u03af\u03b1 \u03c4\u03c1\u03bf\u03c6\u03ae\u03c2. \u03a4\u03bf \u03c3\u03cd\u03c3\u03c4\u03b7\u03bc\u03b1 \u03b5\u03af\u03bd\u03b1\u03b9 \u03b5\u03be\u03bf\u03c0\u03bb\u03b9\u03c3\u03bc\u03ad\u03bd\u03bf \u03bc\u03b5 \u03c1\u03c5\u03b8\u03bc\u03b9\u03c3\u03c4\u03ae \u03c4\u03b1\u03c7\u03cd\u03c4\u03b7\u03c4\u03b1\u03c2 \u03c4\u03b7\u03c2 \u03c4\u03b1\u03b9\u03bd\u03af\u03b1\u03c2 \u03ba\u03b1\u03b9 \u03bc\u03b5 \u03c6\u03c9\u03c4\u03bf\u03ba\u03cd\u03c4\u03c4\u03b1\u03c1\u03bf \u03b5\u03bb\u03ad\u03b3\u03c7\u03bf\u03c5 \u03c0\u03b1\u03c1\u03bf\u03c7\u03ae\u03c2 \u03c4\u03c1\u03bf\u03c6\u03ae\u03c2 \u03b1\u03c0\u03bf \u03c4\u03bf \u03c3\u03b9\u03bb\u03cc \u03ae \u03c4\u03bf\u03bd \u03b5\u03bd\u03c3\u03c5\u03c1\u03bf\u03b4\u03b9\u03b1\u03bd\u03bf\u03bc\u03ad\u03b1, \u03ad\u03c4\u03c3\u03b9 \u03ce\u03c3\u03c4\u03b5 \u03bd\u03b1 [&hellip;]","og_url":"https:\/\/belgomilk.gr\/fr\/produit\/\u03c4\u03b1\u03b9\u03bd\u03af\u03b1-\u03c4\u03c1\u03bf\u03c6\u03ae\u03c2\/","og_site_name":"BelgoMilk","article_modified_time":"2023-02-09T11:15:29+00:00","og_image":[{"width":480,"height":320,"url":"https:\/\/belgomilk.gr\/wp-content\/uploads\/2023\/02\/cat9.jpg","type":"image\/jpeg"}],"twitter_card":"summary_large_image","schema":{"@context":"https:\/\/schema.org","@graph":[{"@type":"WebSite","@id":"https:\/\/belgomilk.gr\/#website","url":"https:\/\/belgomilk.gr\/","name":"BelgoMilk","description":"\u0395\u03be\u03bf\u03c0\u03bb\u03b9\u03c3\u03bc\u03cc\u03c2 \u03b3\u03b9\u03b1 \u03a3\u03cd\u03b3\u03c7\u03c1\u03bf\u03bd\u03b5\u03c2 \u039a\u03c4\u03b7\u03bd\u03bf\u03c4\u03c1\u03bf\u03c6\u03b9\u03ba\u03ad\u03c2 &amp; \u0393\u03b1\u03bb\u03b1\u03ba\u03c4\u03bf\u03b2\u03b9\u03bf\u03bc\u03b7\u03c7\u03b1\u03bd\u03b9\u03ba\u03ad\u03c2 \u039c\u03bf\u03bd\u03ac\u03b4\u03b5\u03c2","potentialAction":[{"@type":"SearchAction","target":{"@type":"EntryPoint","urlTemplate":"https:\/\/belgomilk.gr\/?s={search_term_string}"},"query-input":"required name=search_term_string"}],"inLanguage":"fr-FR"},{"@type":"ImageObject","inLanguage":"fr-FR","@id":"https:\/\/belgomilk.gr\/product\/%cf%84%ce%b1%ce%b9%ce%bd%ce%af%ce%b1-%cf%84%cf%81%ce%bf%cf%86%ce%ae%cf%82\/#primaryimage","url":"https:\/\/belgomilk.gr\/wp-content\/uploads\/2023\/02\/cat9.jpg","contentUrl":"https:\/\/belgomilk.gr\/wp-content\/uploads\/2023\/02\/cat9.jpg","width":480,"height":320},{"@type":"WebPage","@id":"https:\/\/belgomilk.gr\/product\/%cf%84%ce%b1%ce%b9%ce%bd%ce%af%ce%b1-%cf%84%cf%81%ce%bf%cf%86%ce%ae%cf%82\/#webpage","url":"https:\/\/belgomilk.gr\/product\/%cf%84%ce%b1%ce%b9%ce%bd%ce%af%ce%b1-%cf%84%cf%81%ce%bf%cf%86%ce%ae%cf%82\/","name":"\u03a4\u03b1\u03b9\u03bd\u03af\u03b1 \u03a4\u03c1\u03bf\u03c6\u03ae\u03c2 - BelgoMilk","isPartOf":{"@id":"https:\/\/belgomilk.gr\/#website"},"primaryImageOfPage":{"@id":"https:\/\/belgomilk.gr\/product\/%cf%84%ce%b1%ce%b9%ce%bd%ce%af%ce%b1-%cf%84%cf%81%ce%bf%cf%86%ce%ae%cf%82\/#primaryimage"},"datePublished":"2023-02-09T11:12:52+00:00","dateModified":"2023-02-09T11:15:29+00:00","breadcrumb":{"@id":"https:\/\/belgomilk.gr\/product\/%cf%84%ce%b1%ce%b9%ce%bd%ce%af%ce%b1-%cf%84%cf%81%ce%bf%cf%86%ce%ae%cf%82\/#breadcrumb"},"inLanguage":"fr-FR","potentialAction":[{"@type":"ReadAction","target":["https:\/\/belgomilk.gr\/product\/%cf%84%ce%b1%ce%b9%ce%bd%ce%af%ce%b1-%cf%84%cf%81%ce%bf%cf%86%ce%ae%cf%82\/"]}]},{"@type":"BreadcrumbList","@id":"https:\/\/belgomilk.gr\/product\/%cf%84%ce%b1%ce%b9%ce%bd%ce%af%ce%b1-%cf%84%cf%81%ce%bf%cf%86%ce%ae%cf%82\/#breadcrumb","itemListElement":[{"@type":"ListItem","position":1,"name":"\u0391\u03c1\u03c7\u03b9\u03ba\u03ae","item":"https:\/\/belgomilk.gr\/"},{"@type":"ListItem","position":2,"name":"\u039a\u03b1\u03c4\u03ac\u03c3\u03c4\u03b7\u03bc\u03b1","item":"https:\/\/belgomilk.gr\/shop\/"},{"@type":"ListItem","position":3,"name":"\u03a4\u03b1\u03b9\u03bd\u03af\u03b1 \u03a4\u03c1\u03bf\u03c6\u03ae\u03c2"}]}]}},"_links":{"self":[{"href":"https:\/\/belgomilk.gr\/fr\/wp-json\/wp\/v2\/product\/1171","targetHints":{"allow":["GET"]}}],"collection":[{"href":"https:\/\/belgomilk.gr\/fr\/wp-json\/wp\/v2\/product"}],"about":[{"href":"https:\/\/belgomilk.gr\/fr\/wp-json\/wp\/v2\/types\/product"}],"wp:featuredmedia":[{"embeddable":true,"href":"https:\/\/belgomilk.gr\/fr\/wp-json\/wp\/v2\/media\/1172"}],"wp:attachment":[{"href":"https:\/\/belgomilk.gr\/fr\/wp-json\/wp\/v2\/media?parent=1171"}],"wp:term":[{"taxonomy":"product_cat","embeddable":true,"href":"https:\/\/belgomilk.gr\/fr\/wp-json\/wp\/v2\/product_cat?post=1171"},{"taxonomy":"product_tag","embeddable":true,"href":"https:\/\/belgomilk.gr\/fr\/wp-json\/wp\/v2\/product_tag?post=1171"}],"curies":[{"name":"wp","href":"https:\/\/api.w.org\/{rel}","templated":true}]}}