{"id":1180,"date":"2023-02-09T13:30:40","date_gmt":"2023-02-09T11:30:40","guid":{"rendered":"https:\/\/belgomilk.gr\/newsite\/?post_type=product&#038;p=1180"},"modified":"2023-02-09T13:31:51","modified_gmt":"2023-02-09T11:31:51","slug":"1180","status":"publish","type":"product","link":"https:\/\/belgomilk.gr\/fr\/product\/1180\/","title":{"rendered":"Syst\u00e8me de r\u00e9ception et de stockage d'une grande quantit\u00e9 de lait"},"content":{"rendered":"<div class=\"fimage\"><\/div>\n<div class=\"field field-name-body field-type-text-with-summary field-label-hidden\">\n<div class=\"field-items\">\n<div class=\"field-item even\">\n<p>Syst\u00e8me de r\u00e9ception du lait avec 3 cuves verticales isol\u00e9es (15 000 litres chacune) et 7 cuves de stockage de lait isol\u00e9es (HORIZONTALES) 4 de la soci\u00e9t\u00e9 AHLBORN (11 000 litres chacune) et 3 de la soci\u00e9t\u00e9 PIER GUERIN (10 000 litres chacune) avec panneaux \u00e9lectriques et vanne d'air syst\u00e8me de changement de cuve en cas de cuve pleine, syst\u00e8me d'agitation ainsi que la possibilit\u00e9 de connexion avec C.I.P pour le nettoyage des cuves.<\/p>\n<p>PROC\u00c9DURE \u00c0 SUIVRE:<\/p>\n<p>Le lait r\u00e9ceptionn\u00e9 des camions passe par 2 compteurs de lait et est ensuite transf\u00e9r\u00e9 vers 2 r\u00e9frig\u00e9rateurs ALFA LAVAL 10.000 lit\/h chacun (TYPE: P45-RCF et TYPE: A10-RCF), connect\u00e9s \u00e0 l'unit\u00e9 de r\u00e9frig\u00e9ration o\u00f9 le lait se refroidit pour pouvoir \u00eatre conserv\u00e9 dans les silos de stockage.<\/p>\n<p><strong>R\u00e9servoirs de r\u00e9ception 3 \u03a7 15.000 litres<\/strong><\/p>\n<p><img loading=\"lazy\" decoding=\"async\" class=\"size-medium wp-image-1185\" src=\"https:\/\/belgomilk.gr\/newsite\/wp-content\/uploads\/2023\/02\/pa060095-300x225.jpg\" alt=\"\" width=\"300\" height=\"225\" srcset=\"https:\/\/belgomilk.gr\/wp-content\/uploads\/2023\/02\/pa060095-300x225.jpg 300w, https:\/\/belgomilk.gr\/wp-content\/uploads\/2023\/02\/pa060095-16x12.jpg 16w, https:\/\/belgomilk.gr\/wp-content\/uploads\/2023\/02\/pa060095.jpg 600w\" sizes=\"auto, (max-width: 300px) 100vw, 300px\" \/><\/p>\n<p><strong>Compteurs de lait<\/strong><\/p>\n<p><img loading=\"lazy\" decoding=\"async\" class=\"alignnone size-medium wp-image-1187\" src=\"https:\/\/belgomilk.gr\/newsite\/wp-content\/uploads\/2023\/02\/dsc00818-1-300x169.jpg\" alt=\"\" width=\"300\" height=\"169\" srcset=\"https:\/\/belgomilk.gr\/wp-content\/uploads\/2023\/02\/dsc00818-1-300x169.jpg 300w, https:\/\/belgomilk.gr\/wp-content\/uploads\/2023\/02\/dsc00818-1-18x10.jpg 18w, https:\/\/belgomilk.gr\/wp-content\/uploads\/2023\/02\/dsc00818-1.jpg 600w\" sizes=\"auto, (max-width: 300px) 100vw, 300px\" \/><\/p>\n<p><strong>R\u00e9frig\u00e9rateurs ALFA LAVAL (TYPE: P45-RCF et TYPE: A10-RCF)<\/strong><\/p>\n<figure id=\"attachment_1189\" aria-describedby=\"caption-attachment-1189\" style=\"width: 300px\" class=\"wp-caption alignnone\"><img loading=\"lazy\" decoding=\"async\" class=\"size-medium wp-image-1189\" src=\"https:\/\/belgomilk.gr\/newsite\/wp-content\/uploads\/2023\/02\/pa060092-300x225.jpg\" alt=\"\" width=\"300\" height=\"225\" srcset=\"https:\/\/belgomilk.gr\/wp-content\/uploads\/2023\/02\/pa060092-300x225.jpg 300w, https:\/\/belgomilk.gr\/wp-content\/uploads\/2023\/02\/pa060092-16x12.jpg 16w, https:\/\/belgomilk.gr\/wp-content\/uploads\/2023\/02\/pa060092.jpg 600w\" sizes=\"auto, (max-width: 300px) 100vw, 300px\" \/><figcaption id=\"caption-attachment-1189\" class=\"wp-caption-text\"><strong>R\u00e9servoirs 4 \u03a7 11.000 litres et 3 \u03a7 10.000 litres<\/strong><\/figcaption><\/figure>\n<p><img loading=\"lazy\" decoding=\"async\" class=\"size-medium wp-image-1190\" src=\"https:\/\/belgomilk.gr\/newsite\/wp-content\/uploads\/2023\/02\/pa060094-300x225.jpg\" alt=\"\" width=\"300\" height=\"225\" srcset=\"https:\/\/belgomilk.gr\/wp-content\/uploads\/2023\/02\/pa060094-300x225.jpg 300w, https:\/\/belgomilk.gr\/wp-content\/uploads\/2023\/02\/pa060094-16x12.jpg 16w, https:\/\/belgomilk.gr\/wp-content\/uploads\/2023\/02\/pa060094.jpg 600w\" sizes=\"auto, (max-width: 300px) 100vw, 300px\" \/><\/p>\n<\/div>\n<\/div>\n<\/div>","protected":false},"excerpt":{"rendered":"<p>Syst\u00e8me de r\u00e9ception de lait avec 3 r\u00e9servoirs verticaux s\u00e9par\u00e9s (15.000 litres chacune) et 7 r\u00e9servoirs \u00e0 lait (HORIZONTAUX) s\u00e9par\u00e9s: 4 de la soci\u00e9t\u00e9 AHLBORN (11.000 litres chacune) et 3 de la soci\u00e9t\u00e9 PIER GUERIN (10.000 litres chacune), avec tableaux \u00e9lectriques et syst\u00e8me de soupapes \u00e0 air pour changer le r\u00e9servoir au cas o\u00f9 celui-ci se remplit, ainsi qu'avec un syst\u00e8me d'agitateur et la possibilit\u00e9 de connexion au syst\u00e8me du nettoyage en place (NEP) des r\u00e9servoirs.<\/p>","protected":false},"featured_media":1181,"template":"","meta":[],"product_cat":[30],"product_tag":[],"class_list":["post-1180","product","type-product","status-publish","has-post-thumbnail","hentry","product_cat-metaxeirismena"],"yoast_head":"<!-- This site is optimized with the Yoast SEO plugin v18.9 - https:\/\/yoast.com\/wordpress\/plugins\/seo\/ -->\n<title>\u03a3\u03a5\u03a3\u03a4\u0397\u039c\u0391 \u03a0\u0391\u03a1\u0391\u039b\u0391\u0392\u0397\u03a3 -\u0391\u03a0\u039f\u0398\u0397\u039a\u0395\u03a5\u03a3\u0397\u03a3 \u039c\u0395\u0393\u0391\u039b\u0397\u03a3 \u03a0\u039f\u03a3\u039f\u03a4\u0397\u03a4\u0391\u03a3 \u0393\u0391\u039b\u0391\u039a\u03a4\u039f\u03a3 - BelgoMilk<\/title>\n<meta name=\"robots\" content=\"index, follow, max-snippet:-1, max-image-preview:large, max-video-preview:-1\" \/>\n<link rel=\"canonical\" href=\"https:\/\/belgomilk.gr\/fr\/produit\/1180\/\" \/>\n<meta property=\"og:locale\" content=\"fr_FR\" \/>\n<meta property=\"og:type\" content=\"article\" \/>\n<meta property=\"og:title\" content=\"\u03a3\u03a5\u03a3\u03a4\u0397\u039c\u0391 \u03a0\u0391\u03a1\u0391\u039b\u0391\u0392\u0397\u03a3 -\u0391\u03a0\u039f\u0398\u0397\u039a\u0395\u03a5\u03a3\u0397\u03a3 \u039c\u0395\u0393\u0391\u039b\u0397\u03a3 \u03a0\u039f\u03a3\u039f\u03a4\u0397\u03a4\u0391\u03a3 \u0393\u0391\u039b\u0391\u039a\u03a4\u039f\u03a3 - BelgoMilk\" \/>\n<meta property=\"og:description\" content=\"\u03a3\u03cd\u03c3\u03c4\u03b7\u03bc\u03b1 \u03c0\u03b1\u03c1\u03b1\u03bb\u03b1\u03b2\u03ae\u03c2 \u03b3\u03ac\u03bb\u03b1\u03ba\u03c4\u03bf\u03c2 \u03bc\u03b5 3 \u03bc\u03bf\u03bd\u03c9\u03bc\u03ad\u03bd\u03b5\u03c2 \u03b4\u03b5\u03be\u03b1\u03bc\u03b5\u03bd\u03ad\u03c2 \u03ba\u03ac\u03b8\u03b5\u03c4\u03b5\u03c2 (15.000lit \u03ad\u03ba\u03b1\u03c3\u03c4\u03b7) \u03ba\u03b1\u03b9 7 \u03bc\u03bf\u03bd\u03c9\u03bc\u03ad\u03bd\u03b5\u03c2 \u03b4\u03b5\u03be\u03b1\u03bc\u03b5\u03bd\u03ad\u03c2 \u03b1\u03c0\u03bf\u03b8\u03ae\u03ba\u03b5\u03c5\u03c3\u03b7\u03c2 \u03b3\u03ac\u03bb\u03b1\u03ba\u03c4\u03bf\u03c2 (\u039f\u03a1\u0399\u0396\u039f\u039d\u03a4\u0399\u0395\u03a3) 4 \u03c4\u03b7\u03c2\" \/>\n<meta property=\"og:url\" content=\"https:\/\/belgomilk.gr\/fr\/produit\/1180\/\" \/>\n<meta property=\"og:site_name\" content=\"BelgoMilk\" \/>\n<meta property=\"article:modified_time\" content=\"2023-02-09T11:31:51+00:00\" \/>\n<meta property=\"og:image\" content=\"https:\/\/belgomilk.gr\/wp-content\/uploads\/2023\/02\/atmolebhtas.jpg\" \/>\n\t<meta property=\"og:image:width\" content=\"480\" \/>\n\t<meta property=\"og:image:height\" content=\"360\" \/>\n\t<meta property=\"og:image:type\" content=\"image\/jpeg\" \/>\n<meta name=\"twitter:card\" content=\"summary_large_image\" \/>\n<script type=\"application\/ld+json\" class=\"yoast-schema-graph\">{\"@context\":\"https:\/\/schema.org\",\"@graph\":[{\"@type\":\"WebSite\",\"@id\":\"https:\/\/belgomilk.gr\/#website\",\"url\":\"https:\/\/belgomilk.gr\/\",\"name\":\"BelgoMilk\",\"description\":\"\u0395\u03be\u03bf\u03c0\u03bb\u03b9\u03c3\u03bc\u03cc\u03c2 \u03b3\u03b9\u03b1 \u03a3\u03cd\u03b3\u03c7\u03c1\u03bf\u03bd\u03b5\u03c2 \u039a\u03c4\u03b7\u03bd\u03bf\u03c4\u03c1\u03bf\u03c6\u03b9\u03ba\u03ad\u03c2 &amp; \u0393\u03b1\u03bb\u03b1\u03ba\u03c4\u03bf\u03b2\u03b9\u03bf\u03bc\u03b7\u03c7\u03b1\u03bd\u03b9\u03ba\u03ad\u03c2 \u039c\u03bf\u03bd\u03ac\u03b4\u03b5\u03c2\",\"potentialAction\":[{\"@type\":\"SearchAction\",\"target\":{\"@type\":\"EntryPoint\",\"urlTemplate\":\"https:\/\/belgomilk.gr\/?s={search_term_string}\"},\"query-input\":\"required name=search_term_string\"}],\"inLanguage\":\"fr-FR\"},{\"@type\":\"ImageObject\",\"inLanguage\":\"fr-FR\",\"@id\":\"https:\/\/belgomilk.gr\/product\/1180\/#primaryimage\",\"url\":\"https:\/\/belgomilk.gr\/wp-content\/uploads\/2023\/02\/atmolebhtas.jpg\",\"contentUrl\":\"https:\/\/belgomilk.gr\/wp-content\/uploads\/2023\/02\/atmolebhtas.jpg\",\"width\":480,\"height\":360},{\"@type\":\"WebPage\",\"@id\":\"https:\/\/belgomilk.gr\/product\/1180\/#webpage\",\"url\":\"https:\/\/belgomilk.gr\/product\/1180\/\",\"name\":\"\u03a3\u03a5\u03a3\u03a4\u0397\u039c\u0391 \u03a0\u0391\u03a1\u0391\u039b\u0391\u0392\u0397\u03a3 -\u0391\u03a0\u039f\u0398\u0397\u039a\u0395\u03a5\u03a3\u0397\u03a3 \u039c\u0395\u0393\u0391\u039b\u0397\u03a3 \u03a0\u039f\u03a3\u039f\u03a4\u0397\u03a4\u0391\u03a3 \u0393\u0391\u039b\u0391\u039a\u03a4\u039f\u03a3 - BelgoMilk\",\"isPartOf\":{\"@id\":\"https:\/\/belgomilk.gr\/#website\"},\"primaryImageOfPage\":{\"@id\":\"https:\/\/belgomilk.gr\/product\/1180\/#primaryimage\"},\"datePublished\":\"2023-02-09T11:30:40+00:00\",\"dateModified\":\"2023-02-09T11:31:51+00:00\",\"breadcrumb\":{\"@id\":\"https:\/\/belgomilk.gr\/product\/1180\/#breadcrumb\"},\"inLanguage\":\"fr-FR\",\"potentialAction\":[{\"@type\":\"ReadAction\",\"target\":[\"https:\/\/belgomilk.gr\/product\/1180\/\"]}]},{\"@type\":\"BreadcrumbList\",\"@id\":\"https:\/\/belgomilk.gr\/product\/1180\/#breadcrumb\",\"itemListElement\":[{\"@type\":\"ListItem\",\"position\":1,\"name\":\"\u0391\u03c1\u03c7\u03b9\u03ba\u03ae\",\"item\":\"https:\/\/belgomilk.gr\/\"},{\"@type\":\"ListItem\",\"position\":2,\"name\":\"\u039a\u03b1\u03c4\u03ac\u03c3\u03c4\u03b7\u03bc\u03b1\",\"item\":\"https:\/\/belgomilk.gr\/shop\/\"},{\"@type\":\"ListItem\",\"position\":3,\"name\":\"\u03a3\u03a5\u03a3\u03a4\u0397\u039c\u0391 \u03a0\u0391\u03a1\u0391\u039b\u0391\u0392\u0397\u03a3 -\u0391\u03a0\u039f\u0398\u0397\u039a\u0395\u03a5\u03a3\u0397\u03a3 \u039c\u0395\u0393\u0391\u039b\u0397\u03a3 \u03a0\u039f\u03a3\u039f\u03a4\u0397\u03a4\u0391\u03a3 \u0393\u0391\u039b\u0391\u039a\u03a4\u039f\u03a3\"}]}]}<\/script>\n<!-- \/ Yoast SEO plugin. -->","yoast_head_json":{"title":"\u03a3\u03a5\u03a3\u03a4\u0397\u039c\u0391 \u03a0\u0391\u03a1\u0391\u039b\u0391\u0392\u0397\u03a3 -\u0391\u03a0\u039f\u0398\u0397\u039a\u0395\u03a5\u03a3\u0397\u03a3 \u039c\u0395\u0393\u0391\u039b\u0397\u03a3 \u03a0\u039f\u03a3\u039f\u03a4\u0397\u03a4\u0391\u03a3 \u0393\u0391\u039b\u0391\u039a\u03a4\u039f\u03a3 - BelgoMilk","robots":{"index":"index","follow":"follow","max-snippet":"max-snippet:-1","max-image-preview":"max-image-preview:large","max-video-preview":"max-video-preview:-1"},"canonical":"https:\/\/belgomilk.gr\/fr\/produit\/1180\/","og_locale":"fr_FR","og_type":"article","og_title":"\u03a3\u03a5\u03a3\u03a4\u0397\u039c\u0391 \u03a0\u0391\u03a1\u0391\u039b\u0391\u0392\u0397\u03a3 -\u0391\u03a0\u039f\u0398\u0397\u039a\u0395\u03a5\u03a3\u0397\u03a3 \u039c\u0395\u0393\u0391\u039b\u0397\u03a3 \u03a0\u039f\u03a3\u039f\u03a4\u0397\u03a4\u0391\u03a3 \u0393\u0391\u039b\u0391\u039a\u03a4\u039f\u03a3 - BelgoMilk","og_description":"\u03a3\u03cd\u03c3\u03c4\u03b7\u03bc\u03b1 \u03c0\u03b1\u03c1\u03b1\u03bb\u03b1\u03b2\u03ae\u03c2 \u03b3\u03ac\u03bb\u03b1\u03ba\u03c4\u03bf\u03c2 \u03bc\u03b5 3 \u03bc\u03bf\u03bd\u03c9\u03bc\u03ad\u03bd\u03b5\u03c2 \u03b4\u03b5\u03be\u03b1\u03bc\u03b5\u03bd\u03ad\u03c2 \u03ba\u03ac\u03b8\u03b5\u03c4\u03b5\u03c2 (15.000lit \u03ad\u03ba\u03b1\u03c3\u03c4\u03b7) \u03ba\u03b1\u03b9 7 \u03bc\u03bf\u03bd\u03c9\u03bc\u03ad\u03bd\u03b5\u03c2 \u03b4\u03b5\u03be\u03b1\u03bc\u03b5\u03bd\u03ad\u03c2 \u03b1\u03c0\u03bf\u03b8\u03ae\u03ba\u03b5\u03c5\u03c3\u03b7\u03c2 \u03b3\u03ac\u03bb\u03b1\u03ba\u03c4\u03bf\u03c2 (\u039f\u03a1\u0399\u0396\u039f\u039d\u03a4\u0399\u0395\u03a3) 4 \u03c4\u03b7\u03c2","og_url":"https:\/\/belgomilk.gr\/fr\/produit\/1180\/","og_site_name":"BelgoMilk","article_modified_time":"2023-02-09T11:31:51+00:00","og_image":[{"width":480,"height":360,"url":"https:\/\/belgomilk.gr\/wp-content\/uploads\/2023\/02\/atmolebhtas.jpg","type":"image\/jpeg"}],"twitter_card":"summary_large_image","schema":{"@context":"https:\/\/schema.org","@graph":[{"@type":"WebSite","@id":"https:\/\/belgomilk.gr\/#website","url":"https:\/\/belgomilk.gr\/","name":"BelgoMilk","description":"\u0395\u03be\u03bf\u03c0\u03bb\u03b9\u03c3\u03bc\u03cc\u03c2 \u03b3\u03b9\u03b1 \u03a3\u03cd\u03b3\u03c7\u03c1\u03bf\u03bd\u03b5\u03c2 \u039a\u03c4\u03b7\u03bd\u03bf\u03c4\u03c1\u03bf\u03c6\u03b9\u03ba\u03ad\u03c2 &amp; \u0393\u03b1\u03bb\u03b1\u03ba\u03c4\u03bf\u03b2\u03b9\u03bf\u03bc\u03b7\u03c7\u03b1\u03bd\u03b9\u03ba\u03ad\u03c2 \u039c\u03bf\u03bd\u03ac\u03b4\u03b5\u03c2","potentialAction":[{"@type":"SearchAction","target":{"@type":"EntryPoint","urlTemplate":"https:\/\/belgomilk.gr\/?s={search_term_string}"},"query-input":"required name=search_term_string"}],"inLanguage":"fr-FR"},{"@type":"ImageObject","inLanguage":"fr-FR","@id":"https:\/\/belgomilk.gr\/product\/1180\/#primaryimage","url":"https:\/\/belgomilk.gr\/wp-content\/uploads\/2023\/02\/atmolebhtas.jpg","contentUrl":"https:\/\/belgomilk.gr\/wp-content\/uploads\/2023\/02\/atmolebhtas.jpg","width":480,"height":360},{"@type":"WebPage","@id":"https:\/\/belgomilk.gr\/product\/1180\/#webpage","url":"https:\/\/belgomilk.gr\/product\/1180\/","name":"\u03a3\u03a5\u03a3\u03a4\u0397\u039c\u0391 \u03a0\u0391\u03a1\u0391\u039b\u0391\u0392\u0397\u03a3 -\u0391\u03a0\u039f\u0398\u0397\u039a\u0395\u03a5\u03a3\u0397\u03a3 \u039c\u0395\u0393\u0391\u039b\u0397\u03a3 \u03a0\u039f\u03a3\u039f\u03a4\u0397\u03a4\u0391\u03a3 \u0393\u0391\u039b\u0391\u039a\u03a4\u039f\u03a3 - BelgoMilk","isPartOf":{"@id":"https:\/\/belgomilk.gr\/#website"},"primaryImageOfPage":{"@id":"https:\/\/belgomilk.gr\/product\/1180\/#primaryimage"},"datePublished":"2023-02-09T11:30:40+00:00","dateModified":"2023-02-09T11:31:51+00:00","breadcrumb":{"@id":"https:\/\/belgomilk.gr\/product\/1180\/#breadcrumb"},"inLanguage":"fr-FR","potentialAction":[{"@type":"ReadAction","target":["https:\/\/belgomilk.gr\/product\/1180\/"]}]},{"@type":"BreadcrumbList","@id":"https:\/\/belgomilk.gr\/product\/1180\/#breadcrumb","itemListElement":[{"@type":"ListItem","position":1,"name":"\u0391\u03c1\u03c7\u03b9\u03ba\u03ae","item":"https:\/\/belgomilk.gr\/"},{"@type":"ListItem","position":2,"name":"\u039a\u03b1\u03c4\u03ac\u03c3\u03c4\u03b7\u03bc\u03b1","item":"https:\/\/belgomilk.gr\/shop\/"},{"@type":"ListItem","position":3,"name":"\u03a3\u03a5\u03a3\u03a4\u0397\u039c\u0391 \u03a0\u0391\u03a1\u0391\u039b\u0391\u0392\u0397\u03a3 -\u0391\u03a0\u039f\u0398\u0397\u039a\u0395\u03a5\u03a3\u0397\u03a3 \u039c\u0395\u0393\u0391\u039b\u0397\u03a3 \u03a0\u039f\u03a3\u039f\u03a4\u0397\u03a4\u0391\u03a3 \u0393\u0391\u039b\u0391\u039a\u03a4\u039f\u03a3"}]}]}},"_links":{"self":[{"href":"https:\/\/belgomilk.gr\/fr\/wp-json\/wp\/v2\/product\/1180","targetHints":{"allow":["GET"]}}],"collection":[{"href":"https:\/\/belgomilk.gr\/fr\/wp-json\/wp\/v2\/product"}],"about":[{"href":"https:\/\/belgomilk.gr\/fr\/wp-json\/wp\/v2\/types\/product"}],"wp:featuredmedia":[{"embeddable":true,"href":"https:\/\/belgomilk.gr\/fr\/wp-json\/wp\/v2\/media\/1181"}],"wp:attachment":[{"href":"https:\/\/belgomilk.gr\/fr\/wp-json\/wp\/v2\/media?parent=1180"}],"wp:term":[{"taxonomy":"product_cat","embeddable":true,"href":"https:\/\/belgomilk.gr\/fr\/wp-json\/wp\/v2\/product_cat?post=1180"},{"taxonomy":"product_tag","embeddable":true,"href":"https:\/\/belgomilk.gr\/fr\/wp-json\/wp\/v2\/product_tag?post=1180"}],"curies":[{"name":"wp","href":"https:\/\/api.w.org\/{rel}","templated":true}]}}