{"id":1182,"date":"2023-02-09T13:26:22","date_gmt":"2023-02-09T11:26:22","guid":{"rendered":"https:\/\/belgomilk.gr\/newsite\/?post_type=product&#038;p=1182"},"modified":"2023-02-09T13:26:22","modified_gmt":"2023-02-09T11:26:22","slug":"%cf%83%cf%85%cf%83%ce%ba%ce%b5%cf%85%ce%b1%cf%83%cf%84%ce%b9%ce%ba%ce%ae-ufs","status":"publish","type":"product","link":"https:\/\/belgomilk.gr\/fr\/product\/%cf%83%cf%85%cf%83%ce%ba%ce%b5%cf%85%ce%b1%cf%83%cf%84%ce%b9%ce%ba%ce%ae-ufs\/","title":{"rendered":"Machine d'emballage UFS"},"content":{"rendered":"<p><strong>1e DESCRIPTION\/CARACT\u00c9RISTIQUES<\/strong><\/p>\n<p>Model: K6972<br \/>\nVitesse: 7-8 cycles\/min. Automate programmable industriel Siemens, syst\u00e8me de pr\u00e9chauffe \u00e0 vide pour une \u00e9paisseur de bande jusqu'\u00e0 15 Ga, \u00e0 2 vitesses index\u00e9es, 87 kg syst\u00e8me en longueur de coupe pour une \u00e9paisseur de bande semi-dure jusqu'\u00e0 15 Ga, zone de chargement \nde 24\", adaptateurs de roulettes extensibles de 6\" de la bande, r\u00e9glage de la hauteur de sortie du convoyeur, largeur de la bande: 420mm, longueur de coupe: 280mm, largeur 100mm, outils de mise en forme, scellage pour l'\u00e9tui\/tiroir principal \u00e0 deux poches, taille de tiroir O\/A: 7,17\" (182mm) x 10,2\"(257mm) x 2,36\"(60mm), entr\u00e9e pour une poche: 1,17\" (182mm) x 15.12\u2033 (384 mm) x 2.36\u2033 (60 mm), cellule photo\u00e9lectrique pour contr\u00f4ler la pellicule, capacit\u00e9 de lavage de gaz, pompe \u00e0 vide, 220V \/ 60Hz \/ 3 \u00d8.<\/p>\n<p><strong>2e DESCRIPTION\/CARACT\u00c9RISTIQUES<\/strong><\/p>\n<p>Rev\u00eatement en acier inoxydable<br \/>\nD\u00e9roulement de la bande \u00e0 air comprim\u00e9<br \/>\nRoulette extensible de 3\" ou de 6\" de la bande du convoyeur<br \/>\n2 unit\u00e9s en longueur de coupe (de type Guillotine)<br \/>\nHaute vitesse de coupe<br \/>\nDouble pont cylindrique de scellage<br \/>\nR\u00e9glage de la hauteur du convoyeur de d\u00e9chargement<br \/>\nSyst\u00e8me d'enregistrement<br \/>\nZone de chauffage autonome avec contr\u00f4le de temp\u00e9rature<br \/>\nCapacit\u00e9 de lavage de gaz<br \/>\nAutomate programmable industriel SLC5 avec tableau d'interface 600, commande avec \u00e9cran tactile, Servo-amplificateur et servomoteur Ultra Series 3000.<br \/>\nMoule d'emballage thermique d'outils en 430\/249-1.1 inclue, avec mise en forme de la s\u00e9paration \u00e0 \u00e9paisseur r\u00e9glable<br \/>\nUtilisation possible pour l'emballage de produits alimentaires ou m\u00e9dicaux<\/p>\n<p>P\u00e9riode de garantie<\/p>","protected":false},"excerpt":{"rendered":"<p>1e DESCRIPTION\/CARACT\u00c9RISTIQUES<\/p>\n<p>Model: K6972<br \/>\nVitesse: 7-8 cycles\/min. Automate programmable industriel Siemens, syst\u00e8me de pr\u00e9chauffe \u00e0 vide pour une \u00e9paisseur de bande jusqu'\u00e0 15 Ga, \u00e0 2 vitesses<\/p>","protected":false},"featured_media":1183,"template":"","meta":[],"product_cat":[30],"product_tag":[],"class_list":["post-1182","product","type-product","status-publish","has-post-thumbnail","hentry","product_cat-metaxeirismena"],"yoast_head":"<!-- This site is optimized with the Yoast SEO plugin v18.9 - https:\/\/yoast.com\/wordpress\/plugins\/seo\/ -->\n<title>\u03a3\u03c5\u03c3\u03ba\u03b5\u03c5\u03b1\u03c3\u03c4\u03b9\u03ba\u03ae UFS - BelgoMilk<\/title>\n<meta name=\"robots\" content=\"index, follow, max-snippet:-1, max-image-preview:large, max-video-preview:-1\" \/>\n<link rel=\"canonical\" href=\"https:\/\/belgomilk.gr\/fr\/produit\/\u03c3\u03c5\u03c3\u03ba\u03b5\u03c5\u03b1\u03c3\u03c4\u03b9\u03ba\u03ae-ufs\/\" \/>\n<meta property=\"og:locale\" content=\"fr_FR\" \/>\n<meta property=\"og:type\" content=\"article\" \/>\n<meta property=\"og:title\" content=\"\u03a3\u03c5\u03c3\u03ba\u03b5\u03c5\u03b1\u03c3\u03c4\u03b9\u03ba\u03ae UFS - BelgoMilk\" \/>\n<meta property=\"og:description\" content=\"1\u03b7 \u03a0\u0395\u03a1\u0399\u0393\u03a1\u0391\u03a6\u0397\/\u03a7\u0391\u03a1\u0391\u039a\u03a4\u0397\u03a1\u0399\u03a3\u03a4\u0399\u039a\u0391  Model: K6972 \u03a4\u03b1\u03c7\u03cd\u03c4\u03b7\u03c4\u03b1 \u03ba\u03cd\u03ba\u03bb\u03bf\u03c5 7-8 \u03ba\u03cd\u03ba\u03bb\u03bf\u03c5\u03c2\/min. Siemens \u03ad\u03bb\u03b5\u03b3\u03c7\u03bf\u03c2 PLC, \u03c3\u03cd\u03c3\u03c4\u03b7\u03bc\u03b1 \u03c0\u03c1\u03bf\u03b8\u03ad\u03c1\u03bc\u03b1\u03bd\u03c3\u03b7\u03c2 \u03ba\u03b5\u03bd\u03bf\u03cd \u03b3\u03b9\u03b1 \u03c4\u03b1\u03b9\u03bd\u03af\u03b1 \u03c0\u03ac\u03c7\u03bf\u03c5\u03c2 \u03bc\u03ad\u03c7\u03c1\u03b9 15 ga, 2 \u03c4\u03b1\u03c7\u03c5\u03c4\u03ae\u03c4\u03c9\u03bd\" \/>\n<meta property=\"og:url\" content=\"https:\/\/belgomilk.gr\/fr\/produit\/\u03c3\u03c5\u03c3\u03ba\u03b5\u03c5\u03b1\u03c3\u03c4\u03b9\u03ba\u03ae-ufs\/\" \/>\n<meta property=\"og:site_name\" content=\"BelgoMilk\" \/>\n<meta property=\"og:image\" content=\"https:\/\/belgomilk.gr\/wp-content\/uploads\/2023\/02\/syskeuastiki_ufs.jpg\" \/>\n\t<meta property=\"og:image:width\" content=\"360\" \/>\n\t<meta property=\"og:image:height\" content=\"480\" \/>\n\t<meta property=\"og:image:type\" content=\"image\/jpeg\" \/>\n<meta name=\"twitter:card\" content=\"summary_large_image\" \/>\n<script type=\"application\/ld+json\" class=\"yoast-schema-graph\">{\"@context\":\"https:\/\/schema.org\",\"@graph\":[{\"@type\":\"WebSite\",\"@id\":\"https:\/\/belgomilk.gr\/#website\",\"url\":\"https:\/\/belgomilk.gr\/\",\"name\":\"BelgoMilk\",\"description\":\"\u0395\u03be\u03bf\u03c0\u03bb\u03b9\u03c3\u03bc\u03cc\u03c2 \u03b3\u03b9\u03b1 \u03a3\u03cd\u03b3\u03c7\u03c1\u03bf\u03bd\u03b5\u03c2 \u039a\u03c4\u03b7\u03bd\u03bf\u03c4\u03c1\u03bf\u03c6\u03b9\u03ba\u03ad\u03c2 &amp; \u0393\u03b1\u03bb\u03b1\u03ba\u03c4\u03bf\u03b2\u03b9\u03bf\u03bc\u03b7\u03c7\u03b1\u03bd\u03b9\u03ba\u03ad\u03c2 \u039c\u03bf\u03bd\u03ac\u03b4\u03b5\u03c2\",\"potentialAction\":[{\"@type\":\"SearchAction\",\"target\":{\"@type\":\"EntryPoint\",\"urlTemplate\":\"https:\/\/belgomilk.gr\/?s={search_term_string}\"},\"query-input\":\"required name=search_term_string\"}],\"inLanguage\":\"fr-FR\"},{\"@type\":\"ImageObject\",\"inLanguage\":\"fr-FR\",\"@id\":\"https:\/\/belgomilk.gr\/product\/%cf%83%cf%85%cf%83%ce%ba%ce%b5%cf%85%ce%b1%cf%83%cf%84%ce%b9%ce%ba%ce%ae-ufs\/#primaryimage\",\"url\":\"https:\/\/belgomilk.gr\/wp-content\/uploads\/2023\/02\/syskeuastiki_ufs.jpg\",\"contentUrl\":\"https:\/\/belgomilk.gr\/wp-content\/uploads\/2023\/02\/syskeuastiki_ufs.jpg\",\"width\":360,\"height\":480},{\"@type\":\"WebPage\",\"@id\":\"https:\/\/belgomilk.gr\/product\/%cf%83%cf%85%cf%83%ce%ba%ce%b5%cf%85%ce%b1%cf%83%cf%84%ce%b9%ce%ba%ce%ae-ufs\/#webpage\",\"url\":\"https:\/\/belgomilk.gr\/product\/%cf%83%cf%85%cf%83%ce%ba%ce%b5%cf%85%ce%b1%cf%83%cf%84%ce%b9%ce%ba%ce%ae-ufs\/\",\"name\":\"\u03a3\u03c5\u03c3\u03ba\u03b5\u03c5\u03b1\u03c3\u03c4\u03b9\u03ba\u03ae UFS - BelgoMilk\",\"isPartOf\":{\"@id\":\"https:\/\/belgomilk.gr\/#website\"},\"primaryImageOfPage\":{\"@id\":\"https:\/\/belgomilk.gr\/product\/%cf%83%cf%85%cf%83%ce%ba%ce%b5%cf%85%ce%b1%cf%83%cf%84%ce%b9%ce%ba%ce%ae-ufs\/#primaryimage\"},\"datePublished\":\"2023-02-09T11:26:22+00:00\",\"dateModified\":\"2023-02-09T11:26:22+00:00\",\"breadcrumb\":{\"@id\":\"https:\/\/belgomilk.gr\/product\/%cf%83%cf%85%cf%83%ce%ba%ce%b5%cf%85%ce%b1%cf%83%cf%84%ce%b9%ce%ba%ce%ae-ufs\/#breadcrumb\"},\"inLanguage\":\"fr-FR\",\"potentialAction\":[{\"@type\":\"ReadAction\",\"target\":[\"https:\/\/belgomilk.gr\/product\/%cf%83%cf%85%cf%83%ce%ba%ce%b5%cf%85%ce%b1%cf%83%cf%84%ce%b9%ce%ba%ce%ae-ufs\/\"]}]},{\"@type\":\"BreadcrumbList\",\"@id\":\"https:\/\/belgomilk.gr\/product\/%cf%83%cf%85%cf%83%ce%ba%ce%b5%cf%85%ce%b1%cf%83%cf%84%ce%b9%ce%ba%ce%ae-ufs\/#breadcrumb\",\"itemListElement\":[{\"@type\":\"ListItem\",\"position\":1,\"name\":\"\u0391\u03c1\u03c7\u03b9\u03ba\u03ae\",\"item\":\"https:\/\/belgomilk.gr\/\"},{\"@type\":\"ListItem\",\"position\":2,\"name\":\"\u039a\u03b1\u03c4\u03ac\u03c3\u03c4\u03b7\u03bc\u03b1\",\"item\":\"https:\/\/belgomilk.gr\/shop\/\"},{\"@type\":\"ListItem\",\"position\":3,\"name\":\"\u03a3\u03c5\u03c3\u03ba\u03b5\u03c5\u03b1\u03c3\u03c4\u03b9\u03ba\u03ae UFS\"}]}]}<\/script>\n<!-- \/ Yoast SEO plugin. -->","yoast_head_json":{"title":"\u03a3\u03c5\u03c3\u03ba\u03b5\u03c5\u03b1\u03c3\u03c4\u03b9\u03ba\u03ae UFS - BelgoMilk","robots":{"index":"index","follow":"follow","max-snippet":"max-snippet:-1","max-image-preview":"max-image-preview:large","max-video-preview":"max-video-preview:-1"},"canonical":"https:\/\/belgomilk.gr\/fr\/produit\/\u03c3\u03c5\u03c3\u03ba\u03b5\u03c5\u03b1\u03c3\u03c4\u03b9\u03ba\u03ae-ufs\/","og_locale":"fr_FR","og_type":"article","og_title":"\u03a3\u03c5\u03c3\u03ba\u03b5\u03c5\u03b1\u03c3\u03c4\u03b9\u03ba\u03ae UFS - BelgoMilk","og_description":"1\u03b7 \u03a0\u0395\u03a1\u0399\u0393\u03a1\u0391\u03a6\u0397\/\u03a7\u0391\u03a1\u0391\u039a\u03a4\u0397\u03a1\u0399\u03a3\u03a4\u0399\u039a\u0391  Model: K6972 \u03a4\u03b1\u03c7\u03cd\u03c4\u03b7\u03c4\u03b1 \u03ba\u03cd\u03ba\u03bb\u03bf\u03c5 7-8 \u03ba\u03cd\u03ba\u03bb\u03bf\u03c5\u03c2\/min. Siemens \u03ad\u03bb\u03b5\u03b3\u03c7\u03bf\u03c2 PLC, \u03c3\u03cd\u03c3\u03c4\u03b7\u03bc\u03b1 \u03c0\u03c1\u03bf\u03b8\u03ad\u03c1\u03bc\u03b1\u03bd\u03c3\u03b7\u03c2 \u03ba\u03b5\u03bd\u03bf\u03cd \u03b3\u03b9\u03b1 \u03c4\u03b1\u03b9\u03bd\u03af\u03b1 \u03c0\u03ac\u03c7\u03bf\u03c5\u03c2 \u03bc\u03ad\u03c7\u03c1\u03b9 15 ga, 2 \u03c4\u03b1\u03c7\u03c5\u03c4\u03ae\u03c4\u03c9\u03bd","og_url":"https:\/\/belgomilk.gr\/fr\/produit\/\u03c3\u03c5\u03c3\u03ba\u03b5\u03c5\u03b1\u03c3\u03c4\u03b9\u03ba\u03ae-ufs\/","og_site_name":"BelgoMilk","og_image":[{"width":360,"height":480,"url":"https:\/\/belgomilk.gr\/wp-content\/uploads\/2023\/02\/syskeuastiki_ufs.jpg","type":"image\/jpeg"}],"twitter_card":"summary_large_image","schema":{"@context":"https:\/\/schema.org","@graph":[{"@type":"WebSite","@id":"https:\/\/belgomilk.gr\/#website","url":"https:\/\/belgomilk.gr\/","name":"BelgoMilk","description":"\u0395\u03be\u03bf\u03c0\u03bb\u03b9\u03c3\u03bc\u03cc\u03c2 \u03b3\u03b9\u03b1 \u03a3\u03cd\u03b3\u03c7\u03c1\u03bf\u03bd\u03b5\u03c2 \u039a\u03c4\u03b7\u03bd\u03bf\u03c4\u03c1\u03bf\u03c6\u03b9\u03ba\u03ad\u03c2 &amp; \u0393\u03b1\u03bb\u03b1\u03ba\u03c4\u03bf\u03b2\u03b9\u03bf\u03bc\u03b7\u03c7\u03b1\u03bd\u03b9\u03ba\u03ad\u03c2 \u039c\u03bf\u03bd\u03ac\u03b4\u03b5\u03c2","potentialAction":[{"@type":"SearchAction","target":{"@type":"EntryPoint","urlTemplate":"https:\/\/belgomilk.gr\/?s={search_term_string}"},"query-input":"required name=search_term_string"}],"inLanguage":"fr-FR"},{"@type":"ImageObject","inLanguage":"fr-FR","@id":"https:\/\/belgomilk.gr\/product\/%cf%83%cf%85%cf%83%ce%ba%ce%b5%cf%85%ce%b1%cf%83%cf%84%ce%b9%ce%ba%ce%ae-ufs\/#primaryimage","url":"https:\/\/belgomilk.gr\/wp-content\/uploads\/2023\/02\/syskeuastiki_ufs.jpg","contentUrl":"https:\/\/belgomilk.gr\/wp-content\/uploads\/2023\/02\/syskeuastiki_ufs.jpg","width":360,"height":480},{"@type":"WebPage","@id":"https:\/\/belgomilk.gr\/product\/%cf%83%cf%85%cf%83%ce%ba%ce%b5%cf%85%ce%b1%cf%83%cf%84%ce%b9%ce%ba%ce%ae-ufs\/#webpage","url":"https:\/\/belgomilk.gr\/product\/%cf%83%cf%85%cf%83%ce%ba%ce%b5%cf%85%ce%b1%cf%83%cf%84%ce%b9%ce%ba%ce%ae-ufs\/","name":"\u03a3\u03c5\u03c3\u03ba\u03b5\u03c5\u03b1\u03c3\u03c4\u03b9\u03ba\u03ae UFS - BelgoMilk","isPartOf":{"@id":"https:\/\/belgomilk.gr\/#website"},"primaryImageOfPage":{"@id":"https:\/\/belgomilk.gr\/product\/%cf%83%cf%85%cf%83%ce%ba%ce%b5%cf%85%ce%b1%cf%83%cf%84%ce%b9%ce%ba%ce%ae-ufs\/#primaryimage"},"datePublished":"2023-02-09T11:26:22+00:00","dateModified":"2023-02-09T11:26:22+00:00","breadcrumb":{"@id":"https:\/\/belgomilk.gr\/product\/%cf%83%cf%85%cf%83%ce%ba%ce%b5%cf%85%ce%b1%cf%83%cf%84%ce%b9%ce%ba%ce%ae-ufs\/#breadcrumb"},"inLanguage":"fr-FR","potentialAction":[{"@type":"ReadAction","target":["https:\/\/belgomilk.gr\/product\/%cf%83%cf%85%cf%83%ce%ba%ce%b5%cf%85%ce%b1%cf%83%cf%84%ce%b9%ce%ba%ce%ae-ufs\/"]}]},{"@type":"BreadcrumbList","@id":"https:\/\/belgomilk.gr\/product\/%cf%83%cf%85%cf%83%ce%ba%ce%b5%cf%85%ce%b1%cf%83%cf%84%ce%b9%ce%ba%ce%ae-ufs\/#breadcrumb","itemListElement":[{"@type":"ListItem","position":1,"name":"\u0391\u03c1\u03c7\u03b9\u03ba\u03ae","item":"https:\/\/belgomilk.gr\/"},{"@type":"ListItem","position":2,"name":"\u039a\u03b1\u03c4\u03ac\u03c3\u03c4\u03b7\u03bc\u03b1","item":"https:\/\/belgomilk.gr\/shop\/"},{"@type":"ListItem","position":3,"name":"\u03a3\u03c5\u03c3\u03ba\u03b5\u03c5\u03b1\u03c3\u03c4\u03b9\u03ba\u03ae UFS"}]}]}},"_links":{"self":[{"href":"https:\/\/belgomilk.gr\/fr\/wp-json\/wp\/v2\/product\/1182","targetHints":{"allow":["GET"]}}],"collection":[{"href":"https:\/\/belgomilk.gr\/fr\/wp-json\/wp\/v2\/product"}],"about":[{"href":"https:\/\/belgomilk.gr\/fr\/wp-json\/wp\/v2\/types\/product"}],"wp:featuredmedia":[{"embeddable":true,"href":"https:\/\/belgomilk.gr\/fr\/wp-json\/wp\/v2\/media\/1183"}],"wp:attachment":[{"href":"https:\/\/belgomilk.gr\/fr\/wp-json\/wp\/v2\/media?parent=1182"}],"wp:term":[{"taxonomy":"product_cat","embeddable":true,"href":"https:\/\/belgomilk.gr\/fr\/wp-json\/wp\/v2\/product_cat?post=1182"},{"taxonomy":"product_tag","embeddable":true,"href":"https:\/\/belgomilk.gr\/fr\/wp-json\/wp\/v2\/product_tag?post=1182"}],"curies":[{"name":"wp","href":"https:\/\/api.w.org\/{rel}","templated":true}]}}