{"id":1226,"date":"2023-02-09T13:54:31","date_gmt":"2023-02-09T11:54:31","guid":{"rendered":"https:\/\/belgomilk.gr\/newsite\/?post_type=product&#038;p=1226"},"modified":"2023-02-09T13:56:00","modified_gmt":"2023-02-09T11:56:00","slug":"%ce%ba%ce%bf%cf%81%cf%85%cf%86%ce%bf%ce%bb%cf%8c%ce%b3%ce%bf%cf%82","status":"publish","type":"product","link":"https:\/\/belgomilk.gr\/fr\/product\/%ce%ba%ce%bf%cf%81%cf%85%cf%86%ce%bf%ce%bb%cf%8c%ce%b3%ce%bf%cf%82\/","title":{"rendered":"\u00c9cr\u00e9meuse"},"content":{"rendered":"<p>\u00c9CR\u00c9MEUSE ALFA LAVAL type 610<\/p>\n<p><img loading=\"lazy\" decoding=\"async\" class=\"alignnone size-medium wp-image-1228\" src=\"https:\/\/belgomilk.gr\/newsite\/wp-content\/uploads\/2023\/02\/kkoryfologosalfa_laval_type_610-226x300.jpg\" alt=\"\" width=\"226\" height=\"300\" srcset=\"https:\/\/belgomilk.gr\/wp-content\/uploads\/2023\/02\/kkoryfologosalfa_laval_type_610-226x300.jpg 226w, https:\/\/belgomilk.gr\/wp-content\/uploads\/2023\/02\/kkoryfologosalfa_laval_type_610-9x12.jpg 9w, https:\/\/belgomilk.gr\/wp-content\/uploads\/2023\/02\/kkoryfologosalfa_laval_type_610.jpg 400w\" sizes=\"auto, (max-width: 226px) 100vw, 226px\" \/><\/p>\n<p>\u00c9CR\u00c9MEUSES<\/p>\n<p>LITRES: 1.000, 2.000, 3.000, 4000\u2026  50.000 litres<\/p>\n<p><img loading=\"lazy\" decoding=\"async\" class=\"alignnone size-medium wp-image-1229\" src=\"https:\/\/belgomilk.gr\/newsite\/wp-content\/uploads\/2023\/02\/koryfologos-300x225.jpg\" alt=\"\" width=\"300\" height=\"225\" srcset=\"https:\/\/belgomilk.gr\/wp-content\/uploads\/2023\/02\/koryfologos-300x225.jpg 300w, https:\/\/belgomilk.gr\/wp-content\/uploads\/2023\/02\/koryfologos-16x12.jpg 16w, https:\/\/belgomilk.gr\/wp-content\/uploads\/2023\/02\/koryfologos.jpg 333w\" sizes=\"auto, (max-width: 300px) 100vw, 300px\" \/><\/p>\n<p><img loading=\"lazy\" decoding=\"async\" class=\"alignnone size-medium wp-image-1230\" src=\"https:\/\/belgomilk.gr\/newsite\/wp-content\/uploads\/2023\/02\/koryfologos_2-225x300.jpg\" alt=\"\" width=\"225\" height=\"300\" srcset=\"https:\/\/belgomilk.gr\/wp-content\/uploads\/2023\/02\/koryfologos_2-225x300.jpg 225w, https:\/\/belgomilk.gr\/wp-content\/uploads\/2023\/02\/koryfologos_2-9x12.jpg 9w, https:\/\/belgomilk.gr\/wp-content\/uploads\/2023\/02\/koryfologos_2.jpg 250w\" sizes=\"auto, (max-width: 225px) 100vw, 225px\" \/><\/p>\n<p>\u00c9CR\u00c9MEUSE ALFA LAVAL type MRPX 214<\/p>\n<p><img loading=\"lazy\" decoding=\"async\" class=\"alignnone size-medium wp-image-1233\" src=\"https:\/\/belgomilk.gr\/newsite\/wp-content\/uploads\/2023\/02\/koryfologos_type_mrpx214_2-225x300.jpg\" alt=\"\" width=\"225\" height=\"300\" srcset=\"https:\/\/belgomilk.gr\/wp-content\/uploads\/2023\/02\/koryfologos_type_mrpx214_2-225x300.jpg 225w, https:\/\/belgomilk.gr\/wp-content\/uploads\/2023\/02\/koryfologos_type_mrpx214_2-9x12.jpg 9w, https:\/\/belgomilk.gr\/wp-content\/uploads\/2023\/02\/koryfologos_type_mrpx214_2.jpg 248w\" sizes=\"auto, (max-width: 225px) 100vw, 225px\" \/><\/p>\n<p>\u00c9cr\u00e9meuse Pieralisi, fabriqu\u00e9e en 2007 (z\u00e9ro heures de fonctionnement).<em><strong>\u03bc\u03b7\u03b4\u03ad\u03bd \u03ce\u03c1\u03b5\u03c2 \u03bb\u03b5\u03b9\u03c4\u03bf\u03c5\u03c1\u03b3\u03af\u03b1\u03c2<\/strong><\/em>).<\/p>\n<p><img loading=\"lazy\" decoding=\"async\" class=\"size-medium wp-image-1235\" src=\"https:\/\/belgomilk.gr\/newsite\/wp-content\/uploads\/2023\/02\/1-pb070110-300x193.jpg\" alt=\"\" width=\"300\" height=\"193\" srcset=\"https:\/\/belgomilk.gr\/wp-content\/uploads\/2023\/02\/1-pb070110-300x193.jpg 300w, https:\/\/belgomilk.gr\/wp-content\/uploads\/2023\/02\/1-pb070110-18x12.jpg 18w, https:\/\/belgomilk.gr\/wp-content\/uploads\/2023\/02\/1-pb070110.jpg 332w\" sizes=\"auto, (max-width: 300px) 100vw, 300px\" \/><\/p>\n<p><img loading=\"lazy\" decoding=\"async\" class=\"size-medium wp-image-1236\" src=\"https:\/\/belgomilk.gr\/newsite\/wp-content\/uploads\/2023\/02\/2-pb070111.jpg\" alt=\"\" width=\"264\" height=\"250\" srcset=\"https:\/\/belgomilk.gr\/wp-content\/uploads\/2023\/02\/2-pb070111.jpg 264w, https:\/\/belgomilk.gr\/wp-content\/uploads\/2023\/02\/2-pb070111-13x12.jpg 13w\" sizes=\"auto, (max-width: 264px) 100vw, 264px\" \/><\/p>\n<figure id=\"attachment_1237\" aria-describedby=\"caption-attachment-1237\" style=\"width: 260px\" class=\"wp-caption alignnone\"><img loading=\"lazy\" decoding=\"async\" class=\"size-medium wp-image-1237\" src=\"https:\/\/belgomilk.gr\/newsite\/wp-content\/uploads\/2023\/02\/3-pb070112.jpg\" alt=\"\" width=\"260\" height=\"249\" srcset=\"https:\/\/belgomilk.gr\/wp-content\/uploads\/2023\/02\/3-pb070112.jpg 260w, https:\/\/belgomilk.gr\/wp-content\/uploads\/2023\/02\/3-pb070112-13x12.jpg 13w\" sizes=\"auto, (max-width: 260px) 100vw, 260px\" \/><figcaption id=\"caption-attachment-1237\" class=\"wp-caption-text\">OSCP-3\u00a0<br \/>\u00c9cr\u00e9meuse fabriqu\u00e9e en Russie, 5000 litres\/heure, autonettoyant, en tr\u00e8s bon \u00e9tat, avec tableau \u00e9lectrique.\u00a0<br \/>\u03ba\u03b1\u03c4\u03ac\u03c3\u03c4\u03b1\u03c3\u03b7 \u03bc\u03b5 \u03b7\u03bb\u03b5\u03ba\u03c4\u03c1\u03bf\u03bd\u03b9\u03ba\u03cc \u03c0\u03af\u03bd\u03b1\u03ba\u03b1.<\/figcaption><\/figure>\n<p><img loading=\"lazy\" decoding=\"async\" class=\"alignnone size-medium wp-image-1238\" src=\"https:\/\/belgomilk.gr\/newsite\/wp-content\/uploads\/2023\/02\/7._koryfologos-300x225.jpg\" alt=\"\" width=\"300\" height=\"225\" srcset=\"https:\/\/belgomilk.gr\/wp-content\/uploads\/2023\/02\/7._koryfologos-300x225.jpg 300w, https:\/\/belgomilk.gr\/wp-content\/uploads\/2023\/02\/7._koryfologos-16x12.jpg 16w, https:\/\/belgomilk.gr\/wp-content\/uploads\/2023\/02\/7._koryfologos.jpg 333w\" sizes=\"auto, (max-width: 300px) 100vw, 300px\" \/><\/p>","protected":false},"excerpt":{"rendered":"<p>\u00c9CR\u00c9MEUSE 750-1000 litres\/heure<\/p>\n<p>FABRIQU\u00c9 EN RUSSIE, NON-AUTONETTOYANT,\u00a0<strong>PRIX D'OCCASION!!!!!!!<\/strong><\/p>\n<p>&nbsp;<\/p>\n<p>&nbsp;<\/p>\n<p>&nbsp;<\/p>","protected":false},"featured_media":1227,"template":"","meta":[],"product_cat":[30],"product_tag":[],"class_list":["post-1226","product","type-product","status-publish","has-post-thumbnail","hentry","product_cat-metaxeirismena"],"yoast_head":"<!-- This site is optimized with the Yoast SEO plugin v18.9 - https:\/\/yoast.com\/wordpress\/plugins\/seo\/ -->\n<title>\u039a\u03bf\u03c1\u03c5\u03c6\u03bf\u03bb\u03cc\u03b3\u03bf\u03c2 - BelgoMilk<\/title>\n<meta name=\"robots\" content=\"index, follow, max-snippet:-1, max-image-preview:large, max-video-preview:-1\" \/>\n<link rel=\"canonical\" href=\"https:\/\/belgomilk.gr\/fr\/produit\/\u03ba\u03bf\u03c1\u03c5\u03c6\u03bf\u03bb\u03cc\u03b3\u03bf\u03c2\/\" \/>\n<meta property=\"og:locale\" content=\"fr_FR\" \/>\n<meta property=\"og:type\" content=\"article\" \/>\n<meta property=\"og:title\" content=\"\u039a\u03bf\u03c1\u03c5\u03c6\u03bf\u03bb\u03cc\u03b3\u03bf\u03c2 - BelgoMilk\" \/>\n<meta property=\"og:description\" content=\"\u039a\u039f\u03a1\u03a5\u03a6\u039f\u039b\u039f\u0393\u039f\u03a3 750-1000lt\/h  \u03a1\u03a9\u03a3\u0399\u039a\u039f\u03a3, \u039c\u0397 \u0391\u03a5\u03a4\u039f\u039a\u0391\u0398\u0391\u03a1\u0399\u0396\u039f\u039c\u0395\u039d\u039f\u03a3,\u00a0\u03a4\u0399\u039c\u0397 \u0395\u03a5\u039a\u0391\u0399\u03a1\u0399\u0391\u03a3!!!!!!!  &nbsp;  &nbsp;  &nbsp;\" \/>\n<meta property=\"og:url\" content=\"https:\/\/belgomilk.gr\/fr\/produit\/\u03ba\u03bf\u03c1\u03c5\u03c6\u03bf\u03bb\u03cc\u03b3\u03bf\u03c2\/\" \/>\n<meta property=\"og:site_name\" content=\"BelgoMilk\" \/>\n<meta property=\"article:modified_time\" content=\"2023-02-09T11:56:00+00:00\" \/>\n<meta property=\"og:image\" content=\"https:\/\/belgomilk.gr\/wp-content\/uploads\/2023\/02\/korifilogos_site2.jpg\" \/>\n\t<meta property=\"og:image:width\" content=\"480\" \/>\n\t<meta property=\"og:image:height\" content=\"320\" \/>\n\t<meta property=\"og:image:type\" content=\"image\/jpeg\" \/>\n<meta name=\"twitter:card\" content=\"summary_large_image\" \/>\n<script type=\"application\/ld+json\" class=\"yoast-schema-graph\">{\"@context\":\"https:\/\/schema.org\",\"@graph\":[{\"@type\":\"WebSite\",\"@id\":\"https:\/\/belgomilk.gr\/#website\",\"url\":\"https:\/\/belgomilk.gr\/\",\"name\":\"BelgoMilk\",\"description\":\"\u0395\u03be\u03bf\u03c0\u03bb\u03b9\u03c3\u03bc\u03cc\u03c2 \u03b3\u03b9\u03b1 \u03a3\u03cd\u03b3\u03c7\u03c1\u03bf\u03bd\u03b5\u03c2 \u039a\u03c4\u03b7\u03bd\u03bf\u03c4\u03c1\u03bf\u03c6\u03b9\u03ba\u03ad\u03c2 &amp; \u0393\u03b1\u03bb\u03b1\u03ba\u03c4\u03bf\u03b2\u03b9\u03bf\u03bc\u03b7\u03c7\u03b1\u03bd\u03b9\u03ba\u03ad\u03c2 \u039c\u03bf\u03bd\u03ac\u03b4\u03b5\u03c2\",\"potentialAction\":[{\"@type\":\"SearchAction\",\"target\":{\"@type\":\"EntryPoint\",\"urlTemplate\":\"https:\/\/belgomilk.gr\/?s={search_term_string}\"},\"query-input\":\"required name=search_term_string\"}],\"inLanguage\":\"fr-FR\"},{\"@type\":\"ImageObject\",\"inLanguage\":\"fr-FR\",\"@id\":\"https:\/\/belgomilk.gr\/product\/%ce%ba%ce%bf%cf%81%cf%85%cf%86%ce%bf%ce%bb%cf%8c%ce%b3%ce%bf%cf%82\/#primaryimage\",\"url\":\"https:\/\/belgomilk.gr\/wp-content\/uploads\/2023\/02\/korifilogos_site2.jpg\",\"contentUrl\":\"https:\/\/belgomilk.gr\/wp-content\/uploads\/2023\/02\/korifilogos_site2.jpg\",\"width\":480,\"height\":320},{\"@type\":\"WebPage\",\"@id\":\"https:\/\/belgomilk.gr\/product\/%ce%ba%ce%bf%cf%81%cf%85%cf%86%ce%bf%ce%bb%cf%8c%ce%b3%ce%bf%cf%82\/#webpage\",\"url\":\"https:\/\/belgomilk.gr\/product\/%ce%ba%ce%bf%cf%81%cf%85%cf%86%ce%bf%ce%bb%cf%8c%ce%b3%ce%bf%cf%82\/\",\"name\":\"\u039a\u03bf\u03c1\u03c5\u03c6\u03bf\u03bb\u03cc\u03b3\u03bf\u03c2 - BelgoMilk\",\"isPartOf\":{\"@id\":\"https:\/\/belgomilk.gr\/#website\"},\"primaryImageOfPage\":{\"@id\":\"https:\/\/belgomilk.gr\/product\/%ce%ba%ce%bf%cf%81%cf%85%cf%86%ce%bf%ce%bb%cf%8c%ce%b3%ce%bf%cf%82\/#primaryimage\"},\"datePublished\":\"2023-02-09T11:54:31+00:00\",\"dateModified\":\"2023-02-09T11:56:00+00:00\",\"breadcrumb\":{\"@id\":\"https:\/\/belgomilk.gr\/product\/%ce%ba%ce%bf%cf%81%cf%85%cf%86%ce%bf%ce%bb%cf%8c%ce%b3%ce%bf%cf%82\/#breadcrumb\"},\"inLanguage\":\"fr-FR\",\"potentialAction\":[{\"@type\":\"ReadAction\",\"target\":[\"https:\/\/belgomilk.gr\/product\/%ce%ba%ce%bf%cf%81%cf%85%cf%86%ce%bf%ce%bb%cf%8c%ce%b3%ce%bf%cf%82\/\"]}]},{\"@type\":\"BreadcrumbList\",\"@id\":\"https:\/\/belgomilk.gr\/product\/%ce%ba%ce%bf%cf%81%cf%85%cf%86%ce%bf%ce%bb%cf%8c%ce%b3%ce%bf%cf%82\/#breadcrumb\",\"itemListElement\":[{\"@type\":\"ListItem\",\"position\":1,\"name\":\"\u0391\u03c1\u03c7\u03b9\u03ba\u03ae\",\"item\":\"https:\/\/belgomilk.gr\/\"},{\"@type\":\"ListItem\",\"position\":2,\"name\":\"\u039a\u03b1\u03c4\u03ac\u03c3\u03c4\u03b7\u03bc\u03b1\",\"item\":\"https:\/\/belgomilk.gr\/shop\/\"},{\"@type\":\"ListItem\",\"position\":3,\"name\":\"\u039a\u03bf\u03c1\u03c5\u03c6\u03bf\u03bb\u03cc\u03b3\u03bf\u03c2\"}]}]}<\/script>\n<!-- \/ Yoast SEO plugin. -->","yoast_head_json":{"title":"\u039a\u03bf\u03c1\u03c5\u03c6\u03bf\u03bb\u03cc\u03b3\u03bf\u03c2 - BelgoMilk","robots":{"index":"index","follow":"follow","max-snippet":"max-snippet:-1","max-image-preview":"max-image-preview:large","max-video-preview":"max-video-preview:-1"},"canonical":"https:\/\/belgomilk.gr\/fr\/produit\/\u03ba\u03bf\u03c1\u03c5\u03c6\u03bf\u03bb\u03cc\u03b3\u03bf\u03c2\/","og_locale":"fr_FR","og_type":"article","og_title":"\u039a\u03bf\u03c1\u03c5\u03c6\u03bf\u03bb\u03cc\u03b3\u03bf\u03c2 - BelgoMilk","og_description":"\u039a\u039f\u03a1\u03a5\u03a6\u039f\u039b\u039f\u0393\u039f\u03a3 750-1000lt\/h  \u03a1\u03a9\u03a3\u0399\u039a\u039f\u03a3, \u039c\u0397 \u0391\u03a5\u03a4\u039f\u039a\u0391\u0398\u0391\u03a1\u0399\u0396\u039f\u039c\u0395\u039d\u039f\u03a3,\u00a0\u03a4\u0399\u039c\u0397 \u0395\u03a5\u039a\u0391\u0399\u03a1\u0399\u0391\u03a3!!!!!!!  &nbsp;  &nbsp;  &nbsp;","og_url":"https:\/\/belgomilk.gr\/fr\/produit\/\u03ba\u03bf\u03c1\u03c5\u03c6\u03bf\u03bb\u03cc\u03b3\u03bf\u03c2\/","og_site_name":"BelgoMilk","article_modified_time":"2023-02-09T11:56:00+00:00","og_image":[{"width":480,"height":320,"url":"https:\/\/belgomilk.gr\/wp-content\/uploads\/2023\/02\/korifilogos_site2.jpg","type":"image\/jpeg"}],"twitter_card":"summary_large_image","schema":{"@context":"https:\/\/schema.org","@graph":[{"@type":"WebSite","@id":"https:\/\/belgomilk.gr\/#website","url":"https:\/\/belgomilk.gr\/","name":"BelgoMilk","description":"\u0395\u03be\u03bf\u03c0\u03bb\u03b9\u03c3\u03bc\u03cc\u03c2 \u03b3\u03b9\u03b1 \u03a3\u03cd\u03b3\u03c7\u03c1\u03bf\u03bd\u03b5\u03c2 \u039a\u03c4\u03b7\u03bd\u03bf\u03c4\u03c1\u03bf\u03c6\u03b9\u03ba\u03ad\u03c2 &amp; \u0393\u03b1\u03bb\u03b1\u03ba\u03c4\u03bf\u03b2\u03b9\u03bf\u03bc\u03b7\u03c7\u03b1\u03bd\u03b9\u03ba\u03ad\u03c2 \u039c\u03bf\u03bd\u03ac\u03b4\u03b5\u03c2","potentialAction":[{"@type":"SearchAction","target":{"@type":"EntryPoint","urlTemplate":"https:\/\/belgomilk.gr\/?s={search_term_string}"},"query-input":"required name=search_term_string"}],"inLanguage":"fr-FR"},{"@type":"ImageObject","inLanguage":"fr-FR","@id":"https:\/\/belgomilk.gr\/product\/%ce%ba%ce%bf%cf%81%cf%85%cf%86%ce%bf%ce%bb%cf%8c%ce%b3%ce%bf%cf%82\/#primaryimage","url":"https:\/\/belgomilk.gr\/wp-content\/uploads\/2023\/02\/korifilogos_site2.jpg","contentUrl":"https:\/\/belgomilk.gr\/wp-content\/uploads\/2023\/02\/korifilogos_site2.jpg","width":480,"height":320},{"@type":"WebPage","@id":"https:\/\/belgomilk.gr\/product\/%ce%ba%ce%bf%cf%81%cf%85%cf%86%ce%bf%ce%bb%cf%8c%ce%b3%ce%bf%cf%82\/#webpage","url":"https:\/\/belgomilk.gr\/product\/%ce%ba%ce%bf%cf%81%cf%85%cf%86%ce%bf%ce%bb%cf%8c%ce%b3%ce%bf%cf%82\/","name":"\u039a\u03bf\u03c1\u03c5\u03c6\u03bf\u03bb\u03cc\u03b3\u03bf\u03c2 - BelgoMilk","isPartOf":{"@id":"https:\/\/belgomilk.gr\/#website"},"primaryImageOfPage":{"@id":"https:\/\/belgomilk.gr\/product\/%ce%ba%ce%bf%cf%81%cf%85%cf%86%ce%bf%ce%bb%cf%8c%ce%b3%ce%bf%cf%82\/#primaryimage"},"datePublished":"2023-02-09T11:54:31+00:00","dateModified":"2023-02-09T11:56:00+00:00","breadcrumb":{"@id":"https:\/\/belgomilk.gr\/product\/%ce%ba%ce%bf%cf%81%cf%85%cf%86%ce%bf%ce%bb%cf%8c%ce%b3%ce%bf%cf%82\/#breadcrumb"},"inLanguage":"fr-FR","potentialAction":[{"@type":"ReadAction","target":["https:\/\/belgomilk.gr\/product\/%ce%ba%ce%bf%cf%81%cf%85%cf%86%ce%bf%ce%bb%cf%8c%ce%b3%ce%bf%cf%82\/"]}]},{"@type":"BreadcrumbList","@id":"https:\/\/belgomilk.gr\/product\/%ce%ba%ce%bf%cf%81%cf%85%cf%86%ce%bf%ce%bb%cf%8c%ce%b3%ce%bf%cf%82\/#breadcrumb","itemListElement":[{"@type":"ListItem","position":1,"name":"\u0391\u03c1\u03c7\u03b9\u03ba\u03ae","item":"https:\/\/belgomilk.gr\/"},{"@type":"ListItem","position":2,"name":"\u039a\u03b1\u03c4\u03ac\u03c3\u03c4\u03b7\u03bc\u03b1","item":"https:\/\/belgomilk.gr\/shop\/"},{"@type":"ListItem","position":3,"name":"\u039a\u03bf\u03c1\u03c5\u03c6\u03bf\u03bb\u03cc\u03b3\u03bf\u03c2"}]}]}},"_links":{"self":[{"href":"https:\/\/belgomilk.gr\/fr\/wp-json\/wp\/v2\/product\/1226","targetHints":{"allow":["GET"]}}],"collection":[{"href":"https:\/\/belgomilk.gr\/fr\/wp-json\/wp\/v2\/product"}],"about":[{"href":"https:\/\/belgomilk.gr\/fr\/wp-json\/wp\/v2\/types\/product"}],"wp:featuredmedia":[{"embeddable":true,"href":"https:\/\/belgomilk.gr\/fr\/wp-json\/wp\/v2\/media\/1227"}],"wp:attachment":[{"href":"https:\/\/belgomilk.gr\/fr\/wp-json\/wp\/v2\/media?parent=1226"}],"wp:term":[{"taxonomy":"product_cat","embeddable":true,"href":"https:\/\/belgomilk.gr\/fr\/wp-json\/wp\/v2\/product_cat?post=1226"},{"taxonomy":"product_tag","embeddable":true,"href":"https:\/\/belgomilk.gr\/fr\/wp-json\/wp\/v2\/product_tag?post=1226"}],"curies":[{"name":"wp","href":"https:\/\/api.w.org\/{rel}","templated":true}]}}