{"id":852,"date":"2022-03-23T12:07:11","date_gmt":"2022-03-23T10:07:11","guid":{"rendered":"https:\/\/belgomilk.gr\/newsite\/?post_type=product&#038;p=852"},"modified":"2023-03-15T13:05:16","modified_gmt":"2023-03-15T11:05:16","slug":"tyrobox-%ce%ba%ce%b9%cf%84-%cf%84%cf%85%cf%81%ce%bf%ce%ba%ce%bf%ce%bc%ce%b9%ce%ba%cf%8c-%ce%b5%cf%81%ce%b3%ce%b1%cf%83%cf%84%ce%ae%cf%81%ce%b9-%ce%bf%ce%b9%ce%ba%ce%bf%cf%84%ce%b5%cf%87%ce%bd","status":"publish","type":"product","link":"https:\/\/belgomilk.gr\/fr\/product\/tyrobox-%ce%ba%ce%b9%cf%84-%cf%84%cf%85%cf%81%ce%bf%ce%ba%ce%bf%ce%bc%ce%b9%ce%ba%cf%8c-%ce%b5%cf%81%ce%b3%ce%b1%cf%83%cf%84%ce%ae%cf%81%ce%b9-%ce%bf%ce%b9%ce%ba%ce%bf%cf%84%ce%b5%cf%87%ce%bd\/","title":{"rendered":"Tyrobox\u00ae \u039a\u0399\u03a4 \u2013 Atelier de fromagerie artisanale"},"content":{"rendered":"<p>Un atelier de fromagerie relativement petit et \u00e9videmment beaucoup moins co\u00fbteux, mais parfaitement adapt\u00e9 aux besoins de production artisanale<\/p>\n<p>* Livr\u00e9 en pi\u00e8ces d\u00e9tach\u00e9es, il peut \u00eatre facilement mont\u00e9 par nous ou par le client.<\/p>\n<ul>\n<li>plus \u00e9conomique<\/li>\n<li>montage rapide<\/li>\n<li>facile \u00e0 transporter<\/li>\n<li>id\u00e9al pour la production artisanale<\/li>\n<\/ul>\n<p><strong>LISTE DES \u00c9QUIPEMENTS<\/strong><\/p>\n<ul>\n<li>Cuve de r\u00e9frig\u00e9ration de lait 300 litres<\/li>\n<li>\u00c9cr\u00e9meuse 100 litres<\/li>\n<li>Cuve de pasteurisation \u00e9lectrique 300 litres<\/li>\n<li>Bac de caillage 300 litres<\/li>\n<li>Table pour moules \u00e0 fromage<\/li>\n<li>Table de travail<\/li>\n<li>\u00c9vier<\/li>\n<li>\u00c9tag\u00e8re<\/li>\n<li>Chambre de maturation<\/li>\n<li>Chambre frigorifique<\/li>\n<li>Pompe \u00e0 rouleaux<\/li>\n<\/ul>\n<p>Largeur: 6 m, Profondeur: 4 m, Hauteur: 3 m<\/p>\n<p><img loading=\"lazy\" decoding=\"async\" class=\"alignnone wp-image-881 size-full\" src=\"https:\/\/belgomilk.gr\/wp-content\/uploads\/2023\/03\/mjkx8k6q-fr.jpg\" alt=\"\" width=\"800\" height=\"565\" srcset=\"https:\/\/belgomilk.gr\/wp-content\/uploads\/2023\/03\/mjkx8k6q-fr.jpg 800w, https:\/\/belgomilk.gr\/wp-content\/uploads\/2023\/03\/mjkx8k6q-fr-600x424.jpg 600w, https:\/\/belgomilk.gr\/wp-content\/uploads\/2023\/03\/mjkx8k6q-fr-300x212.jpg 300w, https:\/\/belgomilk.gr\/wp-content\/uploads\/2023\/03\/mjkx8k6q-fr-768x542.jpg 768w, https:\/\/belgomilk.gr\/wp-content\/uploads\/2023\/03\/mjkx8k6q-fr-18x12.jpg 18w\" sizes=\"auto, (max-width: 800px) 100vw, 800px\" \/> <img loading=\"lazy\" decoding=\"async\" class=\"alignnone wp-image-882 size-full\" src=\"https:\/\/belgomilk.gr\/wp-content\/uploads\/2023\/03\/katopsi2-fr.jpg\" alt=\"\" width=\"800\" height=\"565\" srcset=\"https:\/\/belgomilk.gr\/wp-content\/uploads\/2023\/03\/katopsi2-fr.jpg 800w, https:\/\/belgomilk.gr\/wp-content\/uploads\/2023\/03\/katopsi2-fr-600x424.jpg 600w, https:\/\/belgomilk.gr\/wp-content\/uploads\/2023\/03\/katopsi2-fr-300x212.jpg 300w, https:\/\/belgomilk.gr\/wp-content\/uploads\/2023\/03\/katopsi2-fr-768x542.jpg 768w, https:\/\/belgomilk.gr\/wp-content\/uploads\/2023\/03\/katopsi2-fr-18x12.jpg 18w\" sizes=\"auto, (max-width: 800px) 100vw, 800px\" \/><\/p>","protected":false},"excerpt":{"rendered":"<p>Prenant en consid\u00e9ration les difficult\u00e9s du moment et toujours \u00e0 l'\u00e9coute des besoins des fromagers et des laitiers, notre soci\u00e9t\u00e9 a d\u00e9velopp\u00e9 son concept le plus innovant (Tyrobox\u00ae Atelier familial de fromagerie) et pr\u00e9sente un nouveau produit: \u201cTyrobox\u00ae KIT\u201d.<\/p>","protected":false},"featured_media":853,"template":"","meta":[],"product_cat":[22],"product_tag":[],"class_list":["post-852","product","type-product","status-publish","has-post-thumbnail","hentry","product_cat-tyrobox"],"yoast_head":"<!-- This site is optimized with the Yoast SEO plugin v18.9 - https:\/\/yoast.com\/wordpress\/plugins\/seo\/ -->\n<title>Tyrobox\u00ae \u039a\u0399\u03a4 - \u03a4\u03c5\u03c1\u03bf\u03ba\u03bf\u03bc\u03b9\u03ba\u03cc \u03b5\u03c1\u03b3\u03b1\u03c3\u03c4\u03ae\u03c1\u03b9 \u039f\u03b9\u03ba\u03bf\u03c4\u03b5\u03c7\u03bd\u03af\u03b1\u03c2 - BelgoMilk<\/title>\n<meta name=\"robots\" content=\"index, follow, max-snippet:-1, max-image-preview:large, max-video-preview:-1\" \/>\n<link rel=\"canonical\" href=\"https:\/\/belgomilk.gr\/fr\/produit\/tyrobox-\u03ba\u03b9\u03c4-\u03c4\u03c5\u03c1\u03bf\u03ba\u03bf\u03bc\u03b9\u03ba\u03cc-\u03b5\u03c1\u03b3\u03b1\u03c3\u03c4\u03ae\u03c1\u03b9-\u03bf\u03b9\u03ba\u03bf\u03c4\u03b5\u03c7\u03bd\/\" \/>\n<meta property=\"og:locale\" content=\"fr_FR\" \/>\n<meta property=\"og:type\" content=\"article\" \/>\n<meta property=\"og:title\" content=\"Tyrobox\u00ae \u039a\u0399\u03a4 - \u03a4\u03c5\u03c1\u03bf\u03ba\u03bf\u03bc\u03b9\u03ba\u03cc \u03b5\u03c1\u03b3\u03b1\u03c3\u03c4\u03ae\u03c1\u03b9 \u039f\u03b9\u03ba\u03bf\u03c4\u03b5\u03c7\u03bd\u03af\u03b1\u03c2 - BelgoMilk\" \/>\n<meta property=\"og:description\" content=\"\u039b\u03b1\u03bc\u03b2\u03ac\u03bd\u03bf\u03bd\u03c4\u03b1\u03c2 \u03c5\u03c0\u03cc\u03c8\u03b7 \u03c4\u03b9\u03c2 \u03b4\u03c5\u03c3\u03ba\u03bf\u03bb\u03af\u03b5\u03c2 \u03c4\u03b7\u03c2 \u03b5\u03c0\u03bf\u03c7\u03ae\u03c2 \u03ba\u03b1\u03b9 \u03c5\u03c0\u03bf\u03bb\u03bf\u03b3\u03af\u03b6\u03bf\u03bd\u03c4\u03b1\u03c2 \u03c0\u03ac\u03bd\u03c4\u03b1 \u03c4\u03b9\u03c2 \u03b1\u03bd\u03ac\u03b3\u03ba\u03b5\u03c2 \u03c4\u03c9\u03bd \u03c4\u03c5\u03c1\u03bf\u03ba\u03cc\u03bc\u03c9\u03bd\/\u03b3\u03b1\u03bb\u03b1\u03ba\u03c4\u03bf\u03c0\u03b1\u03c1\u03b1\u03b3\u03c9\u03b3\u03ce\u03bd, \u03b7 \u03b5\u03c4\u03b1\u03b9\u03c1\u03af\u03b1 \u03bc\u03b1\u03c2 \u03b5\u03be\u03ad\u03bb\u03b9\u03be\u03b5 \u03c4\u03bf \u03c0\u03b9\u03bf \u03ba\u03b1\u03b9\u03bd\u03bf\u03c4\u03cc\u03bc\u03bf \u03c4\u03b7\u03c2 \u03c0\u03c1\u03bf\u03ca\u03cc\u03bd (tyrobox\u00ae \u03bf\u03b9\u03ba\u03bf\u03b3\u03b5\u03bd\u03b5\u03b9\u03b1\u03ba\u03cc \u03c4\u03c5\u03c1\u03bf\u03ba\u03bf\u03bc\u03b9\u03ba\u03cc \u03b5\u03c1\u03b3\u03b1\u03c3\u03c4\u03ae\u03c1\u03b9) \u03c0\u03b1\u03c1\u03bf\u03c5\u03c3\u03b9\u03ac\u03b6\u03bf\u03bd\u03c4\u03b1\u03c2 \u03ad\u03bd\u03b1 \u03bd\u03ad\u03bf \u03c0\u03c1\u03bf\u03ca\u03cc\u03bd, \u03c4\u03bf Tyrobox\u00ae &quot;KIT&quot;.\" \/>\n<meta property=\"og:url\" content=\"https:\/\/belgomilk.gr\/fr\/produit\/tyrobox-\u03ba\u03b9\u03c4-\u03c4\u03c5\u03c1\u03bf\u03ba\u03bf\u03bc\u03b9\u03ba\u03cc-\u03b5\u03c1\u03b3\u03b1\u03c3\u03c4\u03ae\u03c1\u03b9-\u03bf\u03b9\u03ba\u03bf\u03c4\u03b5\u03c7\u03bd\/\" \/>\n<meta property=\"og:site_name\" content=\"BelgoMilk\" \/>\n<meta property=\"article:modified_time\" content=\"2023-03-15T11:05:16+00:00\" \/>\n<meta property=\"og:image\" content=\"https:\/\/belgomilk.gr\/wp-content\/uploads\/2022\/05\/tyroboxr_kit_2018_90412_web.jpg\" \/>\n\t<meta property=\"og:image:width\" content=\"800\" \/>\n\t<meta property=\"og:image:height\" content=\"581\" \/>\n\t<meta property=\"og:image:type\" content=\"image\/jpeg\" \/>\n<meta name=\"twitter:card\" content=\"summary_large_image\" \/>\n<meta name=\"twitter:label1\" content=\"Dur\u00e9e de lecture estim\u00e9e\" \/>\n\t<meta name=\"twitter:data1\" content=\"1 minute\" \/>\n<script type=\"application\/ld+json\" class=\"yoast-schema-graph\">{\"@context\":\"https:\/\/schema.org\",\"@graph\":[{\"@type\":\"WebSite\",\"@id\":\"https:\/\/belgomilk.gr\/#website\",\"url\":\"https:\/\/belgomilk.gr\/\",\"name\":\"BelgoMilk\",\"description\":\"\u0395\u03be\u03bf\u03c0\u03bb\u03b9\u03c3\u03bc\u03cc\u03c2 \u03b3\u03b9\u03b1 \u03a3\u03cd\u03b3\u03c7\u03c1\u03bf\u03bd\u03b5\u03c2 \u039a\u03c4\u03b7\u03bd\u03bf\u03c4\u03c1\u03bf\u03c6\u03b9\u03ba\u03ad\u03c2 &amp; \u0393\u03b1\u03bb\u03b1\u03ba\u03c4\u03bf\u03b2\u03b9\u03bf\u03bc\u03b7\u03c7\u03b1\u03bd\u03b9\u03ba\u03ad\u03c2 \u039c\u03bf\u03bd\u03ac\u03b4\u03b5\u03c2\",\"potentialAction\":[{\"@type\":\"SearchAction\",\"target\":{\"@type\":\"EntryPoint\",\"urlTemplate\":\"https:\/\/belgomilk.gr\/?s={search_term_string}\"},\"query-input\":\"required name=search_term_string\"}],\"inLanguage\":\"fr-FR\"},{\"@type\":\"ImageObject\",\"inLanguage\":\"fr-FR\",\"@id\":\"https:\/\/belgomilk.gr\/fr\/produit\/tyrobox-%ce%ba%ce%b9%cf%84-%cf%84%cf%85%cf%81%ce%bf%ce%ba%ce%bf%ce%bc%ce%b9%ce%ba%cf%8c-%ce%b5%cf%81%ce%b3%ce%b1%cf%83%cf%84%ce%ae%cf%81%ce%b9-%ce%bf%ce%b9%ce%ba%ce%bf%cf%84%ce%b5%cf%87%ce%bd\/#primaryimage\",\"url\":\"https:\/\/belgomilk.gr\/wp-content\/uploads\/2022\/05\/tyroboxr_kit_2018_90412_web.jpg\",\"contentUrl\":\"https:\/\/belgomilk.gr\/wp-content\/uploads\/2022\/05\/tyroboxr_kit_2018_90412_web.jpg\",\"width\":800,\"height\":581},{\"@type\":\"WebPage\",\"@id\":\"https:\/\/belgomilk.gr\/fr\/produit\/tyrobox-%ce%ba%ce%b9%cf%84-%cf%84%cf%85%cf%81%ce%bf%ce%ba%ce%bf%ce%bc%ce%b9%ce%ba%cf%8c-%ce%b5%cf%81%ce%b3%ce%b1%cf%83%cf%84%ce%ae%cf%81%ce%b9-%ce%bf%ce%b9%ce%ba%ce%bf%cf%84%ce%b5%cf%87%ce%bd\/#webpage\",\"url\":\"https:\/\/belgomilk.gr\/fr\/produit\/tyrobox-%ce%ba%ce%b9%cf%84-%cf%84%cf%85%cf%81%ce%bf%ce%ba%ce%bf%ce%bc%ce%b9%ce%ba%cf%8c-%ce%b5%cf%81%ce%b3%ce%b1%cf%83%cf%84%ce%ae%cf%81%ce%b9-%ce%bf%ce%b9%ce%ba%ce%bf%cf%84%ce%b5%cf%87%ce%bd\/\",\"name\":\"Tyrobox\u00ae \u039a\u0399\u03a4 - \u03a4\u03c5\u03c1\u03bf\u03ba\u03bf\u03bc\u03b9\u03ba\u03cc \u03b5\u03c1\u03b3\u03b1\u03c3\u03c4\u03ae\u03c1\u03b9 \u039f\u03b9\u03ba\u03bf\u03c4\u03b5\u03c7\u03bd\u03af\u03b1\u03c2 - BelgoMilk\",\"isPartOf\":{\"@id\":\"https:\/\/belgomilk.gr\/#website\"},\"primaryImageOfPage\":{\"@id\":\"https:\/\/belgomilk.gr\/fr\/produit\/tyrobox-%ce%ba%ce%b9%cf%84-%cf%84%cf%85%cf%81%ce%bf%ce%ba%ce%bf%ce%bc%ce%b9%ce%ba%cf%8c-%ce%b5%cf%81%ce%b3%ce%b1%cf%83%cf%84%ce%ae%cf%81%ce%b9-%ce%bf%ce%b9%ce%ba%ce%bf%cf%84%ce%b5%cf%87%ce%bd\/#primaryimage\"},\"datePublished\":\"2022-03-23T10:07:11+00:00\",\"dateModified\":\"2023-03-15T11:05:16+00:00\",\"breadcrumb\":{\"@id\":\"https:\/\/belgomilk.gr\/fr\/produit\/tyrobox-%ce%ba%ce%b9%cf%84-%cf%84%cf%85%cf%81%ce%bf%ce%ba%ce%bf%ce%bc%ce%b9%ce%ba%cf%8c-%ce%b5%cf%81%ce%b3%ce%b1%cf%83%cf%84%ce%ae%cf%81%ce%b9-%ce%bf%ce%b9%ce%ba%ce%bf%cf%84%ce%b5%cf%87%ce%bd\/#breadcrumb\"},\"inLanguage\":\"fr-FR\",\"potentialAction\":[{\"@type\":\"ReadAction\",\"target\":[\"https:\/\/belgomilk.gr\/fr\/produit\/tyrobox-%ce%ba%ce%b9%cf%84-%cf%84%cf%85%cf%81%ce%bf%ce%ba%ce%bf%ce%bc%ce%b9%ce%ba%cf%8c-%ce%b5%cf%81%ce%b3%ce%b1%cf%83%cf%84%ce%ae%cf%81%ce%b9-%ce%bf%ce%b9%ce%ba%ce%bf%cf%84%ce%b5%cf%87%ce%bd\/\"]}]},{\"@type\":\"BreadcrumbList\",\"@id\":\"https:\/\/belgomilk.gr\/fr\/produit\/tyrobox-%ce%ba%ce%b9%cf%84-%cf%84%cf%85%cf%81%ce%bf%ce%ba%ce%bf%ce%bc%ce%b9%ce%ba%cf%8c-%ce%b5%cf%81%ce%b3%ce%b1%cf%83%cf%84%ce%ae%cf%81%ce%b9-%ce%bf%ce%b9%ce%ba%ce%bf%cf%84%ce%b5%cf%87%ce%bd\/#breadcrumb\",\"itemListElement\":[{\"@type\":\"ListItem\",\"position\":1,\"name\":\"\u0391\u03c1\u03c7\u03b9\u03ba\u03ae\",\"item\":\"https:\/\/belgomilk.gr\/\"},{\"@type\":\"ListItem\",\"position\":2,\"name\":\"\u039a\u03b1\u03c4\u03ac\u03c3\u03c4\u03b7\u03bc\u03b1\",\"item\":\"https:\/\/belgomilk.gr\/shop\/\"},{\"@type\":\"ListItem\",\"position\":3,\"name\":\"Tyrobox\u00ae \u039a\u0399\u03a4 &#8211; \u03a4\u03c5\u03c1\u03bf\u03ba\u03bf\u03bc\u03b9\u03ba\u03cc \u03b5\u03c1\u03b3\u03b1\u03c3\u03c4\u03ae\u03c1\u03b9 \u039f\u03b9\u03ba\u03bf\u03c4\u03b5\u03c7\u03bd\u03af\u03b1\u03c2\"}]}]}<\/script>\n<!-- \/ Yoast SEO plugin. -->","yoast_head_json":{"title":"Tyrobox\u00ae \u039a\u0399\u03a4 - \u03a4\u03c5\u03c1\u03bf\u03ba\u03bf\u03bc\u03b9\u03ba\u03cc \u03b5\u03c1\u03b3\u03b1\u03c3\u03c4\u03ae\u03c1\u03b9 \u039f\u03b9\u03ba\u03bf\u03c4\u03b5\u03c7\u03bd\u03af\u03b1\u03c2 - BelgoMilk","robots":{"index":"index","follow":"follow","max-snippet":"max-snippet:-1","max-image-preview":"max-image-preview:large","max-video-preview":"max-video-preview:-1"},"canonical":"https:\/\/belgomilk.gr\/fr\/produit\/tyrobox-\u03ba\u03b9\u03c4-\u03c4\u03c5\u03c1\u03bf\u03ba\u03bf\u03bc\u03b9\u03ba\u03cc-\u03b5\u03c1\u03b3\u03b1\u03c3\u03c4\u03ae\u03c1\u03b9-\u03bf\u03b9\u03ba\u03bf\u03c4\u03b5\u03c7\u03bd\/","og_locale":"fr_FR","og_type":"article","og_title":"Tyrobox\u00ae \u039a\u0399\u03a4 - \u03a4\u03c5\u03c1\u03bf\u03ba\u03bf\u03bc\u03b9\u03ba\u03cc \u03b5\u03c1\u03b3\u03b1\u03c3\u03c4\u03ae\u03c1\u03b9 \u039f\u03b9\u03ba\u03bf\u03c4\u03b5\u03c7\u03bd\u03af\u03b1\u03c2 - BelgoMilk","og_description":"\u039b\u03b1\u03bc\u03b2\u03ac\u03bd\u03bf\u03bd\u03c4\u03b1\u03c2 \u03c5\u03c0\u03cc\u03c8\u03b7 \u03c4\u03b9\u03c2 \u03b4\u03c5\u03c3\u03ba\u03bf\u03bb\u03af\u03b5\u03c2 \u03c4\u03b7\u03c2 \u03b5\u03c0\u03bf\u03c7\u03ae\u03c2 \u03ba\u03b1\u03b9 \u03c5\u03c0\u03bf\u03bb\u03bf\u03b3\u03af\u03b6\u03bf\u03bd\u03c4\u03b1\u03c2 \u03c0\u03ac\u03bd\u03c4\u03b1 \u03c4\u03b9\u03c2 \u03b1\u03bd\u03ac\u03b3\u03ba\u03b5\u03c2 \u03c4\u03c9\u03bd \u03c4\u03c5\u03c1\u03bf\u03ba\u03cc\u03bc\u03c9\u03bd\/\u03b3\u03b1\u03bb\u03b1\u03ba\u03c4\u03bf\u03c0\u03b1\u03c1\u03b1\u03b3\u03c9\u03b3\u03ce\u03bd, \u03b7 \u03b5\u03c4\u03b1\u03b9\u03c1\u03af\u03b1 \u03bc\u03b1\u03c2 \u03b5\u03be\u03ad\u03bb\u03b9\u03be\u03b5 \u03c4\u03bf \u03c0\u03b9\u03bf \u03ba\u03b1\u03b9\u03bd\u03bf\u03c4\u03cc\u03bc\u03bf \u03c4\u03b7\u03c2 \u03c0\u03c1\u03bf\u03ca\u03cc\u03bd (tyrobox\u00ae \u03bf\u03b9\u03ba\u03bf\u03b3\u03b5\u03bd\u03b5\u03b9\u03b1\u03ba\u03cc \u03c4\u03c5\u03c1\u03bf\u03ba\u03bf\u03bc\u03b9\u03ba\u03cc \u03b5\u03c1\u03b3\u03b1\u03c3\u03c4\u03ae\u03c1\u03b9) \u03c0\u03b1\u03c1\u03bf\u03c5\u03c3\u03b9\u03ac\u03b6\u03bf\u03bd\u03c4\u03b1\u03c2 \u03ad\u03bd\u03b1 \u03bd\u03ad\u03bf \u03c0\u03c1\u03bf\u03ca\u03cc\u03bd, \u03c4\u03bf Tyrobox\u00ae \"KIT\".","og_url":"https:\/\/belgomilk.gr\/fr\/produit\/tyrobox-\u03ba\u03b9\u03c4-\u03c4\u03c5\u03c1\u03bf\u03ba\u03bf\u03bc\u03b9\u03ba\u03cc-\u03b5\u03c1\u03b3\u03b1\u03c3\u03c4\u03ae\u03c1\u03b9-\u03bf\u03b9\u03ba\u03bf\u03c4\u03b5\u03c7\u03bd\/","og_site_name":"BelgoMilk","article_modified_time":"2023-03-15T11:05:16+00:00","og_image":[{"width":800,"height":581,"url":"https:\/\/belgomilk.gr\/wp-content\/uploads\/2022\/05\/tyroboxr_kit_2018_90412_web.jpg","type":"image\/jpeg"}],"twitter_card":"summary_large_image","twitter_misc":{"Dur\u00e9e de lecture estim\u00e9e":"1 minute"},"schema":{"@context":"https:\/\/schema.org","@graph":[{"@type":"WebSite","@id":"https:\/\/belgomilk.gr\/#website","url":"https:\/\/belgomilk.gr\/","name":"BelgoMilk","description":"\u0395\u03be\u03bf\u03c0\u03bb\u03b9\u03c3\u03bc\u03cc\u03c2 \u03b3\u03b9\u03b1 \u03a3\u03cd\u03b3\u03c7\u03c1\u03bf\u03bd\u03b5\u03c2 \u039a\u03c4\u03b7\u03bd\u03bf\u03c4\u03c1\u03bf\u03c6\u03b9\u03ba\u03ad\u03c2 &amp; \u0393\u03b1\u03bb\u03b1\u03ba\u03c4\u03bf\u03b2\u03b9\u03bf\u03bc\u03b7\u03c7\u03b1\u03bd\u03b9\u03ba\u03ad\u03c2 \u039c\u03bf\u03bd\u03ac\u03b4\u03b5\u03c2","potentialAction":[{"@type":"SearchAction","target":{"@type":"EntryPoint","urlTemplate":"https:\/\/belgomilk.gr\/?s={search_term_string}"},"query-input":"required name=search_term_string"}],"inLanguage":"fr-FR"},{"@type":"ImageObject","inLanguage":"fr-FR","@id":"https:\/\/belgomilk.gr\/fr\/produit\/tyrobox-%ce%ba%ce%b9%cf%84-%cf%84%cf%85%cf%81%ce%bf%ce%ba%ce%bf%ce%bc%ce%b9%ce%ba%cf%8c-%ce%b5%cf%81%ce%b3%ce%b1%cf%83%cf%84%ce%ae%cf%81%ce%b9-%ce%bf%ce%b9%ce%ba%ce%bf%cf%84%ce%b5%cf%87%ce%bd\/#primaryimage","url":"https:\/\/belgomilk.gr\/wp-content\/uploads\/2022\/05\/tyroboxr_kit_2018_90412_web.jpg","contentUrl":"https:\/\/belgomilk.gr\/wp-content\/uploads\/2022\/05\/tyroboxr_kit_2018_90412_web.jpg","width":800,"height":581},{"@type":"WebPage","@id":"https:\/\/belgomilk.gr\/fr\/produit\/tyrobox-%ce%ba%ce%b9%cf%84-%cf%84%cf%85%cf%81%ce%bf%ce%ba%ce%bf%ce%bc%ce%b9%ce%ba%cf%8c-%ce%b5%cf%81%ce%b3%ce%b1%cf%83%cf%84%ce%ae%cf%81%ce%b9-%ce%bf%ce%b9%ce%ba%ce%bf%cf%84%ce%b5%cf%87%ce%bd\/#webpage","url":"https:\/\/belgomilk.gr\/fr\/produit\/tyrobox-%ce%ba%ce%b9%cf%84-%cf%84%cf%85%cf%81%ce%bf%ce%ba%ce%bf%ce%bc%ce%b9%ce%ba%cf%8c-%ce%b5%cf%81%ce%b3%ce%b1%cf%83%cf%84%ce%ae%cf%81%ce%b9-%ce%bf%ce%b9%ce%ba%ce%bf%cf%84%ce%b5%cf%87%ce%bd\/","name":"Tyrobox\u00ae \u039a\u0399\u03a4 - \u03a4\u03c5\u03c1\u03bf\u03ba\u03bf\u03bc\u03b9\u03ba\u03cc \u03b5\u03c1\u03b3\u03b1\u03c3\u03c4\u03ae\u03c1\u03b9 \u039f\u03b9\u03ba\u03bf\u03c4\u03b5\u03c7\u03bd\u03af\u03b1\u03c2 - BelgoMilk","isPartOf":{"@id":"https:\/\/belgomilk.gr\/#website"},"primaryImageOfPage":{"@id":"https:\/\/belgomilk.gr\/fr\/produit\/tyrobox-%ce%ba%ce%b9%cf%84-%cf%84%cf%85%cf%81%ce%bf%ce%ba%ce%bf%ce%bc%ce%b9%ce%ba%cf%8c-%ce%b5%cf%81%ce%b3%ce%b1%cf%83%cf%84%ce%ae%cf%81%ce%b9-%ce%bf%ce%b9%ce%ba%ce%bf%cf%84%ce%b5%cf%87%ce%bd\/#primaryimage"},"datePublished":"2022-03-23T10:07:11+00:00","dateModified":"2023-03-15T11:05:16+00:00","breadcrumb":{"@id":"https:\/\/belgomilk.gr\/fr\/produit\/tyrobox-%ce%ba%ce%b9%cf%84-%cf%84%cf%85%cf%81%ce%bf%ce%ba%ce%bf%ce%bc%ce%b9%ce%ba%cf%8c-%ce%b5%cf%81%ce%b3%ce%b1%cf%83%cf%84%ce%ae%cf%81%ce%b9-%ce%bf%ce%b9%ce%ba%ce%bf%cf%84%ce%b5%cf%87%ce%bd\/#breadcrumb"},"inLanguage":"fr-FR","potentialAction":[{"@type":"ReadAction","target":["https:\/\/belgomilk.gr\/fr\/produit\/tyrobox-%ce%ba%ce%b9%cf%84-%cf%84%cf%85%cf%81%ce%bf%ce%ba%ce%bf%ce%bc%ce%b9%ce%ba%cf%8c-%ce%b5%cf%81%ce%b3%ce%b1%cf%83%cf%84%ce%ae%cf%81%ce%b9-%ce%bf%ce%b9%ce%ba%ce%bf%cf%84%ce%b5%cf%87%ce%bd\/"]}]},{"@type":"BreadcrumbList","@id":"https:\/\/belgomilk.gr\/fr\/produit\/tyrobox-%ce%ba%ce%b9%cf%84-%cf%84%cf%85%cf%81%ce%bf%ce%ba%ce%bf%ce%bc%ce%b9%ce%ba%cf%8c-%ce%b5%cf%81%ce%b3%ce%b1%cf%83%cf%84%ce%ae%cf%81%ce%b9-%ce%bf%ce%b9%ce%ba%ce%bf%cf%84%ce%b5%cf%87%ce%bd\/#breadcrumb","itemListElement":[{"@type":"ListItem","position":1,"name":"\u0391\u03c1\u03c7\u03b9\u03ba\u03ae","item":"https:\/\/belgomilk.gr\/"},{"@type":"ListItem","position":2,"name":"\u039a\u03b1\u03c4\u03ac\u03c3\u03c4\u03b7\u03bc\u03b1","item":"https:\/\/belgomilk.gr\/shop\/"},{"@type":"ListItem","position":3,"name":"Tyrobox\u00ae \u039a\u0399\u03a4 &#8211; \u03a4\u03c5\u03c1\u03bf\u03ba\u03bf\u03bc\u03b9\u03ba\u03cc \u03b5\u03c1\u03b3\u03b1\u03c3\u03c4\u03ae\u03c1\u03b9 \u039f\u03b9\u03ba\u03bf\u03c4\u03b5\u03c7\u03bd\u03af\u03b1\u03c2"}]}]}},"_links":{"self":[{"href":"https:\/\/belgomilk.gr\/fr\/wp-json\/wp\/v2\/product\/852","targetHints":{"allow":["GET"]}}],"collection":[{"href":"https:\/\/belgomilk.gr\/fr\/wp-json\/wp\/v2\/product"}],"about":[{"href":"https:\/\/belgomilk.gr\/fr\/wp-json\/wp\/v2\/types\/product"}],"wp:featuredmedia":[{"embeddable":true,"href":"https:\/\/belgomilk.gr\/fr\/wp-json\/wp\/v2\/media\/853"}],"wp:attachment":[{"href":"https:\/\/belgomilk.gr\/fr\/wp-json\/wp\/v2\/media?parent=852"}],"wp:term":[{"taxonomy":"product_cat","embeddable":true,"href":"https:\/\/belgomilk.gr\/fr\/wp-json\/wp\/v2\/product_cat?post=852"},{"taxonomy":"product_tag","embeddable":true,"href":"https:\/\/belgomilk.gr\/fr\/wp-json\/wp\/v2\/product_tag?post=852"}],"curies":[{"name":"wp","href":"https:\/\/api.w.org\/{rel}","templated":true}]}}