{"id":896,"date":"2022-05-23T13:36:41","date_gmt":"2022-05-23T10:36:41","guid":{"rendered":"https:\/\/belgomilk.gr\/newsite\/?post_type=product&#038;p=896"},"modified":"2022-05-30T11:42:34","modified_gmt":"2022-05-30T08:42:34","slug":"%cf%80%ce%b1%ce%b3%ce%bf%ce%bb%ce%b5%ce%ba%ce%ac%ce%bd%ce%b7-500lt","status":"publish","type":"product","link":"https:\/\/belgomilk.gr\/fr\/product\/%cf%80%ce%b1%ce%b3%ce%bf%ce%bb%ce%b5%ce%ba%ce%ac%ce%bd%ce%b7-500lt\/","title":{"rendered":"Cuve de r\u00e9frig\u00e9ration 500 litres"},"content":{"rendered":"<ul>\n<li>Rev\u00eatement 2\u0392 \u00e0 l'int\u00e9rieur et SATINE \u00e0 l'ext\u00e9rieur<\/li>\n<li>Fond l\u00e9g\u00e8rement inclin\u00e9 pour assurer la vidange compl\u00e8te<\/li>\n<li>Isolation avec une \u00e9paisse couche de polyur\u00e9thane respectueux de l'environnement<\/li>\n<li>Vanne de s\u00e9curit\u00e9 de type papillon pour la vidange (DN50)<\/li>\n<li>Fond inclin\u00e9 en courbe pour la vidange compl\u00e8te<\/li>\n<li>Barre (indicatrice) de mesure<\/li>\n<li>Pieds r\u00e9glables pour l'alignement<\/li>\n<li>Unit\u00e9 de r\u00e9frig\u00e9ration<\/li>\n<li>Fluide frigorig\u00e8ne de type R404<\/li>\n<li>Faible volume et installation ergonomique<\/li>\n<li>Fabrication conforme \u00e0 la directive \u0392\u0399\u0399 ISO 5708<\/li>\n<li>Tableau \u00e9lectrique de r\u00e9glages automatiques, \u00e9tanche IP55<\/li>\n<li>Syst\u00e8me \u00e9lectrique pour contr\u00f4ler l'agitateur et la temp\u00e9rature de lait, affich\u00e9e en num\u00e9rique<\/li>\n<li>C\u00e2ble avec une fiche de connexion pour prise \u00e9lectrique<\/li>\n<\/ul>\n<p><img loading=\"lazy\" decoding=\"async\" class=\"alignnone wp-image-897 size-full\" src=\"https:\/\/belgomilk.gr\/newsite\/wp-content\/uploads\/2022\/05\/500lt.jpg\" alt=\"\" width=\"1200\" height=\"399\" srcset=\"https:\/\/belgomilk.gr\/wp-content\/uploads\/2022\/05\/500lt.jpg 1200w, https:\/\/belgomilk.gr\/wp-content\/uploads\/2022\/05\/500lt-600x200.jpg 600w, https:\/\/belgomilk.gr\/wp-content\/uploads\/2022\/05\/500lt-300x100.jpg 300w, https:\/\/belgomilk.gr\/wp-content\/uploads\/2022\/05\/500lt-1024x340.jpg 1024w, https:\/\/belgomilk.gr\/wp-content\/uploads\/2022\/05\/500lt-768x255.jpg 768w\" sizes=\"auto, (max-width: 1200px) 100vw, 1200px\" \/><\/p>\n<p>Puissance du moteur : 1,5 CH<\/p>\n<p>Poids: 215 kg<\/p>\n<p>Dimensions:<\/p>\n<table style=\"width: 433px;\" border=\"1\" width=\"433\" cellspacing=\"0\" cellpadding=\"0\" align=\"left\">\n<tbody>\n<tr>\n<td style=\"width: 27.86%; height: 24px;\">\n<p align=\"center\"><strong>type de Cuve de  r\u00e9frig\u00e9ration<\/strong><\/p>\n<\/td>\n<td style=\"width: 9.5%; height: 24px;\">\n<p align=\"center\"><strong>A<\/strong><\/p>\n<\/td>\n<td style=\"width: 10.14%; height: 24px;\">\n<p align=\"center\"><strong>B<\/strong><\/p>\n<\/td>\n<td style=\"width: 10.5%; height: 24px;\">\n<p align=\"center\"><strong>B1<\/strong><\/p>\n<\/td>\n<td style=\"width: 10.5%; height: 24px;\">\n<p align=\"center\"><strong>H<\/strong><\/p>\n<\/td>\n<td style=\"width: 10.5%; height: 24px;\">\n<p align=\"center\"><strong>h1<\/strong><\/p>\n<\/td>\n<td style=\"width: 10.52%; height: 24px;\">\n<p align=\"center\"><strong>h2<\/strong><\/p>\n<\/td>\n<td style=\"width: 10.5%; height: 24px;\">\n<p align=\"center\"><strong>h3<\/strong><\/p>\n<\/td>\n<\/tr>\n<tr>\n<td style=\"width: 27.86%; height: 19px;\">\n<p align=\"center\">\u0392\u039c 500<\/p>\n<\/td>\n<td style=\"width: 9.5%; height: 19px;\">\n<p align=\"center\">120,0<\/p>\n<\/td>\n<td style=\"width: 10.14%; height: 19px;\">\n<p align=\"center\">210,0<\/p>\n<\/td>\n<td style=\"width: 10.5%; height: 19px;\">\n<p align=\"center\">80,0<\/p>\n<\/td>\n<td style=\"width: 10.5%; height: 19px;\">\n<p align=\"center\">115,0<\/p>\n<\/td>\n<td style=\"width: 10.5%; height: 19px;\">\n<p align=\"center\">19,0<\/p>\n<\/td>\n<td style=\"width: 10.52%; height: 19px;\">\n<p align=\"center\">62,5<\/p>\n<\/td>\n<td style=\"width: 10.5%; height: 19px;\">\n<p align=\"center\">81,5<\/p>\n<\/td>\n<\/tr>\n<\/tbody>\n<\/table>","protected":false},"excerpt":{"rendered":"<p>Cuve de r\u00e9frig\u00e9ration 500 litres<\/p>\n<p>Type: B\u039c 500<br \/>\nTank \u00e0 lait cylindrique vertical, enti\u00e8rement en acier inoxydable AISI 304<\/p>","protected":false},"featured_media":898,"template":"","meta":[],"product_cat":[23],"product_tag":[],"class_list":["post-896","product","type-product","status-publish","has-post-thumbnail","hentry","product_cat-pagolekanes"],"yoast_head":"<!-- This site is optimized with the Yoast SEO plugin v18.9 - https:\/\/yoast.com\/wordpress\/plugins\/seo\/ -->\n<title>\u03a0\u03b1\u03b3\u03bf\u03bb\u03b5\u03ba\u03ac\u03bd\u03b7 500lt - BelgoMilk<\/title>\n<meta name=\"robots\" content=\"index, follow, max-snippet:-1, max-image-preview:large, max-video-preview:-1\" \/>\n<link rel=\"canonical\" href=\"https:\/\/belgomilk.gr\/fr\/produit\/\u03c0\u03b1\u03b3\u03bf\u03bb\u03b5\u03ba\u03ac\u03bd\u03b7-500lt\/\" \/>\n<meta property=\"og:locale\" content=\"fr_FR\" \/>\n<meta property=\"og:type\" content=\"article\" \/>\n<meta property=\"og:title\" content=\"\u03a0\u03b1\u03b3\u03bf\u03bb\u03b5\u03ba\u03ac\u03bd\u03b7 500lt - BelgoMilk\" \/>\n<meta property=\"og:description\" content=\"\u03a0\u0391\u0393\u039f\u039b\u0395\u039a\u0391\u039d\u0397 500lt  \u03a4\u03cd\u03c0\u03bf\u03c2: B\u039c 500 \u039a\u03c5\u03bb\u03b9\u03bd\u03b4\u03c1\u03b9\u03ba\u03ae, \u03ba\u03ac\u03b8\u03b5\u03c4\u03b7 \u03b4\u03b5\u03be\u03b1\u03bc\u03b5\u03bd\u03ae \u03b5\u03be \u03bf\u03bb\u03bf\u03ba\u03bb\u03ae\u03c1\u03bf\u03c5 \u03b1\u03c0\u03cc \u03b1\u03bd\u03bf\u03be\u03b5\u03af\u03b4\u03c9\u03c4\u03bf \u03c7\u03ac\u03bb\u03c5\u03b2\u03b1 AISI 304\" \/>\n<meta property=\"og:url\" content=\"https:\/\/belgomilk.gr\/fr\/produit\/\u03c0\u03b1\u03b3\u03bf\u03bb\u03b5\u03ba\u03ac\u03bd\u03b7-500lt\/\" \/>\n<meta property=\"og:site_name\" content=\"BelgoMilk\" \/>\n<meta property=\"article:modified_time\" content=\"2022-05-30T08:42:34+00:00\" \/>\n<meta property=\"og:image\" content=\"https:\/\/belgomilk.gr\/wp-content\/uploads\/2022\/05\/pagolekani500.jpg\" \/>\n\t<meta property=\"og:image:width\" content=\"480\" \/>\n\t<meta property=\"og:image:height\" content=\"343\" \/>\n\t<meta property=\"og:image:type\" content=\"image\/jpeg\" \/>\n<meta name=\"twitter:card\" content=\"summary_large_image\" \/>\n<script type=\"application\/ld+json\" class=\"yoast-schema-graph\">{\"@context\":\"https:\/\/schema.org\",\"@graph\":[{\"@type\":\"WebSite\",\"@id\":\"https:\/\/belgomilk.gr\/#website\",\"url\":\"https:\/\/belgomilk.gr\/\",\"name\":\"BelgoMilk\",\"description\":\"\u0395\u03be\u03bf\u03c0\u03bb\u03b9\u03c3\u03bc\u03cc\u03c2 \u03b3\u03b9\u03b1 \u03a3\u03cd\u03b3\u03c7\u03c1\u03bf\u03bd\u03b5\u03c2 \u039a\u03c4\u03b7\u03bd\u03bf\u03c4\u03c1\u03bf\u03c6\u03b9\u03ba\u03ad\u03c2 &amp; \u0393\u03b1\u03bb\u03b1\u03ba\u03c4\u03bf\u03b2\u03b9\u03bf\u03bc\u03b7\u03c7\u03b1\u03bd\u03b9\u03ba\u03ad\u03c2 \u039c\u03bf\u03bd\u03ac\u03b4\u03b5\u03c2\",\"potentialAction\":[{\"@type\":\"SearchAction\",\"target\":{\"@type\":\"EntryPoint\",\"urlTemplate\":\"https:\/\/belgomilk.gr\/?s={search_term_string}\"},\"query-input\":\"required name=search_term_string\"}],\"inLanguage\":\"fr-FR\"},{\"@type\":\"ImageObject\",\"inLanguage\":\"fr-FR\",\"@id\":\"https:\/\/belgomilk.gr\/product\/%cf%80%ce%b1%ce%b3%ce%bf%ce%bb%ce%b5%ce%ba%ce%ac%ce%bd%ce%b7-500lt\/#primaryimage\",\"url\":\"https:\/\/belgomilk.gr\/wp-content\/uploads\/2022\/05\/pagolekani500.jpg\",\"contentUrl\":\"https:\/\/belgomilk.gr\/wp-content\/uploads\/2022\/05\/pagolekani500.jpg\",\"width\":480,\"height\":343},{\"@type\":\"WebPage\",\"@id\":\"https:\/\/belgomilk.gr\/product\/%cf%80%ce%b1%ce%b3%ce%bf%ce%bb%ce%b5%ce%ba%ce%ac%ce%bd%ce%b7-500lt\/#webpage\",\"url\":\"https:\/\/belgomilk.gr\/product\/%cf%80%ce%b1%ce%b3%ce%bf%ce%bb%ce%b5%ce%ba%ce%ac%ce%bd%ce%b7-500lt\/\",\"name\":\"\u03a0\u03b1\u03b3\u03bf\u03bb\u03b5\u03ba\u03ac\u03bd\u03b7 500lt - BelgoMilk\",\"isPartOf\":{\"@id\":\"https:\/\/belgomilk.gr\/#website\"},\"primaryImageOfPage\":{\"@id\":\"https:\/\/belgomilk.gr\/product\/%cf%80%ce%b1%ce%b3%ce%bf%ce%bb%ce%b5%ce%ba%ce%ac%ce%bd%ce%b7-500lt\/#primaryimage\"},\"datePublished\":\"2022-05-23T10:36:41+00:00\",\"dateModified\":\"2022-05-30T08:42:34+00:00\",\"breadcrumb\":{\"@id\":\"https:\/\/belgomilk.gr\/product\/%cf%80%ce%b1%ce%b3%ce%bf%ce%bb%ce%b5%ce%ba%ce%ac%ce%bd%ce%b7-500lt\/#breadcrumb\"},\"inLanguage\":\"fr-FR\",\"potentialAction\":[{\"@type\":\"ReadAction\",\"target\":[\"https:\/\/belgomilk.gr\/product\/%cf%80%ce%b1%ce%b3%ce%bf%ce%bb%ce%b5%ce%ba%ce%ac%ce%bd%ce%b7-500lt\/\"]}]},{\"@type\":\"BreadcrumbList\",\"@id\":\"https:\/\/belgomilk.gr\/product\/%cf%80%ce%b1%ce%b3%ce%bf%ce%bb%ce%b5%ce%ba%ce%ac%ce%bd%ce%b7-500lt\/#breadcrumb\",\"itemListElement\":[{\"@type\":\"ListItem\",\"position\":1,\"name\":\"\u0391\u03c1\u03c7\u03b9\u03ba\u03ae\",\"item\":\"https:\/\/belgomilk.gr\/\"},{\"@type\":\"ListItem\",\"position\":2,\"name\":\"\u039a\u03b1\u03c4\u03ac\u03c3\u03c4\u03b7\u03bc\u03b1\",\"item\":\"https:\/\/belgomilk.gr\/shop\/\"},{\"@type\":\"ListItem\",\"position\":3,\"name\":\"\u03a0\u03b1\u03b3\u03bf\u03bb\u03b5\u03ba\u03ac\u03bd\u03b7 500lt\"}]}]}<\/script>\n<!-- \/ Yoast SEO plugin. -->","yoast_head_json":{"title":"\u03a0\u03b1\u03b3\u03bf\u03bb\u03b5\u03ba\u03ac\u03bd\u03b7 500lt - BelgoMilk","robots":{"index":"index","follow":"follow","max-snippet":"max-snippet:-1","max-image-preview":"max-image-preview:large","max-video-preview":"max-video-preview:-1"},"canonical":"https:\/\/belgomilk.gr\/fr\/produit\/\u03c0\u03b1\u03b3\u03bf\u03bb\u03b5\u03ba\u03ac\u03bd\u03b7-500lt\/","og_locale":"fr_FR","og_type":"article","og_title":"\u03a0\u03b1\u03b3\u03bf\u03bb\u03b5\u03ba\u03ac\u03bd\u03b7 500lt - BelgoMilk","og_description":"\u03a0\u0391\u0393\u039f\u039b\u0395\u039a\u0391\u039d\u0397 500lt  \u03a4\u03cd\u03c0\u03bf\u03c2: B\u039c 500 \u039a\u03c5\u03bb\u03b9\u03bd\u03b4\u03c1\u03b9\u03ba\u03ae, \u03ba\u03ac\u03b8\u03b5\u03c4\u03b7 \u03b4\u03b5\u03be\u03b1\u03bc\u03b5\u03bd\u03ae \u03b5\u03be \u03bf\u03bb\u03bf\u03ba\u03bb\u03ae\u03c1\u03bf\u03c5 \u03b1\u03c0\u03cc \u03b1\u03bd\u03bf\u03be\u03b5\u03af\u03b4\u03c9\u03c4\u03bf \u03c7\u03ac\u03bb\u03c5\u03b2\u03b1 AISI 304","og_url":"https:\/\/belgomilk.gr\/fr\/produit\/\u03c0\u03b1\u03b3\u03bf\u03bb\u03b5\u03ba\u03ac\u03bd\u03b7-500lt\/","og_site_name":"BelgoMilk","article_modified_time":"2022-05-30T08:42:34+00:00","og_image":[{"width":480,"height":343,"url":"https:\/\/belgomilk.gr\/wp-content\/uploads\/2022\/05\/pagolekani500.jpg","type":"image\/jpeg"}],"twitter_card":"summary_large_image","schema":{"@context":"https:\/\/schema.org","@graph":[{"@type":"WebSite","@id":"https:\/\/belgomilk.gr\/#website","url":"https:\/\/belgomilk.gr\/","name":"BelgoMilk","description":"\u0395\u03be\u03bf\u03c0\u03bb\u03b9\u03c3\u03bc\u03cc\u03c2 \u03b3\u03b9\u03b1 \u03a3\u03cd\u03b3\u03c7\u03c1\u03bf\u03bd\u03b5\u03c2 \u039a\u03c4\u03b7\u03bd\u03bf\u03c4\u03c1\u03bf\u03c6\u03b9\u03ba\u03ad\u03c2 &amp; \u0393\u03b1\u03bb\u03b1\u03ba\u03c4\u03bf\u03b2\u03b9\u03bf\u03bc\u03b7\u03c7\u03b1\u03bd\u03b9\u03ba\u03ad\u03c2 \u039c\u03bf\u03bd\u03ac\u03b4\u03b5\u03c2","potentialAction":[{"@type":"SearchAction","target":{"@type":"EntryPoint","urlTemplate":"https:\/\/belgomilk.gr\/?s={search_term_string}"},"query-input":"required name=search_term_string"}],"inLanguage":"fr-FR"},{"@type":"ImageObject","inLanguage":"fr-FR","@id":"https:\/\/belgomilk.gr\/product\/%cf%80%ce%b1%ce%b3%ce%bf%ce%bb%ce%b5%ce%ba%ce%ac%ce%bd%ce%b7-500lt\/#primaryimage","url":"https:\/\/belgomilk.gr\/wp-content\/uploads\/2022\/05\/pagolekani500.jpg","contentUrl":"https:\/\/belgomilk.gr\/wp-content\/uploads\/2022\/05\/pagolekani500.jpg","width":480,"height":343},{"@type":"WebPage","@id":"https:\/\/belgomilk.gr\/product\/%cf%80%ce%b1%ce%b3%ce%bf%ce%bb%ce%b5%ce%ba%ce%ac%ce%bd%ce%b7-500lt\/#webpage","url":"https:\/\/belgomilk.gr\/product\/%cf%80%ce%b1%ce%b3%ce%bf%ce%bb%ce%b5%ce%ba%ce%ac%ce%bd%ce%b7-500lt\/","name":"\u03a0\u03b1\u03b3\u03bf\u03bb\u03b5\u03ba\u03ac\u03bd\u03b7 500lt - BelgoMilk","isPartOf":{"@id":"https:\/\/belgomilk.gr\/#website"},"primaryImageOfPage":{"@id":"https:\/\/belgomilk.gr\/product\/%cf%80%ce%b1%ce%b3%ce%bf%ce%bb%ce%b5%ce%ba%ce%ac%ce%bd%ce%b7-500lt\/#primaryimage"},"datePublished":"2022-05-23T10:36:41+00:00","dateModified":"2022-05-30T08:42:34+00:00","breadcrumb":{"@id":"https:\/\/belgomilk.gr\/product\/%cf%80%ce%b1%ce%b3%ce%bf%ce%bb%ce%b5%ce%ba%ce%ac%ce%bd%ce%b7-500lt\/#breadcrumb"},"inLanguage":"fr-FR","potentialAction":[{"@type":"ReadAction","target":["https:\/\/belgomilk.gr\/product\/%cf%80%ce%b1%ce%b3%ce%bf%ce%bb%ce%b5%ce%ba%ce%ac%ce%bd%ce%b7-500lt\/"]}]},{"@type":"BreadcrumbList","@id":"https:\/\/belgomilk.gr\/product\/%cf%80%ce%b1%ce%b3%ce%bf%ce%bb%ce%b5%ce%ba%ce%ac%ce%bd%ce%b7-500lt\/#breadcrumb","itemListElement":[{"@type":"ListItem","position":1,"name":"\u0391\u03c1\u03c7\u03b9\u03ba\u03ae","item":"https:\/\/belgomilk.gr\/"},{"@type":"ListItem","position":2,"name":"\u039a\u03b1\u03c4\u03ac\u03c3\u03c4\u03b7\u03bc\u03b1","item":"https:\/\/belgomilk.gr\/shop\/"},{"@type":"ListItem","position":3,"name":"\u03a0\u03b1\u03b3\u03bf\u03bb\u03b5\u03ba\u03ac\u03bd\u03b7 500lt"}]}]}},"_links":{"self":[{"href":"https:\/\/belgomilk.gr\/fr\/wp-json\/wp\/v2\/product\/896","targetHints":{"allow":["GET"]}}],"collection":[{"href":"https:\/\/belgomilk.gr\/fr\/wp-json\/wp\/v2\/product"}],"about":[{"href":"https:\/\/belgomilk.gr\/fr\/wp-json\/wp\/v2\/types\/product"}],"wp:featuredmedia":[{"embeddable":true,"href":"https:\/\/belgomilk.gr\/fr\/wp-json\/wp\/v2\/media\/898"}],"wp:attachment":[{"href":"https:\/\/belgomilk.gr\/fr\/wp-json\/wp\/v2\/media?parent=896"}],"wp:term":[{"taxonomy":"product_cat","embeddable":true,"href":"https:\/\/belgomilk.gr\/fr\/wp-json\/wp\/v2\/product_cat?post=896"},{"taxonomy":"product_tag","embeddable":true,"href":"https:\/\/belgomilk.gr\/fr\/wp-json\/wp\/v2\/product_tag?post=896"}],"curies":[{"name":"wp","href":"https:\/\/api.w.org\/{rel}","templated":true}]}}