{"id":920,"date":"2022-05-23T13:54:04","date_gmt":"2022-05-23T10:54:04","guid":{"rendered":"https:\/\/belgomilk.gr\/newsite\/?post_type=product&#038;p=920"},"modified":"2022-05-23T13:54:05","modified_gmt":"2022-05-23T10:54:05","slug":"%ce%b1%cf%85%cf%84%cf%8c%ce%bc%ce%b1%cf%84%ce%b7-%ce%bc%ce%b7%cf%87%ce%b1%ce%bd%ce%ae-%cf%83%cf%85%cf%83%ce%ba%ce%b5%cf%85%ce%b1%cf%83%ce%af%ce%b1%cf%82-%ce%b3%ce%b9%ce%b1%ce%bf%cf%85%cf%81%cf%84","status":"publish","type":"product","link":"https:\/\/belgomilk.gr\/fr\/product\/%ce%b1%cf%85%cf%84%cf%8c%ce%bc%ce%b1%cf%84%ce%b7-%ce%bc%ce%b7%cf%87%ce%b1%ce%bd%ce%ae-%cf%83%cf%85%cf%83%ce%ba%ce%b5%cf%85%ce%b1%cf%83%ce%af%ce%b1%cf%82-%ce%b3%ce%b9%ce%b1%ce%bf%cf%85%cf%81%cf%84\/","title":{"rendered":"Machine d'emballage automatique pour yaourt"},"content":{"rendered":"<ul>\n<li>Le pot \u00e0 yaourt tombe<\/li>\n<li>Station de remplissage<\/li>\n<li>Application de l'aluminium (opercule pr\u00e9d\u00e9coup\u00e9)<\/li>\n<li>\u00c9tanch\u00e9it\u00e9<\/li>\n<li>Datation<\/li>\n<li>Sortie du convoyeur<\/li>\n<li>R\u00e9glage automatique de la date<\/li>\n<\/ul>\n<p><strong>L'appareil de remplissage de pots de yaourt a trois cellules photo\u00e9lectriques<\/strong><\/p>\n<ul>\n<li>La cellule photo\u00e9lectrique de remplissage v\u00e9rifie la pr\u00e9sence d'un pot \u00e0 yaourt. Gr\u00e2ce \u00e0 ce syst\u00e8me photo\u00e9lectrique, l'appareil ne gaspillera pas le produit. En absence de pot, le remplissage ne fonctionnera pas.<\/li>\n<li>La cellule photo\u00e9lectrique des opercules en aluminium v\u00e9rifie la pr\u00e9sence d'un pot \u00e0 yaourt : gr\u00e2ce \u00e0 ce syst\u00e8me, si un pot \u00e0 yaourt est absent, l'appareil ne gaspillera pas les opercules en aluminium.<\/li>\n<li>La cellule photo\u00e9lectrique de la fermeture v\u00e9rifie la pr\u00e9sence des opercules en aluminium sur les pots de yaourt : gr\u00e2ce \u00e0 ce syst\u00e8me, si l'opercule est absent sur un pot de yaourt, l'appareil s'arr\u00eatera avant d'arriver \u00e0 l'unit\u00e9 de scellage.<\/li>\n<\/ul>\n<p><strong>L'appareil offre plusieurs options pour remplir et sceller les pots de yaourt<\/strong><\/p>\n<ul>\n<li>Filtre de flux : \u0397\u0395\u03a1\u0391<\/li>\n<li>Deuxi\u00e8me station de remplissage pour traiter simultan\u00e9ment deux produits diff\u00e9rents<\/li>\n<li>R\u00e9glage de la position entre deux opercules<\/li>\n<li>D\u00e9coupage et scellage de l'opercule<\/li>\n<li>Rayons UV pour st\u00e9riliser le pot \u00e0 yaourt et l'opercule<\/li>\n<li>Syst\u00e8me de nettoyage en place (NEP)<\/li>\n<li>Sortie : Rotation de la table tournante<\/li>\n<\/ul>\n<p><iframe loading=\"lazy\" title=\"\u0391\u03a5\u03a4\u039f\u039c\u0391\u03a4\u0397 \u039c\u0397\u03a7\u0391\u039d\u0397 \u03a3\u03a5\u03a3\u039a\u0395\u03a5\u0391\u03a3\u0399\u0391\u03a3 \u0393\u0399\u0391\u039f\u03a5\u03a1\u03a4\u0399\u039f\u03a5\" width=\"800\" height=\"600\" src=\"https:\/\/www.youtube.com\/embed\/6RKABQR2sIY?feature=oembed\" frameborder=\"0\" allow=\"accelerometer; autoplay; clipboard-write; encrypted-media; gyroscope; picture-in-picture\" allowfullscreen><\/iframe><\/p>","protected":false},"excerpt":{"rendered":"<p>Machine d'emballage automatique pour yaourt<\/p>\n<p>800 \u2013 1000 pots de yaourt \/ heure<\/p>","protected":false},"featured_media":921,"template":"","meta":[],"product_cat":[26],"product_tag":[],"class_list":["post-920","product","type-product","status-publish","has-post-thumbnail","hentry","product_cat-automath-mhxanh-suskevasias-giaourtiou"],"yoast_head":"<!-- This site is optimized with the Yoast SEO plugin v18.9 - https:\/\/yoast.com\/wordpress\/plugins\/seo\/ -->\n<title>\u0391\u03c5\u03c4\u03cc\u03bc\u03b1\u03c4\u03b7 \u03bc\u03b7\u03c7\u03b1\u03bd\u03ae \u03c3\u03c5\u03c3\u03ba\u03b5\u03c5\u03b1\u03c3\u03af\u03b1\u03c2 \u03b3\u03b9\u03b1\u03bf\u03c5\u03c1\u03c4\u03b9\u03bf\u03cd - BelgoMilk<\/title>\n<meta name=\"robots\" content=\"index, follow, max-snippet:-1, max-image-preview:large, max-video-preview:-1\" \/>\n<link rel=\"canonical\" href=\"https:\/\/belgomilk.gr\/fr\/produit\/\u03b1\u03c5\u03c4\u03cc\u03bc\u03b1\u03c4\u03b7-\u03bc\u03b7\u03c7\u03b1\u03bd\u03ae-\u03c3\u03c5\u03c3\u03ba\u03b5\u03c5\u03b1\u03c3\u03af\u03b1\u03c2-\u03b3\u03b9\u03b1\u03bf\u03c5\u03c1\u03c4\/\" \/>\n<meta property=\"og:locale\" content=\"fr_FR\" \/>\n<meta property=\"og:type\" content=\"article\" \/>\n<meta property=\"og:title\" content=\"\u0391\u03c5\u03c4\u03cc\u03bc\u03b1\u03c4\u03b7 \u03bc\u03b7\u03c7\u03b1\u03bd\u03ae \u03c3\u03c5\u03c3\u03ba\u03b5\u03c5\u03b1\u03c3\u03af\u03b1\u03c2 \u03b3\u03b9\u03b1\u03bf\u03c5\u03c1\u03c4\u03b9\u03bf\u03cd - BelgoMilk\" \/>\n<meta property=\"og:description\" content=\"\u0391\u03c5\u03c4\u03cc\u03bc\u03b1\u03c4\u03b7 \u03bc\u03b7\u03c7\u03b1\u03bd\u03ae \u03c3\u03c5\u03c3\u03ba\u03b5\u03c5\u03b1\u03c3\u03af\u03b1\u03c2 \u03b3\u03b9\u03b1\u03bf\u03c5\u03c1\u03c4\u03b9\u03bf\u03cd  800 - 1000 \u03c6\u03bb\u03b9\u03c4\u03b6\u03ac\u03bd\u03b9\u03b1 \/ \u03ce\u03c1\u03b1\" \/>\n<meta property=\"og:url\" content=\"https:\/\/belgomilk.gr\/fr\/produit\/\u03b1\u03c5\u03c4\u03cc\u03bc\u03b1\u03c4\u03b7-\u03bc\u03b7\u03c7\u03b1\u03bd\u03ae-\u03c3\u03c5\u03c3\u03ba\u03b5\u03c5\u03b1\u03c3\u03af\u03b1\u03c2-\u03b3\u03b9\u03b1\u03bf\u03c5\u03c1\u03c4\/\" \/>\n<meta property=\"og:site_name\" content=\"BelgoMilk\" \/>\n<meta property=\"article:modified_time\" content=\"2022-05-23T10:54:05+00:00\" \/>\n<meta property=\"og:image\" content=\"https:\/\/belgomilk.gr\/wp-content\/uploads\/2022\/05\/aytomati-mihani-syskeyasias-giaoyrtioy-ellinika.jpg\" \/>\n\t<meta property=\"og:image:width\" content=\"480\" \/>\n\t<meta property=\"og:image:height\" content=\"360\" \/>\n\t<meta property=\"og:image:type\" content=\"image\/jpeg\" \/>\n<meta name=\"twitter:card\" content=\"summary_large_image\" \/>\n<script type=\"application\/ld+json\" class=\"yoast-schema-graph\">{\"@context\":\"https:\/\/schema.org\",\"@graph\":[{\"@type\":\"WebSite\",\"@id\":\"https:\/\/belgomilk.gr\/#website\",\"url\":\"https:\/\/belgomilk.gr\/\",\"name\":\"BelgoMilk\",\"description\":\"\u0395\u03be\u03bf\u03c0\u03bb\u03b9\u03c3\u03bc\u03cc\u03c2 \u03b3\u03b9\u03b1 \u03a3\u03cd\u03b3\u03c7\u03c1\u03bf\u03bd\u03b5\u03c2 \u039a\u03c4\u03b7\u03bd\u03bf\u03c4\u03c1\u03bf\u03c6\u03b9\u03ba\u03ad\u03c2 &amp; \u0393\u03b1\u03bb\u03b1\u03ba\u03c4\u03bf\u03b2\u03b9\u03bf\u03bc\u03b7\u03c7\u03b1\u03bd\u03b9\u03ba\u03ad\u03c2 \u039c\u03bf\u03bd\u03ac\u03b4\u03b5\u03c2\",\"potentialAction\":[{\"@type\":\"SearchAction\",\"target\":{\"@type\":\"EntryPoint\",\"urlTemplate\":\"https:\/\/belgomilk.gr\/?s={search_term_string}\"},\"query-input\":\"required name=search_term_string\"}],\"inLanguage\":\"fr-FR\"},{\"@type\":\"ImageObject\",\"inLanguage\":\"fr-FR\",\"@id\":\"https:\/\/belgomilk.gr\/product\/%ce%b1%cf%85%cf%84%cf%8c%ce%bc%ce%b1%cf%84%ce%b7-%ce%bc%ce%b7%cf%87%ce%b1%ce%bd%ce%ae-%cf%83%cf%85%cf%83%ce%ba%ce%b5%cf%85%ce%b1%cf%83%ce%af%ce%b1%cf%82-%ce%b3%ce%b9%ce%b1%ce%bf%cf%85%cf%81%cf%84\/#primaryimage\",\"url\":\"https:\/\/belgomilk.gr\/wp-content\/uploads\/2022\/05\/aytomati-mihani-syskeyasias-giaoyrtioy-ellinika.jpg\",\"contentUrl\":\"https:\/\/belgomilk.gr\/wp-content\/uploads\/2022\/05\/aytomati-mihani-syskeyasias-giaoyrtioy-ellinika.jpg\",\"width\":480,\"height\":360},{\"@type\":\"WebPage\",\"@id\":\"https:\/\/belgomilk.gr\/product\/%ce%b1%cf%85%cf%84%cf%8c%ce%bc%ce%b1%cf%84%ce%b7-%ce%bc%ce%b7%cf%87%ce%b1%ce%bd%ce%ae-%cf%83%cf%85%cf%83%ce%ba%ce%b5%cf%85%ce%b1%cf%83%ce%af%ce%b1%cf%82-%ce%b3%ce%b9%ce%b1%ce%bf%cf%85%cf%81%cf%84\/#webpage\",\"url\":\"https:\/\/belgomilk.gr\/product\/%ce%b1%cf%85%cf%84%cf%8c%ce%bc%ce%b1%cf%84%ce%b7-%ce%bc%ce%b7%cf%87%ce%b1%ce%bd%ce%ae-%cf%83%cf%85%cf%83%ce%ba%ce%b5%cf%85%ce%b1%cf%83%ce%af%ce%b1%cf%82-%ce%b3%ce%b9%ce%b1%ce%bf%cf%85%cf%81%cf%84\/\",\"name\":\"\u0391\u03c5\u03c4\u03cc\u03bc\u03b1\u03c4\u03b7 \u03bc\u03b7\u03c7\u03b1\u03bd\u03ae \u03c3\u03c5\u03c3\u03ba\u03b5\u03c5\u03b1\u03c3\u03af\u03b1\u03c2 \u03b3\u03b9\u03b1\u03bf\u03c5\u03c1\u03c4\u03b9\u03bf\u03cd - BelgoMilk\",\"isPartOf\":{\"@id\":\"https:\/\/belgomilk.gr\/#website\"},\"primaryImageOfPage\":{\"@id\":\"https:\/\/belgomilk.gr\/product\/%ce%b1%cf%85%cf%84%cf%8c%ce%bc%ce%b1%cf%84%ce%b7-%ce%bc%ce%b7%cf%87%ce%b1%ce%bd%ce%ae-%cf%83%cf%85%cf%83%ce%ba%ce%b5%cf%85%ce%b1%cf%83%ce%af%ce%b1%cf%82-%ce%b3%ce%b9%ce%b1%ce%bf%cf%85%cf%81%cf%84\/#primaryimage\"},\"datePublished\":\"2022-05-23T10:54:04+00:00\",\"dateModified\":\"2022-05-23T10:54:05+00:00\",\"breadcrumb\":{\"@id\":\"https:\/\/belgomilk.gr\/product\/%ce%b1%cf%85%cf%84%cf%8c%ce%bc%ce%b1%cf%84%ce%b7-%ce%bc%ce%b7%cf%87%ce%b1%ce%bd%ce%ae-%cf%83%cf%85%cf%83%ce%ba%ce%b5%cf%85%ce%b1%cf%83%ce%af%ce%b1%cf%82-%ce%b3%ce%b9%ce%b1%ce%bf%cf%85%cf%81%cf%84\/#breadcrumb\"},\"inLanguage\":\"fr-FR\",\"potentialAction\":[{\"@type\":\"ReadAction\",\"target\":[\"https:\/\/belgomilk.gr\/product\/%ce%b1%cf%85%cf%84%cf%8c%ce%bc%ce%b1%cf%84%ce%b7-%ce%bc%ce%b7%cf%87%ce%b1%ce%bd%ce%ae-%cf%83%cf%85%cf%83%ce%ba%ce%b5%cf%85%ce%b1%cf%83%ce%af%ce%b1%cf%82-%ce%b3%ce%b9%ce%b1%ce%bf%cf%85%cf%81%cf%84\/\"]}]},{\"@type\":\"BreadcrumbList\",\"@id\":\"https:\/\/belgomilk.gr\/product\/%ce%b1%cf%85%cf%84%cf%8c%ce%bc%ce%b1%cf%84%ce%b7-%ce%bc%ce%b7%cf%87%ce%b1%ce%bd%ce%ae-%cf%83%cf%85%cf%83%ce%ba%ce%b5%cf%85%ce%b1%cf%83%ce%af%ce%b1%cf%82-%ce%b3%ce%b9%ce%b1%ce%bf%cf%85%cf%81%cf%84\/#breadcrumb\",\"itemListElement\":[{\"@type\":\"ListItem\",\"position\":1,\"name\":\"\u0391\u03c1\u03c7\u03b9\u03ba\u03ae\",\"item\":\"https:\/\/belgomilk.gr\/\"},{\"@type\":\"ListItem\",\"position\":2,\"name\":\"\u039a\u03b1\u03c4\u03ac\u03c3\u03c4\u03b7\u03bc\u03b1\",\"item\":\"https:\/\/belgomilk.gr\/shop\/\"},{\"@type\":\"ListItem\",\"position\":3,\"name\":\"\u0391\u03c5\u03c4\u03cc\u03bc\u03b1\u03c4\u03b7 \u03bc\u03b7\u03c7\u03b1\u03bd\u03ae \u03c3\u03c5\u03c3\u03ba\u03b5\u03c5\u03b1\u03c3\u03af\u03b1\u03c2 \u03b3\u03b9\u03b1\u03bf\u03c5\u03c1\u03c4\u03b9\u03bf\u03cd\"}]}]}<\/script>\n<!-- \/ Yoast SEO plugin. -->","yoast_head_json":{"title":"\u0391\u03c5\u03c4\u03cc\u03bc\u03b1\u03c4\u03b7 \u03bc\u03b7\u03c7\u03b1\u03bd\u03ae \u03c3\u03c5\u03c3\u03ba\u03b5\u03c5\u03b1\u03c3\u03af\u03b1\u03c2 \u03b3\u03b9\u03b1\u03bf\u03c5\u03c1\u03c4\u03b9\u03bf\u03cd - BelgoMilk","robots":{"index":"index","follow":"follow","max-snippet":"max-snippet:-1","max-image-preview":"max-image-preview:large","max-video-preview":"max-video-preview:-1"},"canonical":"https:\/\/belgomilk.gr\/fr\/produit\/\u03b1\u03c5\u03c4\u03cc\u03bc\u03b1\u03c4\u03b7-\u03bc\u03b7\u03c7\u03b1\u03bd\u03ae-\u03c3\u03c5\u03c3\u03ba\u03b5\u03c5\u03b1\u03c3\u03af\u03b1\u03c2-\u03b3\u03b9\u03b1\u03bf\u03c5\u03c1\u03c4\/","og_locale":"fr_FR","og_type":"article","og_title":"\u0391\u03c5\u03c4\u03cc\u03bc\u03b1\u03c4\u03b7 \u03bc\u03b7\u03c7\u03b1\u03bd\u03ae \u03c3\u03c5\u03c3\u03ba\u03b5\u03c5\u03b1\u03c3\u03af\u03b1\u03c2 \u03b3\u03b9\u03b1\u03bf\u03c5\u03c1\u03c4\u03b9\u03bf\u03cd - BelgoMilk","og_description":"\u0391\u03c5\u03c4\u03cc\u03bc\u03b1\u03c4\u03b7 \u03bc\u03b7\u03c7\u03b1\u03bd\u03ae \u03c3\u03c5\u03c3\u03ba\u03b5\u03c5\u03b1\u03c3\u03af\u03b1\u03c2 \u03b3\u03b9\u03b1\u03bf\u03c5\u03c1\u03c4\u03b9\u03bf\u03cd  800 - 1000 \u03c6\u03bb\u03b9\u03c4\u03b6\u03ac\u03bd\u03b9\u03b1 \/ \u03ce\u03c1\u03b1","og_url":"https:\/\/belgomilk.gr\/fr\/produit\/\u03b1\u03c5\u03c4\u03cc\u03bc\u03b1\u03c4\u03b7-\u03bc\u03b7\u03c7\u03b1\u03bd\u03ae-\u03c3\u03c5\u03c3\u03ba\u03b5\u03c5\u03b1\u03c3\u03af\u03b1\u03c2-\u03b3\u03b9\u03b1\u03bf\u03c5\u03c1\u03c4\/","og_site_name":"BelgoMilk","article_modified_time":"2022-05-23T10:54:05+00:00","og_image":[{"width":480,"height":360,"url":"https:\/\/belgomilk.gr\/wp-content\/uploads\/2022\/05\/aytomati-mihani-syskeyasias-giaoyrtioy-ellinika.jpg","type":"image\/jpeg"}],"twitter_card":"summary_large_image","schema":{"@context":"https:\/\/schema.org","@graph":[{"@type":"WebSite","@id":"https:\/\/belgomilk.gr\/#website","url":"https:\/\/belgomilk.gr\/","name":"BelgoMilk","description":"\u0395\u03be\u03bf\u03c0\u03bb\u03b9\u03c3\u03bc\u03cc\u03c2 \u03b3\u03b9\u03b1 \u03a3\u03cd\u03b3\u03c7\u03c1\u03bf\u03bd\u03b5\u03c2 \u039a\u03c4\u03b7\u03bd\u03bf\u03c4\u03c1\u03bf\u03c6\u03b9\u03ba\u03ad\u03c2 &amp; \u0393\u03b1\u03bb\u03b1\u03ba\u03c4\u03bf\u03b2\u03b9\u03bf\u03bc\u03b7\u03c7\u03b1\u03bd\u03b9\u03ba\u03ad\u03c2 \u039c\u03bf\u03bd\u03ac\u03b4\u03b5\u03c2","potentialAction":[{"@type":"SearchAction","target":{"@type":"EntryPoint","urlTemplate":"https:\/\/belgomilk.gr\/?s={search_term_string}"},"query-input":"required name=search_term_string"}],"inLanguage":"fr-FR"},{"@type":"ImageObject","inLanguage":"fr-FR","@id":"https:\/\/belgomilk.gr\/product\/%ce%b1%cf%85%cf%84%cf%8c%ce%bc%ce%b1%cf%84%ce%b7-%ce%bc%ce%b7%cf%87%ce%b1%ce%bd%ce%ae-%cf%83%cf%85%cf%83%ce%ba%ce%b5%cf%85%ce%b1%cf%83%ce%af%ce%b1%cf%82-%ce%b3%ce%b9%ce%b1%ce%bf%cf%85%cf%81%cf%84\/#primaryimage","url":"https:\/\/belgomilk.gr\/wp-content\/uploads\/2022\/05\/aytomati-mihani-syskeyasias-giaoyrtioy-ellinika.jpg","contentUrl":"https:\/\/belgomilk.gr\/wp-content\/uploads\/2022\/05\/aytomati-mihani-syskeyasias-giaoyrtioy-ellinika.jpg","width":480,"height":360},{"@type":"WebPage","@id":"https:\/\/belgomilk.gr\/product\/%ce%b1%cf%85%cf%84%cf%8c%ce%bc%ce%b1%cf%84%ce%b7-%ce%bc%ce%b7%cf%87%ce%b1%ce%bd%ce%ae-%cf%83%cf%85%cf%83%ce%ba%ce%b5%cf%85%ce%b1%cf%83%ce%af%ce%b1%cf%82-%ce%b3%ce%b9%ce%b1%ce%bf%cf%85%cf%81%cf%84\/#webpage","url":"https:\/\/belgomilk.gr\/product\/%ce%b1%cf%85%cf%84%cf%8c%ce%bc%ce%b1%cf%84%ce%b7-%ce%bc%ce%b7%cf%87%ce%b1%ce%bd%ce%ae-%cf%83%cf%85%cf%83%ce%ba%ce%b5%cf%85%ce%b1%cf%83%ce%af%ce%b1%cf%82-%ce%b3%ce%b9%ce%b1%ce%bf%cf%85%cf%81%cf%84\/","name":"\u0391\u03c5\u03c4\u03cc\u03bc\u03b1\u03c4\u03b7 \u03bc\u03b7\u03c7\u03b1\u03bd\u03ae \u03c3\u03c5\u03c3\u03ba\u03b5\u03c5\u03b1\u03c3\u03af\u03b1\u03c2 \u03b3\u03b9\u03b1\u03bf\u03c5\u03c1\u03c4\u03b9\u03bf\u03cd - BelgoMilk","isPartOf":{"@id":"https:\/\/belgomilk.gr\/#website"},"primaryImageOfPage":{"@id":"https:\/\/belgomilk.gr\/product\/%ce%b1%cf%85%cf%84%cf%8c%ce%bc%ce%b1%cf%84%ce%b7-%ce%bc%ce%b7%cf%87%ce%b1%ce%bd%ce%ae-%cf%83%cf%85%cf%83%ce%ba%ce%b5%cf%85%ce%b1%cf%83%ce%af%ce%b1%cf%82-%ce%b3%ce%b9%ce%b1%ce%bf%cf%85%cf%81%cf%84\/#primaryimage"},"datePublished":"2022-05-23T10:54:04+00:00","dateModified":"2022-05-23T10:54:05+00:00","breadcrumb":{"@id":"https:\/\/belgomilk.gr\/product\/%ce%b1%cf%85%cf%84%cf%8c%ce%bc%ce%b1%cf%84%ce%b7-%ce%bc%ce%b7%cf%87%ce%b1%ce%bd%ce%ae-%cf%83%cf%85%cf%83%ce%ba%ce%b5%cf%85%ce%b1%cf%83%ce%af%ce%b1%cf%82-%ce%b3%ce%b9%ce%b1%ce%bf%cf%85%cf%81%cf%84\/#breadcrumb"},"inLanguage":"fr-FR","potentialAction":[{"@type":"ReadAction","target":["https:\/\/belgomilk.gr\/product\/%ce%b1%cf%85%cf%84%cf%8c%ce%bc%ce%b1%cf%84%ce%b7-%ce%bc%ce%b7%cf%87%ce%b1%ce%bd%ce%ae-%cf%83%cf%85%cf%83%ce%ba%ce%b5%cf%85%ce%b1%cf%83%ce%af%ce%b1%cf%82-%ce%b3%ce%b9%ce%b1%ce%bf%cf%85%cf%81%cf%84\/"]}]},{"@type":"BreadcrumbList","@id":"https:\/\/belgomilk.gr\/product\/%ce%b1%cf%85%cf%84%cf%8c%ce%bc%ce%b1%cf%84%ce%b7-%ce%bc%ce%b7%cf%87%ce%b1%ce%bd%ce%ae-%cf%83%cf%85%cf%83%ce%ba%ce%b5%cf%85%ce%b1%cf%83%ce%af%ce%b1%cf%82-%ce%b3%ce%b9%ce%b1%ce%bf%cf%85%cf%81%cf%84\/#breadcrumb","itemListElement":[{"@type":"ListItem","position":1,"name":"\u0391\u03c1\u03c7\u03b9\u03ba\u03ae","item":"https:\/\/belgomilk.gr\/"},{"@type":"ListItem","position":2,"name":"\u039a\u03b1\u03c4\u03ac\u03c3\u03c4\u03b7\u03bc\u03b1","item":"https:\/\/belgomilk.gr\/shop\/"},{"@type":"ListItem","position":3,"name":"\u0391\u03c5\u03c4\u03cc\u03bc\u03b1\u03c4\u03b7 \u03bc\u03b7\u03c7\u03b1\u03bd\u03ae \u03c3\u03c5\u03c3\u03ba\u03b5\u03c5\u03b1\u03c3\u03af\u03b1\u03c2 \u03b3\u03b9\u03b1\u03bf\u03c5\u03c1\u03c4\u03b9\u03bf\u03cd"}]}]}},"_links":{"self":[{"href":"https:\/\/belgomilk.gr\/fr\/wp-json\/wp\/v2\/product\/920","targetHints":{"allow":["GET"]}}],"collection":[{"href":"https:\/\/belgomilk.gr\/fr\/wp-json\/wp\/v2\/product"}],"about":[{"href":"https:\/\/belgomilk.gr\/fr\/wp-json\/wp\/v2\/types\/product"}],"wp:featuredmedia":[{"embeddable":true,"href":"https:\/\/belgomilk.gr\/fr\/wp-json\/wp\/v2\/media\/921"}],"wp:attachment":[{"href":"https:\/\/belgomilk.gr\/fr\/wp-json\/wp\/v2\/media?parent=920"}],"wp:term":[{"taxonomy":"product_cat","embeddable":true,"href":"https:\/\/belgomilk.gr\/fr\/wp-json\/wp\/v2\/product_cat?post=920"},{"taxonomy":"product_tag","embeddable":true,"href":"https:\/\/belgomilk.gr\/fr\/wp-json\/wp\/v2\/product_tag?post=920"}],"curies":[{"name":"wp","href":"https:\/\/api.w.org\/{rel}","templated":true}]}}