{"id":930,"date":"2022-05-23T14:28:26","date_gmt":"2022-05-23T11:28:26","guid":{"rendered":"https:\/\/belgomilk.gr\/newsite\/?post_type=product&#038;p=930"},"modified":"2022-05-23T14:28:26","modified_gmt":"2022-05-23T11:28:26","slug":"%cf%83%cf%8d%ce%b3%cf%87%cf%81%ce%bf%ce%bd%ce%bf-%ce%b1%cf%81%ce%bc%ce%b5%ce%ba%cf%84%ce%ae%cf%81%ce%b9%ce%bf","status":"publish","type":"product","link":"https:\/\/belgomilk.gr\/fr\/product\/%cf%83%cf%8d%ce%b3%cf%87%cf%81%ce%bf%ce%bd%ce%bf-%ce%b1%cf%81%ce%bc%ce%b5%ce%ba%cf%84%ce%ae%cf%81%ce%b9%ce%bf\/","title":{"rendered":"Salle de traite moderne"},"content":{"rendered":"<ul>\n<li>Salle de traite ultramoderne avec portes pour 12-24-48-60-96 postes de traite de ch\u00e8vres et brebis<\/li>\n<li>Entr\u00e9e rapide<\/li>\n<li>Entr\u00e9e et sortie rapide<\/li>\n<li>Nutrition pour calcul et dosage automatis\u00e9s des aliments distribu\u00e9s<\/li>\n<li>Alimentation automatique des mangeoires<\/li>\n<li>Lavage automatique avec doseurs de d\u00e9tergent<\/li>\n<li>R\u00e9gulateur de vide \u2013 Servomoteur r\u00e9gulateur de vide \u2013 Pompe \u00e0 vide avec moteur \u00e9lectrique incorpor\u00e9<\/li>\n<li>Tableau \u00e9lectrique de r\u00e9glage automatique des pulsateurs avec \u00e9cran LCD<\/li>\n<li>Pulsateurs \u00e9lectroniques<\/li>\n<li>Doseurs de lait pour chaque animal<\/li>\n<\/ul>","protected":false},"excerpt":{"rendered":"<p>\u03a5\u03c0\u03b5\u03c1\u03c3\u03cd\u03b3\u03c7\u03c1\u03bf\u03bd\u03bf \u03b1\u03c1\u03bc\u03b5\u03ba\u03c4\u03ae\u03c1\u03b9\u03bf \u03bc\u03b5 \u03c0\u03cc\u03c1\u03c4\u03b5\u03c2 12-24-48-60-96 \u03b8\u03ad\u03c3\u03b5\u03c9\u03bd \u03b5\u03b3\u03ba\u03bb\u03c9\u03b2\u03b9\u03c3\u03bc\u03bf\u03cd \u03b1\u03b9\u03b3\u03bf\u03c0\u03c1\u03bf\u03b2\u03ac\u03c4\u03c9\u03bd \u03a4\u03b1\u03c7\u03b5\u03af\u03b1\u03c2 \u03c0\u03c1\u03bf\u03c3\u03ad\u03bb\u03b5\u03c5\u03c3\u03b7\u03c2 \u03a4\u03b1\u03c7\u03b5\u03af\u03b1\u03c2 \u03b5\u03b9\u03c3\u03cc\u03b4\u03bf\u03c5 &#8211; \u03b5\u03be\u03cc\u03b4\u03bf\u03c5 \u0391\u03c5\u03c4\u03cc\u03bc\u03b1\u03c4\u03bf \u03c4\u03ac\u03ca\u03c3\u03bc\u03b1 \u03ce\u03c3\u03c4\u03b5 \u03bd\u03b1 \u03bc\u03c0\u03bf\u03c1\u03b5\u03af\u03c4\u03b5 \u03bd\u03b1 \u03c5\u03c0\u03bf\u03bb\u03bf\u03b3\u03af\u03c3\u03b5\u03c4\u03b5 \u03ba\u03b1\u03b9 \u03bd\u03b1 \u03b6\u03c5\u03b3\u03af\u03c3\u03b5\u03c4\u03b5 \u03b1\u03c5\u03c4\u03cc\u03bc\u03b1\u03c4\u03b1 \u03c4\u03b7\u03bd \u03c4\u03c1\u03bf\u03c6\u03ae \u0391\u03c5\u03c4\u03cc\u03bc\u03b1\u03c4\u03b7 \u03c4\u03c1\u03bf\u03c6\u03bf\u03b4\u03bf\u03c3\u03af\u03b1 \u03c4\u03b1\u0390\u03c3\u03bc\u03b1\u03c4\u03bf\u03c2 \u0391\u03c5\u03c4\u03cc\u03bc\u03b1\u03c4\u03bf \u03c0\u03bb\u03c5\u03bd\u03c4\u03ae\u03c1\u03b9\u03bf \u03bc\u03b5 \u03b4\u03bf\u03c3\u03bf\u03bc\u03b5\u03c4\u03c1\u03b7\u03c4\u03ad\u03c2 \u03b1\u03c0\u03bf\u03c1\u03c1\u03c5\u03c0\u03b1\u03bd\u03c4\u03b9\u03ba\u03ce\u03bd \u03a1\u03c5\u03b8\u03bc\u03b9\u03c3\u03c4\u03ae\u03c2 \u03ba\u03b5\u03bd\u03bf\u03cd &#8211; \u03a3\u03b5\u03c1\u03b2\u03bf\u03c1\u03c5\u03b8\u03bc\u03b9\u03c3\u03c4\u03ae\u03c2 \u03ba\u03b5\u03bd\u03bf\u03cd &#8211; \u039c\u03bf\u03bd\u03ac\u03b4\u03b1 \u03ba\u03b5\u03bd\u03bf\u03cd \u03bc\u03b5 \u03b5\u03bd\u03c3\u03c9\u03bc\u03b1\u03c4\u03c9\u03bc\u03ad\u03bd\u03bf \u03b7\u03bb\u03b5\u03ba\u03c4\u03c1\u03b9\u03ba\u03cc \u03bc\u03bf\u03c4\u03ad\u03c1 \u0397\u03bb\u03b5\u03ba\u03c4\u03c1\u03bf\u03bd\u03b9\u03ba\u03cc\u03c2 \u03c0\u03af\u03bd\u03b1\u03ba\u03b1\u03c2 \u03c0\u03bf\u03c5 \u03c1\u03c5\u03b8\u03bc\u03af\u03b6\u03b5\u03b9 \u03b1\u03c5\u03c4\u03cc\u03bc\u03b1\u03c4\u03b1 \u03c4\u03bf\u03c5\u03c2 \u03c0\u03b1\u03bb\u03bc\u03bf\u03b4\u03af\u03c4\u03b5\u03c2 \u03bc\u03b5 [&hellip;]<\/p>","protected":false},"featured_media":931,"template":"","meta":[],"product_cat":[29],"product_tag":[],"class_list":["post-930","product","type-product","status-publish","has-post-thumbnail","hentry","product_cat-armekthria"],"yoast_head":"<!-- This site is optimized with the Yoast SEO plugin v18.9 - https:\/\/yoast.com\/wordpress\/plugins\/seo\/ -->\n<title>\u03a3\u03cd\u03b3\u03c7\u03c1\u03bf\u03bd\u03bf \u0391\u03c1\u03bc\u03b5\u03ba\u03c4\u03ae\u03c1\u03b9\u03bf - BelgoMilk<\/title>\n<meta name=\"robots\" content=\"index, follow, max-snippet:-1, max-image-preview:large, max-video-preview:-1\" \/>\n<link rel=\"canonical\" href=\"https:\/\/belgomilk.gr\/fr\/produit\/\u03c3\u03cd\u03b3\u03c7\u03c1\u03bf\u03bd\u03bf-\u03b1\u03c1\u03bc\u03b5\u03ba\u03c4\u03ae\u03c1\u03b9\u03bf\/\" \/>\n<meta property=\"og:locale\" content=\"fr_FR\" \/>\n<meta property=\"og:type\" content=\"article\" \/>\n<meta property=\"og:title\" content=\"\u03a3\u03cd\u03b3\u03c7\u03c1\u03bf\u03bd\u03bf \u0391\u03c1\u03bc\u03b5\u03ba\u03c4\u03ae\u03c1\u03b9\u03bf - BelgoMilk\" \/>\n<meta property=\"og:description\" content=\"\u03a5\u03c0\u03b5\u03c1\u03c3\u03cd\u03b3\u03c7\u03c1\u03bf\u03bd\u03bf \u03b1\u03c1\u03bc\u03b5\u03ba\u03c4\u03ae\u03c1\u03b9\u03bf \u03bc\u03b5 \u03c0\u03cc\u03c1\u03c4\u03b5\u03c2 12-24-48-60-96 \u03b8\u03ad\u03c3\u03b5\u03c9\u03bd \u03b5\u03b3\u03ba\u03bb\u03c9\u03b2\u03b9\u03c3\u03bc\u03bf\u03cd \u03b1\u03b9\u03b3\u03bf\u03c0\u03c1\u03bf\u03b2\u03ac\u03c4\u03c9\u03bd \u03a4\u03b1\u03c7\u03b5\u03af\u03b1\u03c2 \u03c0\u03c1\u03bf\u03c3\u03ad\u03bb\u03b5\u03c5\u03c3\u03b7\u03c2 \u03a4\u03b1\u03c7\u03b5\u03af\u03b1\u03c2 \u03b5\u03b9\u03c3\u03cc\u03b4\u03bf\u03c5 &#8211; \u03b5\u03be\u03cc\u03b4\u03bf\u03c5 \u0391\u03c5\u03c4\u03cc\u03bc\u03b1\u03c4\u03bf \u03c4\u03ac\u03ca\u03c3\u03bc\u03b1 \u03ce\u03c3\u03c4\u03b5 \u03bd\u03b1 \u03bc\u03c0\u03bf\u03c1\u03b5\u03af\u03c4\u03b5 \u03bd\u03b1 \u03c5\u03c0\u03bf\u03bb\u03bf\u03b3\u03af\u03c3\u03b5\u03c4\u03b5 \u03ba\u03b1\u03b9 \u03bd\u03b1 \u03b6\u03c5\u03b3\u03af\u03c3\u03b5\u03c4\u03b5 \u03b1\u03c5\u03c4\u03cc\u03bc\u03b1\u03c4\u03b1 \u03c4\u03b7\u03bd \u03c4\u03c1\u03bf\u03c6\u03ae \u0391\u03c5\u03c4\u03cc\u03bc\u03b1\u03c4\u03b7 \u03c4\u03c1\u03bf\u03c6\u03bf\u03b4\u03bf\u03c3\u03af\u03b1 \u03c4\u03b1\u0390\u03c3\u03bc\u03b1\u03c4\u03bf\u03c2 \u0391\u03c5\u03c4\u03cc\u03bc\u03b1\u03c4\u03bf \u03c0\u03bb\u03c5\u03bd\u03c4\u03ae\u03c1\u03b9\u03bf \u03bc\u03b5 \u03b4\u03bf\u03c3\u03bf\u03bc\u03b5\u03c4\u03c1\u03b7\u03c4\u03ad\u03c2 \u03b1\u03c0\u03bf\u03c1\u03c1\u03c5\u03c0\u03b1\u03bd\u03c4\u03b9\u03ba\u03ce\u03bd \u03a1\u03c5\u03b8\u03bc\u03b9\u03c3\u03c4\u03ae\u03c2 \u03ba\u03b5\u03bd\u03bf\u03cd &#8211; \u03a3\u03b5\u03c1\u03b2\u03bf\u03c1\u03c5\u03b8\u03bc\u03b9\u03c3\u03c4\u03ae\u03c2 \u03ba\u03b5\u03bd\u03bf\u03cd &#8211; \u039c\u03bf\u03bd\u03ac\u03b4\u03b1 \u03ba\u03b5\u03bd\u03bf\u03cd \u03bc\u03b5 \u03b5\u03bd\u03c3\u03c9\u03bc\u03b1\u03c4\u03c9\u03bc\u03ad\u03bd\u03bf \u03b7\u03bb\u03b5\u03ba\u03c4\u03c1\u03b9\u03ba\u03cc \u03bc\u03bf\u03c4\u03ad\u03c1 \u0397\u03bb\u03b5\u03ba\u03c4\u03c1\u03bf\u03bd\u03b9\u03ba\u03cc\u03c2 \u03c0\u03af\u03bd\u03b1\u03ba\u03b1\u03c2 \u03c0\u03bf\u03c5 \u03c1\u03c5\u03b8\u03bc\u03af\u03b6\u03b5\u03b9 \u03b1\u03c5\u03c4\u03cc\u03bc\u03b1\u03c4\u03b1 \u03c4\u03bf\u03c5\u03c2 \u03c0\u03b1\u03bb\u03bc\u03bf\u03b4\u03af\u03c4\u03b5\u03c2 \u03bc\u03b5 [&hellip;]\" \/>\n<meta property=\"og:url\" content=\"https:\/\/belgomilk.gr\/fr\/produit\/\u03c3\u03cd\u03b3\u03c7\u03c1\u03bf\u03bd\u03bf-\u03b1\u03c1\u03bc\u03b5\u03ba\u03c4\u03ae\u03c1\u03b9\u03bf\/\" \/>\n<meta property=\"og:site_name\" content=\"BelgoMilk\" \/>\n<meta property=\"og:image\" content=\"https:\/\/belgomilk.gr\/wp-content\/uploads\/2022\/05\/cat4.jpg\" \/>\n\t<meta property=\"og:image:width\" content=\"480\" \/>\n\t<meta property=\"og:image:height\" content=\"320\" \/>\n\t<meta property=\"og:image:type\" content=\"image\/jpeg\" \/>\n<meta name=\"twitter:card\" content=\"summary_large_image\" \/>\n<script type=\"application\/ld+json\" class=\"yoast-schema-graph\">{\"@context\":\"https:\/\/schema.org\",\"@graph\":[{\"@type\":\"WebSite\",\"@id\":\"https:\/\/belgomilk.gr\/#website\",\"url\":\"https:\/\/belgomilk.gr\/\",\"name\":\"BelgoMilk\",\"description\":\"\u0395\u03be\u03bf\u03c0\u03bb\u03b9\u03c3\u03bc\u03cc\u03c2 \u03b3\u03b9\u03b1 \u03a3\u03cd\u03b3\u03c7\u03c1\u03bf\u03bd\u03b5\u03c2 \u039a\u03c4\u03b7\u03bd\u03bf\u03c4\u03c1\u03bf\u03c6\u03b9\u03ba\u03ad\u03c2 &amp; \u0393\u03b1\u03bb\u03b1\u03ba\u03c4\u03bf\u03b2\u03b9\u03bf\u03bc\u03b7\u03c7\u03b1\u03bd\u03b9\u03ba\u03ad\u03c2 \u039c\u03bf\u03bd\u03ac\u03b4\u03b5\u03c2\",\"potentialAction\":[{\"@type\":\"SearchAction\",\"target\":{\"@type\":\"EntryPoint\",\"urlTemplate\":\"https:\/\/belgomilk.gr\/?s={search_term_string}\"},\"query-input\":\"required name=search_term_string\"}],\"inLanguage\":\"fr-FR\"},{\"@type\":\"ImageObject\",\"inLanguage\":\"fr-FR\",\"@id\":\"https:\/\/belgomilk.gr\/product\/%cf%83%cf%8d%ce%b3%cf%87%cf%81%ce%bf%ce%bd%ce%bf-%ce%b1%cf%81%ce%bc%ce%b5%ce%ba%cf%84%ce%ae%cf%81%ce%b9%ce%bf\/#primaryimage\",\"url\":\"https:\/\/belgomilk.gr\/wp-content\/uploads\/2022\/05\/cat4.jpg\",\"contentUrl\":\"https:\/\/belgomilk.gr\/wp-content\/uploads\/2022\/05\/cat4.jpg\",\"width\":480,\"height\":320,\"caption\":\"\u0391\u03a1\u039c\u0395\u039a\u03a4\u0397\u03a1\u0399\u0391\"},{\"@type\":\"WebPage\",\"@id\":\"https:\/\/belgomilk.gr\/product\/%cf%83%cf%8d%ce%b3%cf%87%cf%81%ce%bf%ce%bd%ce%bf-%ce%b1%cf%81%ce%bc%ce%b5%ce%ba%cf%84%ce%ae%cf%81%ce%b9%ce%bf\/#webpage\",\"url\":\"https:\/\/belgomilk.gr\/product\/%cf%83%cf%8d%ce%b3%cf%87%cf%81%ce%bf%ce%bd%ce%bf-%ce%b1%cf%81%ce%bc%ce%b5%ce%ba%cf%84%ce%ae%cf%81%ce%b9%ce%bf\/\",\"name\":\"\u03a3\u03cd\u03b3\u03c7\u03c1\u03bf\u03bd\u03bf \u0391\u03c1\u03bc\u03b5\u03ba\u03c4\u03ae\u03c1\u03b9\u03bf - BelgoMilk\",\"isPartOf\":{\"@id\":\"https:\/\/belgomilk.gr\/#website\"},\"primaryImageOfPage\":{\"@id\":\"https:\/\/belgomilk.gr\/product\/%cf%83%cf%8d%ce%b3%cf%87%cf%81%ce%bf%ce%bd%ce%bf-%ce%b1%cf%81%ce%bc%ce%b5%ce%ba%cf%84%ce%ae%cf%81%ce%b9%ce%bf\/#primaryimage\"},\"datePublished\":\"2022-05-23T11:28:26+00:00\",\"dateModified\":\"2022-05-23T11:28:26+00:00\",\"breadcrumb\":{\"@id\":\"https:\/\/belgomilk.gr\/product\/%cf%83%cf%8d%ce%b3%cf%87%cf%81%ce%bf%ce%bd%ce%bf-%ce%b1%cf%81%ce%bc%ce%b5%ce%ba%cf%84%ce%ae%cf%81%ce%b9%ce%bf\/#breadcrumb\"},\"inLanguage\":\"fr-FR\",\"potentialAction\":[{\"@type\":\"ReadAction\",\"target\":[\"https:\/\/belgomilk.gr\/product\/%cf%83%cf%8d%ce%b3%cf%87%cf%81%ce%bf%ce%bd%ce%bf-%ce%b1%cf%81%ce%bc%ce%b5%ce%ba%cf%84%ce%ae%cf%81%ce%b9%ce%bf\/\"]}]},{\"@type\":\"BreadcrumbList\",\"@id\":\"https:\/\/belgomilk.gr\/product\/%cf%83%cf%8d%ce%b3%cf%87%cf%81%ce%bf%ce%bd%ce%bf-%ce%b1%cf%81%ce%bc%ce%b5%ce%ba%cf%84%ce%ae%cf%81%ce%b9%ce%bf\/#breadcrumb\",\"itemListElement\":[{\"@type\":\"ListItem\",\"position\":1,\"name\":\"\u0391\u03c1\u03c7\u03b9\u03ba\u03ae\",\"item\":\"https:\/\/belgomilk.gr\/\"},{\"@type\":\"ListItem\",\"position\":2,\"name\":\"\u039a\u03b1\u03c4\u03ac\u03c3\u03c4\u03b7\u03bc\u03b1\",\"item\":\"https:\/\/belgomilk.gr\/shop\/\"},{\"@type\":\"ListItem\",\"position\":3,\"name\":\"\u03a3\u03cd\u03b3\u03c7\u03c1\u03bf\u03bd\u03bf \u0391\u03c1\u03bc\u03b5\u03ba\u03c4\u03ae\u03c1\u03b9\u03bf\"}]}]}<\/script>\n<!-- \/ Yoast SEO plugin. -->","yoast_head_json":{"title":"\u03a3\u03cd\u03b3\u03c7\u03c1\u03bf\u03bd\u03bf \u0391\u03c1\u03bc\u03b5\u03ba\u03c4\u03ae\u03c1\u03b9\u03bf - BelgoMilk","robots":{"index":"index","follow":"follow","max-snippet":"max-snippet:-1","max-image-preview":"max-image-preview:large","max-video-preview":"max-video-preview:-1"},"canonical":"https:\/\/belgomilk.gr\/fr\/produit\/\u03c3\u03cd\u03b3\u03c7\u03c1\u03bf\u03bd\u03bf-\u03b1\u03c1\u03bc\u03b5\u03ba\u03c4\u03ae\u03c1\u03b9\u03bf\/","og_locale":"fr_FR","og_type":"article","og_title":"\u03a3\u03cd\u03b3\u03c7\u03c1\u03bf\u03bd\u03bf \u0391\u03c1\u03bc\u03b5\u03ba\u03c4\u03ae\u03c1\u03b9\u03bf - BelgoMilk","og_description":"\u03a5\u03c0\u03b5\u03c1\u03c3\u03cd\u03b3\u03c7\u03c1\u03bf\u03bd\u03bf \u03b1\u03c1\u03bc\u03b5\u03ba\u03c4\u03ae\u03c1\u03b9\u03bf \u03bc\u03b5 \u03c0\u03cc\u03c1\u03c4\u03b5\u03c2 12-24-48-60-96 \u03b8\u03ad\u03c3\u03b5\u03c9\u03bd \u03b5\u03b3\u03ba\u03bb\u03c9\u03b2\u03b9\u03c3\u03bc\u03bf\u03cd \u03b1\u03b9\u03b3\u03bf\u03c0\u03c1\u03bf\u03b2\u03ac\u03c4\u03c9\u03bd \u03a4\u03b1\u03c7\u03b5\u03af\u03b1\u03c2 \u03c0\u03c1\u03bf\u03c3\u03ad\u03bb\u03b5\u03c5\u03c3\u03b7\u03c2 \u03a4\u03b1\u03c7\u03b5\u03af\u03b1\u03c2 \u03b5\u03b9\u03c3\u03cc\u03b4\u03bf\u03c5 &#8211; \u03b5\u03be\u03cc\u03b4\u03bf\u03c5 \u0391\u03c5\u03c4\u03cc\u03bc\u03b1\u03c4\u03bf \u03c4\u03ac\u03ca\u03c3\u03bc\u03b1 \u03ce\u03c3\u03c4\u03b5 \u03bd\u03b1 \u03bc\u03c0\u03bf\u03c1\u03b5\u03af\u03c4\u03b5 \u03bd\u03b1 \u03c5\u03c0\u03bf\u03bb\u03bf\u03b3\u03af\u03c3\u03b5\u03c4\u03b5 \u03ba\u03b1\u03b9 \u03bd\u03b1 \u03b6\u03c5\u03b3\u03af\u03c3\u03b5\u03c4\u03b5 \u03b1\u03c5\u03c4\u03cc\u03bc\u03b1\u03c4\u03b1 \u03c4\u03b7\u03bd \u03c4\u03c1\u03bf\u03c6\u03ae \u0391\u03c5\u03c4\u03cc\u03bc\u03b1\u03c4\u03b7 \u03c4\u03c1\u03bf\u03c6\u03bf\u03b4\u03bf\u03c3\u03af\u03b1 \u03c4\u03b1\u0390\u03c3\u03bc\u03b1\u03c4\u03bf\u03c2 \u0391\u03c5\u03c4\u03cc\u03bc\u03b1\u03c4\u03bf \u03c0\u03bb\u03c5\u03bd\u03c4\u03ae\u03c1\u03b9\u03bf \u03bc\u03b5 \u03b4\u03bf\u03c3\u03bf\u03bc\u03b5\u03c4\u03c1\u03b7\u03c4\u03ad\u03c2 \u03b1\u03c0\u03bf\u03c1\u03c1\u03c5\u03c0\u03b1\u03bd\u03c4\u03b9\u03ba\u03ce\u03bd \u03a1\u03c5\u03b8\u03bc\u03b9\u03c3\u03c4\u03ae\u03c2 \u03ba\u03b5\u03bd\u03bf\u03cd &#8211; \u03a3\u03b5\u03c1\u03b2\u03bf\u03c1\u03c5\u03b8\u03bc\u03b9\u03c3\u03c4\u03ae\u03c2 \u03ba\u03b5\u03bd\u03bf\u03cd &#8211; \u039c\u03bf\u03bd\u03ac\u03b4\u03b1 \u03ba\u03b5\u03bd\u03bf\u03cd \u03bc\u03b5 \u03b5\u03bd\u03c3\u03c9\u03bc\u03b1\u03c4\u03c9\u03bc\u03ad\u03bd\u03bf \u03b7\u03bb\u03b5\u03ba\u03c4\u03c1\u03b9\u03ba\u03cc \u03bc\u03bf\u03c4\u03ad\u03c1 \u0397\u03bb\u03b5\u03ba\u03c4\u03c1\u03bf\u03bd\u03b9\u03ba\u03cc\u03c2 \u03c0\u03af\u03bd\u03b1\u03ba\u03b1\u03c2 \u03c0\u03bf\u03c5 \u03c1\u03c5\u03b8\u03bc\u03af\u03b6\u03b5\u03b9 \u03b1\u03c5\u03c4\u03cc\u03bc\u03b1\u03c4\u03b1 \u03c4\u03bf\u03c5\u03c2 \u03c0\u03b1\u03bb\u03bc\u03bf\u03b4\u03af\u03c4\u03b5\u03c2 \u03bc\u03b5 [&hellip;]","og_url":"https:\/\/belgomilk.gr\/fr\/produit\/\u03c3\u03cd\u03b3\u03c7\u03c1\u03bf\u03bd\u03bf-\u03b1\u03c1\u03bc\u03b5\u03ba\u03c4\u03ae\u03c1\u03b9\u03bf\/","og_site_name":"BelgoMilk","og_image":[{"width":480,"height":320,"url":"https:\/\/belgomilk.gr\/wp-content\/uploads\/2022\/05\/cat4.jpg","type":"image\/jpeg"}],"twitter_card":"summary_large_image","schema":{"@context":"https:\/\/schema.org","@graph":[{"@type":"WebSite","@id":"https:\/\/belgomilk.gr\/#website","url":"https:\/\/belgomilk.gr\/","name":"BelgoMilk","description":"\u0395\u03be\u03bf\u03c0\u03bb\u03b9\u03c3\u03bc\u03cc\u03c2 \u03b3\u03b9\u03b1 \u03a3\u03cd\u03b3\u03c7\u03c1\u03bf\u03bd\u03b5\u03c2 \u039a\u03c4\u03b7\u03bd\u03bf\u03c4\u03c1\u03bf\u03c6\u03b9\u03ba\u03ad\u03c2 &amp; \u0393\u03b1\u03bb\u03b1\u03ba\u03c4\u03bf\u03b2\u03b9\u03bf\u03bc\u03b7\u03c7\u03b1\u03bd\u03b9\u03ba\u03ad\u03c2 \u039c\u03bf\u03bd\u03ac\u03b4\u03b5\u03c2","potentialAction":[{"@type":"SearchAction","target":{"@type":"EntryPoint","urlTemplate":"https:\/\/belgomilk.gr\/?s={search_term_string}"},"query-input":"required name=search_term_string"}],"inLanguage":"fr-FR"},{"@type":"ImageObject","inLanguage":"fr-FR","@id":"https:\/\/belgomilk.gr\/product\/%cf%83%cf%8d%ce%b3%cf%87%cf%81%ce%bf%ce%bd%ce%bf-%ce%b1%cf%81%ce%bc%ce%b5%ce%ba%cf%84%ce%ae%cf%81%ce%b9%ce%bf\/#primaryimage","url":"https:\/\/belgomilk.gr\/wp-content\/uploads\/2022\/05\/cat4.jpg","contentUrl":"https:\/\/belgomilk.gr\/wp-content\/uploads\/2022\/05\/cat4.jpg","width":480,"height":320,"caption":"\u0391\u03a1\u039c\u0395\u039a\u03a4\u0397\u03a1\u0399\u0391"},{"@type":"WebPage","@id":"https:\/\/belgomilk.gr\/product\/%cf%83%cf%8d%ce%b3%cf%87%cf%81%ce%bf%ce%bd%ce%bf-%ce%b1%cf%81%ce%bc%ce%b5%ce%ba%cf%84%ce%ae%cf%81%ce%b9%ce%bf\/#webpage","url":"https:\/\/belgomilk.gr\/product\/%cf%83%cf%8d%ce%b3%cf%87%cf%81%ce%bf%ce%bd%ce%bf-%ce%b1%cf%81%ce%bc%ce%b5%ce%ba%cf%84%ce%ae%cf%81%ce%b9%ce%bf\/","name":"\u03a3\u03cd\u03b3\u03c7\u03c1\u03bf\u03bd\u03bf \u0391\u03c1\u03bc\u03b5\u03ba\u03c4\u03ae\u03c1\u03b9\u03bf - BelgoMilk","isPartOf":{"@id":"https:\/\/belgomilk.gr\/#website"},"primaryImageOfPage":{"@id":"https:\/\/belgomilk.gr\/product\/%cf%83%cf%8d%ce%b3%cf%87%cf%81%ce%bf%ce%bd%ce%bf-%ce%b1%cf%81%ce%bc%ce%b5%ce%ba%cf%84%ce%ae%cf%81%ce%b9%ce%bf\/#primaryimage"},"datePublished":"2022-05-23T11:28:26+00:00","dateModified":"2022-05-23T11:28:26+00:00","breadcrumb":{"@id":"https:\/\/belgomilk.gr\/product\/%cf%83%cf%8d%ce%b3%cf%87%cf%81%ce%bf%ce%bd%ce%bf-%ce%b1%cf%81%ce%bc%ce%b5%ce%ba%cf%84%ce%ae%cf%81%ce%b9%ce%bf\/#breadcrumb"},"inLanguage":"fr-FR","potentialAction":[{"@type":"ReadAction","target":["https:\/\/belgomilk.gr\/product\/%cf%83%cf%8d%ce%b3%cf%87%cf%81%ce%bf%ce%bd%ce%bf-%ce%b1%cf%81%ce%bc%ce%b5%ce%ba%cf%84%ce%ae%cf%81%ce%b9%ce%bf\/"]}]},{"@type":"BreadcrumbList","@id":"https:\/\/belgomilk.gr\/product\/%cf%83%cf%8d%ce%b3%cf%87%cf%81%ce%bf%ce%bd%ce%bf-%ce%b1%cf%81%ce%bc%ce%b5%ce%ba%cf%84%ce%ae%cf%81%ce%b9%ce%bf\/#breadcrumb","itemListElement":[{"@type":"ListItem","position":1,"name":"\u0391\u03c1\u03c7\u03b9\u03ba\u03ae","item":"https:\/\/belgomilk.gr\/"},{"@type":"ListItem","position":2,"name":"\u039a\u03b1\u03c4\u03ac\u03c3\u03c4\u03b7\u03bc\u03b1","item":"https:\/\/belgomilk.gr\/shop\/"},{"@type":"ListItem","position":3,"name":"\u03a3\u03cd\u03b3\u03c7\u03c1\u03bf\u03bd\u03bf \u0391\u03c1\u03bc\u03b5\u03ba\u03c4\u03ae\u03c1\u03b9\u03bf"}]}]}},"_links":{"self":[{"href":"https:\/\/belgomilk.gr\/fr\/wp-json\/wp\/v2\/product\/930","targetHints":{"allow":["GET"]}}],"collection":[{"href":"https:\/\/belgomilk.gr\/fr\/wp-json\/wp\/v2\/product"}],"about":[{"href":"https:\/\/belgomilk.gr\/fr\/wp-json\/wp\/v2\/types\/product"}],"wp:featuredmedia":[{"embeddable":true,"href":"https:\/\/belgomilk.gr\/fr\/wp-json\/wp\/v2\/media\/931"}],"wp:attachment":[{"href":"https:\/\/belgomilk.gr\/fr\/wp-json\/wp\/v2\/media?parent=930"}],"wp:term":[{"taxonomy":"product_cat","embeddable":true,"href":"https:\/\/belgomilk.gr\/fr\/wp-json\/wp\/v2\/product_cat?post=930"},{"taxonomy":"product_tag","embeddable":true,"href":"https:\/\/belgomilk.gr\/fr\/wp-json\/wp\/v2\/product_tag?post=930"}],"curies":[{"name":"wp","href":"https:\/\/api.w.org\/{rel}","templated":true}]}}