{"id":939,"date":"2022-05-23T14:40:07","date_gmt":"2022-05-23T11:40:07","guid":{"rendered":"https:\/\/belgomilk.gr\/newsite\/?post_type=product&#038;p=939"},"modified":"2022-05-23T14:40:28","modified_gmt":"2022-05-23T11:40:28","slug":"%ce%bf%ce%b9%ce%ba%ce%bf%ce%bd%ce%bf%ce%bc%ce%b9%ce%ba%ce%ad%cf%82-%ce%ba%cf%84%ce%b7%ce%bd%ce%bf%cf%84%cf%81%ce%bf%cf%86%ce%b9%ce%ba%ce%ad%cf%82-%ce%bc%ce%bf%ce%bd%ce%ac%ce%b4%ce%b5%cf%82-%cf%80","status":"publish","type":"product","link":"https:\/\/belgomilk.gr\/fr\/product\/%ce%bf%ce%b9%ce%ba%ce%bf%ce%bd%ce%bf%ce%bc%ce%b9%ce%ba%ce%ad%cf%82-%ce%ba%cf%84%ce%b7%ce%bd%ce%bf%cf%84%cf%81%ce%bf%cf%86%ce%b9%ce%ba%ce%ad%cf%82-%ce%bc%ce%bf%ce%bd%ce%ac%ce%b4%ce%b5%cf%82-%cf%80\/","title":{"rendered":"Unit\u00e9s d'\u00e9levage \u00e0 faible co\u00fbt, ne n\u00e9cessitant pas de permis d'urbanisme"},"content":{"rendered":"<p><strong>Ces unit\u00e9s sont con\u00e7ues et fabriqu\u00e9es pour:<\/strong><\/p>\n<ul>\n<li>\u00c9conomiser le capital initial.<\/li>\n<li>Satisfaire les besoins des animaux en mati\u00e8re d'environnement, d'hygi\u00e8ne, de nutrition et de bien-\u00eatre.<\/li>\n<li>Maximiser la densit\u00e9 de logement des animaux.<\/li>\n<li>Obtenir un co\u00fbt comparativement inf\u00e9rieur \u00e0 celui de toute autre construction d\u00fbment con\u00e7ue et r\u00e9alis\u00e9e dans notre pays.<\/li>\n<li>La forme des locaux favorise l'installation des r\u00e2teliers \u00e0 remplissage lat\u00e9ral.<\/li>\n<\/ul>\n<p><strong>Facteurs importants dans les installations:<\/strong><\/p>\n<p><strong>VENTILATION<\/strong><\/p>\n<p>Une bonne ventilation est tr\u00e8s importante pour obtenir les effets suivants:<\/p>\n<ul>\n<li>R\u00e9glage de l'humidit\u00e9<\/li>\n<li>R\u00e9glage de la temp\u00e9rature<\/li>\n<li>Renouvellement de la composition chimique de l'air<\/li>\n<li>\u00c9limination des odeurs<\/li>\n<\/ul>\n<p><strong>\u00c9l\u00e9ments n\u00e9cessaires pour une bonne ventilation:<\/strong><\/p>\n<ul>\n<li>Grand espace int\u00e9rieur<\/li>\n<li>Renouvellement de l'air est facile gr\u00e2ce \u00e0 une fen\u00eatre sur le toit et satisfait aux exigences de l'arr\u00eat\u00e9 minist\u00e9riel applicable.<\/li>\n<\/ul>\n<p><strong>TEMP\u00c9RATURE<\/strong><\/p>\n<p>La temp\u00e9rature est un facteur tr\u00e8s important, car elle provoque la croissance de micro-organismes pathog\u00e8nes et de parasites et affecte directement les capacit\u00e9s productives et reproductives des animaux.<br \/>\nZones de temp\u00e9rature th\u00e9oriques:<\/p>\n<ul>\n<li>8-25\u00b0C : Brebis<\/li>\n<li>10-20\u00b0C : Ch\u00e8vres<\/li>\n<\/ul>","protected":false},"excerpt":{"rendered":"<p>Le b\u00e9tail est log\u00e9 dans des locaux qui sont:<\/p>\n<ul>\n<li>conformes aux normes,<\/li>\n<li>simples,<\/li>\n<li>\u00e0 faible co\u00fbt,<\/li>\n<li>dispens\u00e9es de permis de construire<\/li>\n<\/ul>","protected":false},"featured_media":940,"template":"","meta":[],"product_cat":[24],"product_tag":[],"class_list":["post-939","product","type-product","status-publish","has-post-thumbnail","hentry","product_cat-kthnotrofikes-monades"],"yoast_head":"<!-- This site is optimized with the Yoast SEO plugin v18.9 - https:\/\/yoast.com\/wordpress\/plugins\/seo\/ -->\n<title>\u039f\u03b9\u03ba\u03bf\u03bd\u03bf\u03bc\u03b9\u03ba\u03ad\u03c2 \u039a\u03c4\u03b7\u03bd\u03bf\u03c4\u03c1\u03bf\u03c6\u03b9\u03ba\u03ad\u03c2 \u039c\u03bf\u03bd\u03ac\u03b4\u03b5\u03c2 \u03c0\u03bf\u03c5 \u03b4\u03b5\u03bd \u03c7\u03c1\u03b5\u03b9\u03ac\u03b6\u03bf\u03bd\u03c4\u03b1\u03b9 \u03c0\u03bf\u03bb\u03b5\u03bf\u03b4\u03bf\u03bc\u03b9\u03ba\u03ae \u03ac\u03b4\u03b5\u03b9\u03b1 - BelgoMilk<\/title>\n<meta name=\"robots\" content=\"index, follow, max-snippet:-1, max-image-preview:large, max-video-preview:-1\" \/>\n<link rel=\"canonical\" href=\"https:\/\/belgomilk.gr\/fr\/produit\/\u03bf\u03b9\u03ba\u03bf\u03bd\u03bf\u03bc\u03b9\u03ba\u03ad\u03c2-\u03ba\u03c4\u03b7\u03bd\u03bf\u03c4\u03c1\u03bf\u03c6\u03b9\u03ba\u03ad\u03c2-\u03bc\u03bf\u03bd\u03ac\u03b4\u03b5\u03c2-\u03c0\/\" \/>\n<meta property=\"og:locale\" content=\"fr_FR\" \/>\n<meta property=\"og:type\" content=\"article\" \/>\n<meta property=\"og:title\" content=\"\u039f\u03b9\u03ba\u03bf\u03bd\u03bf\u03bc\u03b9\u03ba\u03ad\u03c2 \u039a\u03c4\u03b7\u03bd\u03bf\u03c4\u03c1\u03bf\u03c6\u03b9\u03ba\u03ad\u03c2 \u039c\u03bf\u03bd\u03ac\u03b4\u03b5\u03c2 \u03c0\u03bf\u03c5 \u03b4\u03b5\u03bd \u03c7\u03c1\u03b5\u03b9\u03ac\u03b6\u03bf\u03bd\u03c4\u03b1\u03b9 \u03c0\u03bf\u03bb\u03b5\u03bf\u03b4\u03bf\u03bc\u03b9\u03ba\u03ae \u03ac\u03b4\u03b5\u03b9\u03b1 - BelgoMilk\" \/>\n<meta property=\"og:description\" content=\"\u039f\u03b9 \u03c3\u03c4\u03b1\u03b2\u03bb\u03b9\u03ba\u03ad\u03c2 \u03b5\u03b3\u03ba\u03b1\u03c4\u03b1\u03c3\u03c4\u03ac\u03c3\u03b5\u03b9\u03c2 \u03b5\u03af\u03bd\u03b1\u03b9:   \u03c0\u03c1\u03cc\u03c4\u03c5\u03c0\u03b5\u03c2,  \u03b1\u03c0\u03bb\u03ad\u03c2,  \u03bf\u03b9\u03ba\u03bf\u03bd\u03bf\u03bc\u03b9\u03ba\u03ad\u03c2  \u03b4\u03b5\u03bd \u03b1\u03c0\u03b1\u03b9\u03c4\u03b5\u03af\u03c4\u03b1\u03b9 \u03bf\u03b9\u03ba\u03bf\u03b4\u03bf\u03bc\u03b9\u03ba\u03ae \u03ac\u03b4\u03b5\u03b9\u03b1.\" \/>\n<meta property=\"og:url\" content=\"https:\/\/belgomilk.gr\/fr\/produit\/\u03bf\u03b9\u03ba\u03bf\u03bd\u03bf\u03bc\u03b9\u03ba\u03ad\u03c2-\u03ba\u03c4\u03b7\u03bd\u03bf\u03c4\u03c1\u03bf\u03c6\u03b9\u03ba\u03ad\u03c2-\u03bc\u03bf\u03bd\u03ac\u03b4\u03b5\u03c2-\u03c0\/\" \/>\n<meta property=\"og:site_name\" content=\"BelgoMilk\" \/>\n<meta property=\"article:modified_time\" content=\"2022-05-23T11:40:28+00:00\" \/>\n<meta property=\"og:image\" content=\"https:\/\/belgomilk.gr\/wp-content\/uploads\/2022\/05\/cat1.jpg\" \/>\n\t<meta property=\"og:image:width\" content=\"480\" \/>\n\t<meta property=\"og:image:height\" content=\"320\" \/>\n\t<meta property=\"og:image:type\" content=\"image\/jpeg\" \/>\n<meta name=\"twitter:card\" content=\"summary_large_image\" \/>\n<script type=\"application\/ld+json\" class=\"yoast-schema-graph\">{\"@context\":\"https:\/\/schema.org\",\"@graph\":[{\"@type\":\"WebSite\",\"@id\":\"https:\/\/belgomilk.gr\/#website\",\"url\":\"https:\/\/belgomilk.gr\/\",\"name\":\"BelgoMilk\",\"description\":\"\u0395\u03be\u03bf\u03c0\u03bb\u03b9\u03c3\u03bc\u03cc\u03c2 \u03b3\u03b9\u03b1 \u03a3\u03cd\u03b3\u03c7\u03c1\u03bf\u03bd\u03b5\u03c2 \u039a\u03c4\u03b7\u03bd\u03bf\u03c4\u03c1\u03bf\u03c6\u03b9\u03ba\u03ad\u03c2 &amp; \u0393\u03b1\u03bb\u03b1\u03ba\u03c4\u03bf\u03b2\u03b9\u03bf\u03bc\u03b7\u03c7\u03b1\u03bd\u03b9\u03ba\u03ad\u03c2 \u039c\u03bf\u03bd\u03ac\u03b4\u03b5\u03c2\",\"potentialAction\":[{\"@type\":\"SearchAction\",\"target\":{\"@type\":\"EntryPoint\",\"urlTemplate\":\"https:\/\/belgomilk.gr\/?s={search_term_string}\"},\"query-input\":\"required name=search_term_string\"}],\"inLanguage\":\"fr-FR\"},{\"@type\":\"ImageObject\",\"inLanguage\":\"fr-FR\",\"@id\":\"https:\/\/belgomilk.gr\/product\/%ce%bf%ce%b9%ce%ba%ce%bf%ce%bd%ce%bf%ce%bc%ce%b9%ce%ba%ce%ad%cf%82-%ce%ba%cf%84%ce%b7%ce%bd%ce%bf%cf%84%cf%81%ce%bf%cf%86%ce%b9%ce%ba%ce%ad%cf%82-%ce%bc%ce%bf%ce%bd%ce%ac%ce%b4%ce%b5%cf%82-%cf%80\/#primaryimage\",\"url\":\"https:\/\/belgomilk.gr\/wp-content\/uploads\/2022\/05\/cat1.jpg\",\"contentUrl\":\"https:\/\/belgomilk.gr\/wp-content\/uploads\/2022\/05\/cat1.jpg\",\"width\":480,\"height\":320},{\"@type\":\"WebPage\",\"@id\":\"https:\/\/belgomilk.gr\/product\/%ce%bf%ce%b9%ce%ba%ce%bf%ce%bd%ce%bf%ce%bc%ce%b9%ce%ba%ce%ad%cf%82-%ce%ba%cf%84%ce%b7%ce%bd%ce%bf%cf%84%cf%81%ce%bf%cf%86%ce%b9%ce%ba%ce%ad%cf%82-%ce%bc%ce%bf%ce%bd%ce%ac%ce%b4%ce%b5%cf%82-%cf%80\/#webpage\",\"url\":\"https:\/\/belgomilk.gr\/product\/%ce%bf%ce%b9%ce%ba%ce%bf%ce%bd%ce%bf%ce%bc%ce%b9%ce%ba%ce%ad%cf%82-%ce%ba%cf%84%ce%b7%ce%bd%ce%bf%cf%84%cf%81%ce%bf%cf%86%ce%b9%ce%ba%ce%ad%cf%82-%ce%bc%ce%bf%ce%bd%ce%ac%ce%b4%ce%b5%cf%82-%cf%80\/\",\"name\":\"\u039f\u03b9\u03ba\u03bf\u03bd\u03bf\u03bc\u03b9\u03ba\u03ad\u03c2 \u039a\u03c4\u03b7\u03bd\u03bf\u03c4\u03c1\u03bf\u03c6\u03b9\u03ba\u03ad\u03c2 \u039c\u03bf\u03bd\u03ac\u03b4\u03b5\u03c2 \u03c0\u03bf\u03c5 \u03b4\u03b5\u03bd \u03c7\u03c1\u03b5\u03b9\u03ac\u03b6\u03bf\u03bd\u03c4\u03b1\u03b9 \u03c0\u03bf\u03bb\u03b5\u03bf\u03b4\u03bf\u03bc\u03b9\u03ba\u03ae \u03ac\u03b4\u03b5\u03b9\u03b1 - BelgoMilk\",\"isPartOf\":{\"@id\":\"https:\/\/belgomilk.gr\/#website\"},\"primaryImageOfPage\":{\"@id\":\"https:\/\/belgomilk.gr\/product\/%ce%bf%ce%b9%ce%ba%ce%bf%ce%bd%ce%bf%ce%bc%ce%b9%ce%ba%ce%ad%cf%82-%ce%ba%cf%84%ce%b7%ce%bd%ce%bf%cf%84%cf%81%ce%bf%cf%86%ce%b9%ce%ba%ce%ad%cf%82-%ce%bc%ce%bf%ce%bd%ce%ac%ce%b4%ce%b5%cf%82-%cf%80\/#primaryimage\"},\"datePublished\":\"2022-05-23T11:40:07+00:00\",\"dateModified\":\"2022-05-23T11:40:28+00:00\",\"breadcrumb\":{\"@id\":\"https:\/\/belgomilk.gr\/product\/%ce%bf%ce%b9%ce%ba%ce%bf%ce%bd%ce%bf%ce%bc%ce%b9%ce%ba%ce%ad%cf%82-%ce%ba%cf%84%ce%b7%ce%bd%ce%bf%cf%84%cf%81%ce%bf%cf%86%ce%b9%ce%ba%ce%ad%cf%82-%ce%bc%ce%bf%ce%bd%ce%ac%ce%b4%ce%b5%cf%82-%cf%80\/#breadcrumb\"},\"inLanguage\":\"fr-FR\",\"potentialAction\":[{\"@type\":\"ReadAction\",\"target\":[\"https:\/\/belgomilk.gr\/product\/%ce%bf%ce%b9%ce%ba%ce%bf%ce%bd%ce%bf%ce%bc%ce%b9%ce%ba%ce%ad%cf%82-%ce%ba%cf%84%ce%b7%ce%bd%ce%bf%cf%84%cf%81%ce%bf%cf%86%ce%b9%ce%ba%ce%ad%cf%82-%ce%bc%ce%bf%ce%bd%ce%ac%ce%b4%ce%b5%cf%82-%cf%80\/\"]}]},{\"@type\":\"BreadcrumbList\",\"@id\":\"https:\/\/belgomilk.gr\/product\/%ce%bf%ce%b9%ce%ba%ce%bf%ce%bd%ce%bf%ce%bc%ce%b9%ce%ba%ce%ad%cf%82-%ce%ba%cf%84%ce%b7%ce%bd%ce%bf%cf%84%cf%81%ce%bf%cf%86%ce%b9%ce%ba%ce%ad%cf%82-%ce%bc%ce%bf%ce%bd%ce%ac%ce%b4%ce%b5%cf%82-%cf%80\/#breadcrumb\",\"itemListElement\":[{\"@type\":\"ListItem\",\"position\":1,\"name\":\"\u0391\u03c1\u03c7\u03b9\u03ba\u03ae\",\"item\":\"https:\/\/belgomilk.gr\/\"},{\"@type\":\"ListItem\",\"position\":2,\"name\":\"\u039a\u03b1\u03c4\u03ac\u03c3\u03c4\u03b7\u03bc\u03b1\",\"item\":\"https:\/\/belgomilk.gr\/shop\/\"},{\"@type\":\"ListItem\",\"position\":3,\"name\":\"\u039f\u03b9\u03ba\u03bf\u03bd\u03bf\u03bc\u03b9\u03ba\u03ad\u03c2 \u039a\u03c4\u03b7\u03bd\u03bf\u03c4\u03c1\u03bf\u03c6\u03b9\u03ba\u03ad\u03c2 \u039c\u03bf\u03bd\u03ac\u03b4\u03b5\u03c2 \u03c0\u03bf\u03c5 \u03b4\u03b5\u03bd \u03c7\u03c1\u03b5\u03b9\u03ac\u03b6\u03bf\u03bd\u03c4\u03b1\u03b9 \u03c0\u03bf\u03bb\u03b5\u03bf\u03b4\u03bf\u03bc\u03b9\u03ba\u03ae \u03ac\u03b4\u03b5\u03b9\u03b1\"}]}]}<\/script>\n<!-- \/ Yoast SEO plugin. -->","yoast_head_json":{"title":"\u039f\u03b9\u03ba\u03bf\u03bd\u03bf\u03bc\u03b9\u03ba\u03ad\u03c2 \u039a\u03c4\u03b7\u03bd\u03bf\u03c4\u03c1\u03bf\u03c6\u03b9\u03ba\u03ad\u03c2 \u039c\u03bf\u03bd\u03ac\u03b4\u03b5\u03c2 \u03c0\u03bf\u03c5 \u03b4\u03b5\u03bd \u03c7\u03c1\u03b5\u03b9\u03ac\u03b6\u03bf\u03bd\u03c4\u03b1\u03b9 \u03c0\u03bf\u03bb\u03b5\u03bf\u03b4\u03bf\u03bc\u03b9\u03ba\u03ae \u03ac\u03b4\u03b5\u03b9\u03b1 - BelgoMilk","robots":{"index":"index","follow":"follow","max-snippet":"max-snippet:-1","max-image-preview":"max-image-preview:large","max-video-preview":"max-video-preview:-1"},"canonical":"https:\/\/belgomilk.gr\/fr\/produit\/\u03bf\u03b9\u03ba\u03bf\u03bd\u03bf\u03bc\u03b9\u03ba\u03ad\u03c2-\u03ba\u03c4\u03b7\u03bd\u03bf\u03c4\u03c1\u03bf\u03c6\u03b9\u03ba\u03ad\u03c2-\u03bc\u03bf\u03bd\u03ac\u03b4\u03b5\u03c2-\u03c0\/","og_locale":"fr_FR","og_type":"article","og_title":"\u039f\u03b9\u03ba\u03bf\u03bd\u03bf\u03bc\u03b9\u03ba\u03ad\u03c2 \u039a\u03c4\u03b7\u03bd\u03bf\u03c4\u03c1\u03bf\u03c6\u03b9\u03ba\u03ad\u03c2 \u039c\u03bf\u03bd\u03ac\u03b4\u03b5\u03c2 \u03c0\u03bf\u03c5 \u03b4\u03b5\u03bd \u03c7\u03c1\u03b5\u03b9\u03ac\u03b6\u03bf\u03bd\u03c4\u03b1\u03b9 \u03c0\u03bf\u03bb\u03b5\u03bf\u03b4\u03bf\u03bc\u03b9\u03ba\u03ae \u03ac\u03b4\u03b5\u03b9\u03b1 - BelgoMilk","og_description":"\u039f\u03b9 \u03c3\u03c4\u03b1\u03b2\u03bb\u03b9\u03ba\u03ad\u03c2 \u03b5\u03b3\u03ba\u03b1\u03c4\u03b1\u03c3\u03c4\u03ac\u03c3\u03b5\u03b9\u03c2 \u03b5\u03af\u03bd\u03b1\u03b9:   \u03c0\u03c1\u03cc\u03c4\u03c5\u03c0\u03b5\u03c2,  \u03b1\u03c0\u03bb\u03ad\u03c2,  \u03bf\u03b9\u03ba\u03bf\u03bd\u03bf\u03bc\u03b9\u03ba\u03ad\u03c2  \u03b4\u03b5\u03bd \u03b1\u03c0\u03b1\u03b9\u03c4\u03b5\u03af\u03c4\u03b1\u03b9 \u03bf\u03b9\u03ba\u03bf\u03b4\u03bf\u03bc\u03b9\u03ba\u03ae \u03ac\u03b4\u03b5\u03b9\u03b1.","og_url":"https:\/\/belgomilk.gr\/fr\/produit\/\u03bf\u03b9\u03ba\u03bf\u03bd\u03bf\u03bc\u03b9\u03ba\u03ad\u03c2-\u03ba\u03c4\u03b7\u03bd\u03bf\u03c4\u03c1\u03bf\u03c6\u03b9\u03ba\u03ad\u03c2-\u03bc\u03bf\u03bd\u03ac\u03b4\u03b5\u03c2-\u03c0\/","og_site_name":"BelgoMilk","article_modified_time":"2022-05-23T11:40:28+00:00","og_image":[{"width":480,"height":320,"url":"https:\/\/belgomilk.gr\/wp-content\/uploads\/2022\/05\/cat1.jpg","type":"image\/jpeg"}],"twitter_card":"summary_large_image","schema":{"@context":"https:\/\/schema.org","@graph":[{"@type":"WebSite","@id":"https:\/\/belgomilk.gr\/#website","url":"https:\/\/belgomilk.gr\/","name":"BelgoMilk","description":"\u0395\u03be\u03bf\u03c0\u03bb\u03b9\u03c3\u03bc\u03cc\u03c2 \u03b3\u03b9\u03b1 \u03a3\u03cd\u03b3\u03c7\u03c1\u03bf\u03bd\u03b5\u03c2 \u039a\u03c4\u03b7\u03bd\u03bf\u03c4\u03c1\u03bf\u03c6\u03b9\u03ba\u03ad\u03c2 &amp; \u0393\u03b1\u03bb\u03b1\u03ba\u03c4\u03bf\u03b2\u03b9\u03bf\u03bc\u03b7\u03c7\u03b1\u03bd\u03b9\u03ba\u03ad\u03c2 \u039c\u03bf\u03bd\u03ac\u03b4\u03b5\u03c2","potentialAction":[{"@type":"SearchAction","target":{"@type":"EntryPoint","urlTemplate":"https:\/\/belgomilk.gr\/?s={search_term_string}"},"query-input":"required name=search_term_string"}],"inLanguage":"fr-FR"},{"@type":"ImageObject","inLanguage":"fr-FR","@id":"https:\/\/belgomilk.gr\/product\/%ce%bf%ce%b9%ce%ba%ce%bf%ce%bd%ce%bf%ce%bc%ce%b9%ce%ba%ce%ad%cf%82-%ce%ba%cf%84%ce%b7%ce%bd%ce%bf%cf%84%cf%81%ce%bf%cf%86%ce%b9%ce%ba%ce%ad%cf%82-%ce%bc%ce%bf%ce%bd%ce%ac%ce%b4%ce%b5%cf%82-%cf%80\/#primaryimage","url":"https:\/\/belgomilk.gr\/wp-content\/uploads\/2022\/05\/cat1.jpg","contentUrl":"https:\/\/belgomilk.gr\/wp-content\/uploads\/2022\/05\/cat1.jpg","width":480,"height":320},{"@type":"WebPage","@id":"https:\/\/belgomilk.gr\/product\/%ce%bf%ce%b9%ce%ba%ce%bf%ce%bd%ce%bf%ce%bc%ce%b9%ce%ba%ce%ad%cf%82-%ce%ba%cf%84%ce%b7%ce%bd%ce%bf%cf%84%cf%81%ce%bf%cf%86%ce%b9%ce%ba%ce%ad%cf%82-%ce%bc%ce%bf%ce%bd%ce%ac%ce%b4%ce%b5%cf%82-%cf%80\/#webpage","url":"https:\/\/belgomilk.gr\/product\/%ce%bf%ce%b9%ce%ba%ce%bf%ce%bd%ce%bf%ce%bc%ce%b9%ce%ba%ce%ad%cf%82-%ce%ba%cf%84%ce%b7%ce%bd%ce%bf%cf%84%cf%81%ce%bf%cf%86%ce%b9%ce%ba%ce%ad%cf%82-%ce%bc%ce%bf%ce%bd%ce%ac%ce%b4%ce%b5%cf%82-%cf%80\/","name":"\u039f\u03b9\u03ba\u03bf\u03bd\u03bf\u03bc\u03b9\u03ba\u03ad\u03c2 \u039a\u03c4\u03b7\u03bd\u03bf\u03c4\u03c1\u03bf\u03c6\u03b9\u03ba\u03ad\u03c2 \u039c\u03bf\u03bd\u03ac\u03b4\u03b5\u03c2 \u03c0\u03bf\u03c5 \u03b4\u03b5\u03bd \u03c7\u03c1\u03b5\u03b9\u03ac\u03b6\u03bf\u03bd\u03c4\u03b1\u03b9 \u03c0\u03bf\u03bb\u03b5\u03bf\u03b4\u03bf\u03bc\u03b9\u03ba\u03ae \u03ac\u03b4\u03b5\u03b9\u03b1 - BelgoMilk","isPartOf":{"@id":"https:\/\/belgomilk.gr\/#website"},"primaryImageOfPage":{"@id":"https:\/\/belgomilk.gr\/product\/%ce%bf%ce%b9%ce%ba%ce%bf%ce%bd%ce%bf%ce%bc%ce%b9%ce%ba%ce%ad%cf%82-%ce%ba%cf%84%ce%b7%ce%bd%ce%bf%cf%84%cf%81%ce%bf%cf%86%ce%b9%ce%ba%ce%ad%cf%82-%ce%bc%ce%bf%ce%bd%ce%ac%ce%b4%ce%b5%cf%82-%cf%80\/#primaryimage"},"datePublished":"2022-05-23T11:40:07+00:00","dateModified":"2022-05-23T11:40:28+00:00","breadcrumb":{"@id":"https:\/\/belgomilk.gr\/product\/%ce%bf%ce%b9%ce%ba%ce%bf%ce%bd%ce%bf%ce%bc%ce%b9%ce%ba%ce%ad%cf%82-%ce%ba%cf%84%ce%b7%ce%bd%ce%bf%cf%84%cf%81%ce%bf%cf%86%ce%b9%ce%ba%ce%ad%cf%82-%ce%bc%ce%bf%ce%bd%ce%ac%ce%b4%ce%b5%cf%82-%cf%80\/#breadcrumb"},"inLanguage":"fr-FR","potentialAction":[{"@type":"ReadAction","target":["https:\/\/belgomilk.gr\/product\/%ce%bf%ce%b9%ce%ba%ce%bf%ce%bd%ce%bf%ce%bc%ce%b9%ce%ba%ce%ad%cf%82-%ce%ba%cf%84%ce%b7%ce%bd%ce%bf%cf%84%cf%81%ce%bf%cf%86%ce%b9%ce%ba%ce%ad%cf%82-%ce%bc%ce%bf%ce%bd%ce%ac%ce%b4%ce%b5%cf%82-%cf%80\/"]}]},{"@type":"BreadcrumbList","@id":"https:\/\/belgomilk.gr\/product\/%ce%bf%ce%b9%ce%ba%ce%bf%ce%bd%ce%bf%ce%bc%ce%b9%ce%ba%ce%ad%cf%82-%ce%ba%cf%84%ce%b7%ce%bd%ce%bf%cf%84%cf%81%ce%bf%cf%86%ce%b9%ce%ba%ce%ad%cf%82-%ce%bc%ce%bf%ce%bd%ce%ac%ce%b4%ce%b5%cf%82-%cf%80\/#breadcrumb","itemListElement":[{"@type":"ListItem","position":1,"name":"\u0391\u03c1\u03c7\u03b9\u03ba\u03ae","item":"https:\/\/belgomilk.gr\/"},{"@type":"ListItem","position":2,"name":"\u039a\u03b1\u03c4\u03ac\u03c3\u03c4\u03b7\u03bc\u03b1","item":"https:\/\/belgomilk.gr\/shop\/"},{"@type":"ListItem","position":3,"name":"\u039f\u03b9\u03ba\u03bf\u03bd\u03bf\u03bc\u03b9\u03ba\u03ad\u03c2 \u039a\u03c4\u03b7\u03bd\u03bf\u03c4\u03c1\u03bf\u03c6\u03b9\u03ba\u03ad\u03c2 \u039c\u03bf\u03bd\u03ac\u03b4\u03b5\u03c2 \u03c0\u03bf\u03c5 \u03b4\u03b5\u03bd \u03c7\u03c1\u03b5\u03b9\u03ac\u03b6\u03bf\u03bd\u03c4\u03b1\u03b9 \u03c0\u03bf\u03bb\u03b5\u03bf\u03b4\u03bf\u03bc\u03b9\u03ba\u03ae \u03ac\u03b4\u03b5\u03b9\u03b1"}]}]}},"_links":{"self":[{"href":"https:\/\/belgomilk.gr\/fr\/wp-json\/wp\/v2\/product\/939","targetHints":{"allow":["GET"]}}],"collection":[{"href":"https:\/\/belgomilk.gr\/fr\/wp-json\/wp\/v2\/product"}],"about":[{"href":"https:\/\/belgomilk.gr\/fr\/wp-json\/wp\/v2\/types\/product"}],"wp:featuredmedia":[{"embeddable":true,"href":"https:\/\/belgomilk.gr\/fr\/wp-json\/wp\/v2\/media\/940"}],"wp:attachment":[{"href":"https:\/\/belgomilk.gr\/fr\/wp-json\/wp\/v2\/media?parent=939"}],"wp:term":[{"taxonomy":"product_cat","embeddable":true,"href":"https:\/\/belgomilk.gr\/fr\/wp-json\/wp\/v2\/product_cat?post=939"},{"taxonomy":"product_tag","embeddable":true,"href":"https:\/\/belgomilk.gr\/fr\/wp-json\/wp\/v2\/product_tag?post=939"}],"curies":[{"name":"wp","href":"https:\/\/api.w.org\/{rel}","templated":true}]}}