{"id":995,"date":"2022-05-25T14:58:05","date_gmt":"2022-05-25T11:58:05","guid":{"rendered":"https:\/\/belgomilk.gr\/newsite\/?post_type=product&#038;p=995"},"modified":"2023-03-29T11:28:00","modified_gmt":"2023-03-29T08:28:00","slug":"%ce%b4%ce%b9%cf%80%ce%bb%cf%8c-tyrobox","status":"publish","type":"product","link":"https:\/\/belgomilk.gr\/fr\/product\/%ce%b4%ce%b9%cf%80%ce%bb%cf%8c-tyrobox\/","title":{"rendered":"Tyrobox\u00ae Double"},"content":{"rendered":"<p>Le co\u00fbt \u00e9tant la question majeure en Gr\u00e8ce aujourd'hui, le soutien aux petites entreprises locales peut devenir un facteur de stimulation de la croissance. Le producteur devient propri\u00e9taire d'une unit\u00e9 compl\u00e8te de production laiti\u00e8re tr\u00e8s comp\u00e9titive \u2013 en raison de sa localisation \u00e0 proximit\u00e9 \u2013 par rapport aux produits analogues d'importation. C'est aussi une voie vers l'ind\u00e9pendance et l'autonomie dans la distribution des produits finaux, en minimisant les fournisseurs et autres interm\u00e9diaires. La plupart des producteurs a enfin la possibilit\u00e9 d'installer une petite unit\u00e9 flexible \u00e0 un prix d\u00e9sormais accessible, et en toute conformit\u00e9 aux directives communautaires, au lieu de construire de nouvelles installations.<\/p>\n<p>L\u2019int\u00e9gration verticale de la production est une solution \u00e9conomique qui s'offre \u00e0 vous avec la construction d'une petite fromagerie dans un espace de type conteneur. Le processus simplifi\u00e9 de la fabrication du fromage et l'installation du conteneur sont pr\u00e9sent\u00e9s sur les photographies ci-dessous.<\/p>\n<p><strong>Liste des \u00e9quipements du TY\u03a1OBOX\u00ae (processus de production):<\/strong><\/p>\n<ul>\n<li>Cuve de r\u00e9frig\u00e9ration \u00e0 la r\u00e9ception<\/li>\n<li>Pompe<\/li>\n<li>\u00c9changeur thermique<\/li>\n<li>\u00c9cr\u00e9meuse<\/li>\n<li>Cuve de pasteurisation<\/li>\n<li>Pompe<\/li>\n<li>\u00c9changeur thermique<\/li>\n<li>Bac de caillage<\/li>\n<li>Retourneur de pile pour moules \u00e0 fromage<\/li>\n<li>Chambre de maturation<\/li>\n<li>Chambre de r\u00e9frig\u00e9ration<\/li>\n<\/ul>\n<p><strong><img loading=\"lazy\" decoding=\"async\" class=\"alignnone wp-image-737 size-full\" src=\"https:\/\/belgomilk.gr\/wp-content\/uploads\/2023\/03\/katopsifr.jpg\" alt=\"\" width=\"680\" height=\"284\" srcset=\"https:\/\/belgomilk.gr\/wp-content\/uploads\/2023\/03\/katopsifr.jpg 680w, https:\/\/belgomilk.gr\/wp-content\/uploads\/2023\/03\/katopsifr-600x251.jpg 600w, https:\/\/belgomilk.gr\/wp-content\/uploads\/2023\/03\/katopsifr-300x125.jpg 300w, https:\/\/belgomilk.gr\/wp-content\/uploads\/2023\/03\/katopsifr-18x8.jpg 18w\" sizes=\"auto, (max-width: 680px) 100vw, 680px\" \/><br \/>\nMODE DE FONCTIONNEMENT TYROBOX\u00ae<\/strong><\/p>\n<p>Le lait est r\u00e9ceptionn\u00e9 dans la cuve de r\u00e9frig\u00e9ration (\u00e0 4\u00b0C), o\u00f9 il est conserv\u00e9 pour assurer la s\u00e9curit\u00e9 du produit. \u00c0 l'aide de la pompe, le lait est transf\u00e9r\u00e9 vers l'\u00e9changeur thermique, et ensuite vers l'\u00e9cr\u00e9meuse centrifuge pour l'\u00e9cr\u00e9mage avec une filtration compl\u00e9mentaire du lait. Apr\u00e8s l'\u00e9cr\u00e9meuse, le lait est transf\u00e9r\u00e9 vers la cuve de pasteurisation pour \u00eatre chauff\u00e9 \u00e0 la temp\u00e9rature de 68\u00b0 pendant environ 10 minutes. Quand la pasteurisation est accomplie, la pompe transf\u00e8re le lait de la cuve de pasteurisation vers le r\u00e9frig\u00e9rateur qui baisse la temp\u00e9rature du lait jusqu'\u00e0 32\u00b0C, et ensuite vers le bac de caillage. \u00c0 ce stade, le fromager ajoute du chlorure de calcium (CaCl2) pour que le caill\u00e9 soit dur et solide. Par la suite, on ajoute les ferments (levure\/pr\u00e9sure) pour commencer la proc\u00e9dure du caillage du lait. Une heure plus tard, le lait est coagul\u00e9 (le caill\u00e9) et on s\u00e9pare le caill\u00e9 du lactos\u00e9rum. Le fromager met le caill\u00e9 dans les moules (table de moulage) o\u00f9 il est \u00e9goutt\u00e9 pour former du fromage frais. Quelques heures plus tard, le fromage est sorti des moules et mis dans la chambre de maturation (18-20\u00b0C) jusqu'\u00e0 ce que son pH soit appropri\u00e9 \u00e0 sa conservation dans la chambre de r\u00e9frig\u00e9ration (2-5\u00b0C).<br \/>\n<img loading=\"lazy\" decoding=\"async\" class=\"alignnone wp-image-738 size-full\" src=\"https:\/\/belgomilk.gr\/wp-content\/uploads\/2023\/03\/leitourgiafr.jpg\" alt=\"\" width=\"612\" height=\"581\" srcset=\"https:\/\/belgomilk.gr\/wp-content\/uploads\/2023\/03\/leitourgiafr.jpg 612w, https:\/\/belgomilk.gr\/wp-content\/uploads\/2023\/03\/leitourgiafr-600x570.jpg 600w, https:\/\/belgomilk.gr\/wp-content\/uploads\/2023\/03\/leitourgiafr-300x285.jpg 300w, https:\/\/belgomilk.gr\/wp-content\/uploads\/2023\/03\/leitourgiafr-13x12.jpg 13w\" sizes=\"auto, (max-width: 612px) 100vw, 612px\" \/><\/p>\n<p>&nbsp;<\/p>","protected":false},"excerpt":{"rendered":"<p>Notre soci\u00e9t\u00e9 a la possibilit\u00e9 d'installer chez vous une fromagerie modulaire de type \u0392\u039f\u03a7 (conteneur), pr\u00eate \u00e0 fonctionner, avec des \u00e9quipements modernes et possibilit\u00e9 de production de 1500 litres de lait par jour.<\/p>","protected":false},"featured_media":1370,"template":"","meta":[],"product_cat":[22],"product_tag":[],"class_list":["post-995","product","type-product","status-publish","has-post-thumbnail","hentry","product_cat-tyrobox"],"yoast_head":"<!-- This site is optimized with the Yoast SEO plugin v18.9 - https:\/\/yoast.com\/wordpress\/plugins\/seo\/ -->\n<title>\u0394\u03b9\u03c0\u03bb\u03cc Tyrobox\u00ae - BelgoMilk<\/title>\n<meta name=\"robots\" content=\"index, follow, max-snippet:-1, max-image-preview:large, max-video-preview:-1\" \/>\n<link rel=\"canonical\" href=\"https:\/\/belgomilk.gr\/fr\/produit\/\u03b4\u03b9\u03c0\u03bb\u03cc-tyrobox\/\" \/>\n<meta property=\"og:locale\" content=\"fr_FR\" \/>\n<meta property=\"og:type\" content=\"article\" \/>\n<meta property=\"og:title\" content=\"\u0394\u03b9\u03c0\u03bb\u03cc Tyrobox\u00ae - BelgoMilk\" \/>\n<meta property=\"og:description\" content=\"\u0397 \u03b5\u03c4\u03b1\u03b9\u03c1\u03b5\u03af\u03b1 \u03bc\u03b1\u03c2 \u03ad\u03c7\u03b5\u03b9 \u03c4\u03b7\u03bd \u03b4\u03c5\u03bd\u03b1\u03c4\u03cc\u03c4\u03b7\u03c4\u03b1 \u03bd\u03b1 \u03c3\u03b1\u03c2 \u03c4\u03bf\u03c0\u03bf\u03b8\u03b5\u03c4\u03ae\u03c3\u03b5\u03b9 \u03ad\u03bd\u03b1 \u03ad\u03c4\u03bf\u03b9\u03bc\u03bf \u03c4\u03c5\u03c1\u03bf\u03ba\u03bf\u03bc\u03b5\u03af\u03bf \u03c4\u03cd\u03c0\u03bf\u03c5 \u0392\u039f\u03a7(\u03ba\u03bf\u03bd\u03c4\u03ad\u03b9\u03bd\u03b5\u03c1), \u03ad\u03c4\u03bf\u03b9\u03bc\u03bf \u03c3\u03b5 \u03bb\u03b5\u03b9\u03c4\u03bf\u03c5\u03c1\u03b3\u03af\u03b1, \u03bc\u03b5 \u03c3\u03cd\u03b3\u03c7\u03c1\u03bf\u03bd\u03b1 \u03bc\u03b7\u03c7\u03b1\u03bd\u03ae\u03bc\u03b1\u03c4\u03b1 \u03ba\u03b1\u03b9 \u03b4\u03c5\u03bd\u03b1\u03c4\u03cc\u03c4\u03b7\u03c4\u03b1 \u03c0\u03b1\u03c1\u03b1\u03b3\u03c9\u03b3\u03ae\u03c2 1500lt \u03b3\u03ac\u03bb\u03b1 \u03b7\u03bc\u03b5\u03c1\u03b9\u03c3\u03af\u03c9\u03c2.\" \/>\n<meta property=\"og:url\" content=\"https:\/\/belgomilk.gr\/fr\/produit\/\u03b4\u03b9\u03c0\u03bb\u03cc-tyrobox\/\" \/>\n<meta property=\"og:site_name\" content=\"BelgoMilk\" \/>\n<meta property=\"article:modified_time\" content=\"2023-03-29T08:28:00+00:00\" \/>\n<meta property=\"og:image\" content=\"https:\/\/belgomilk.gr\/wp-content\/uploads\/2023\/03\/274364305_922644635113906_5839567987406176543_n.jpg\" \/>\n\t<meta property=\"og:image:width\" content=\"960\" \/>\n\t<meta property=\"og:image:height\" content=\"679\" \/>\n\t<meta property=\"og:image:type\" content=\"image\/jpeg\" \/>\n<meta name=\"twitter:card\" content=\"summary_large_image\" \/>\n<script type=\"application\/ld+json\" class=\"yoast-schema-graph\">{\"@context\":\"https:\/\/schema.org\",\"@graph\":[{\"@type\":\"WebSite\",\"@id\":\"https:\/\/belgomilk.gr\/#website\",\"url\":\"https:\/\/belgomilk.gr\/\",\"name\":\"BelgoMilk\",\"description\":\"\u0395\u03be\u03bf\u03c0\u03bb\u03b9\u03c3\u03bc\u03cc\u03c2 \u03b3\u03b9\u03b1 \u03a3\u03cd\u03b3\u03c7\u03c1\u03bf\u03bd\u03b5\u03c2 \u039a\u03c4\u03b7\u03bd\u03bf\u03c4\u03c1\u03bf\u03c6\u03b9\u03ba\u03ad\u03c2 &amp; \u0393\u03b1\u03bb\u03b1\u03ba\u03c4\u03bf\u03b2\u03b9\u03bf\u03bc\u03b7\u03c7\u03b1\u03bd\u03b9\u03ba\u03ad\u03c2 \u039c\u03bf\u03bd\u03ac\u03b4\u03b5\u03c2\",\"potentialAction\":[{\"@type\":\"SearchAction\",\"target\":{\"@type\":\"EntryPoint\",\"urlTemplate\":\"https:\/\/belgomilk.gr\/?s={search_term_string}\"},\"query-input\":\"required name=search_term_string\"}],\"inLanguage\":\"fr-FR\"},{\"@type\":\"ImageObject\",\"inLanguage\":\"fr-FR\",\"@id\":\"https:\/\/belgomilk.gr\/product\/%ce%b4%ce%b9%cf%80%ce%bb%cf%8c-tyrobox\/#primaryimage\",\"url\":\"https:\/\/belgomilk.gr\/wp-content\/uploads\/2023\/03\/274364305_922644635113906_5839567987406176543_n.jpg\",\"contentUrl\":\"https:\/\/belgomilk.gr\/wp-content\/uploads\/2023\/03\/274364305_922644635113906_5839567987406176543_n.jpg\",\"width\":960,\"height\":679,\"caption\":\"double-tyrobox\"},{\"@type\":\"WebPage\",\"@id\":\"https:\/\/belgomilk.gr\/product\/%ce%b4%ce%b9%cf%80%ce%bb%cf%8c-tyrobox\/#webpage\",\"url\":\"https:\/\/belgomilk.gr\/product\/%ce%b4%ce%b9%cf%80%ce%bb%cf%8c-tyrobox\/\",\"name\":\"\u0394\u03b9\u03c0\u03bb\u03cc Tyrobox\u00ae - BelgoMilk\",\"isPartOf\":{\"@id\":\"https:\/\/belgomilk.gr\/#website\"},\"primaryImageOfPage\":{\"@id\":\"https:\/\/belgomilk.gr\/product\/%ce%b4%ce%b9%cf%80%ce%bb%cf%8c-tyrobox\/#primaryimage\"},\"datePublished\":\"2022-05-25T11:58:05+00:00\",\"dateModified\":\"2023-03-29T08:28:00+00:00\",\"breadcrumb\":{\"@id\":\"https:\/\/belgomilk.gr\/product\/%ce%b4%ce%b9%cf%80%ce%bb%cf%8c-tyrobox\/#breadcrumb\"},\"inLanguage\":\"fr-FR\",\"potentialAction\":[{\"@type\":\"ReadAction\",\"target\":[\"https:\/\/belgomilk.gr\/product\/%ce%b4%ce%b9%cf%80%ce%bb%cf%8c-tyrobox\/\"]}]},{\"@type\":\"BreadcrumbList\",\"@id\":\"https:\/\/belgomilk.gr\/product\/%ce%b4%ce%b9%cf%80%ce%bb%cf%8c-tyrobox\/#breadcrumb\",\"itemListElement\":[{\"@type\":\"ListItem\",\"position\":1,\"name\":\"\u0391\u03c1\u03c7\u03b9\u03ba\u03ae\",\"item\":\"https:\/\/belgomilk.gr\/\"},{\"@type\":\"ListItem\",\"position\":2,\"name\":\"\u039a\u03b1\u03c4\u03ac\u03c3\u03c4\u03b7\u03bc\u03b1\",\"item\":\"https:\/\/belgomilk.gr\/shop\/\"},{\"@type\":\"ListItem\",\"position\":3,\"name\":\"\u0394\u03b9\u03c0\u03bb\u03cc Tyrobox\u00ae\"}]}]}<\/script>\n<!-- \/ Yoast SEO plugin. -->","yoast_head_json":{"title":"\u0394\u03b9\u03c0\u03bb\u03cc Tyrobox\u00ae - BelgoMilk","robots":{"index":"index","follow":"follow","max-snippet":"max-snippet:-1","max-image-preview":"max-image-preview:large","max-video-preview":"max-video-preview:-1"},"canonical":"https:\/\/belgomilk.gr\/fr\/produit\/\u03b4\u03b9\u03c0\u03bb\u03cc-tyrobox\/","og_locale":"fr_FR","og_type":"article","og_title":"\u0394\u03b9\u03c0\u03bb\u03cc Tyrobox\u00ae - BelgoMilk","og_description":"\u0397 \u03b5\u03c4\u03b1\u03b9\u03c1\u03b5\u03af\u03b1 \u03bc\u03b1\u03c2 \u03ad\u03c7\u03b5\u03b9 \u03c4\u03b7\u03bd \u03b4\u03c5\u03bd\u03b1\u03c4\u03cc\u03c4\u03b7\u03c4\u03b1 \u03bd\u03b1 \u03c3\u03b1\u03c2 \u03c4\u03bf\u03c0\u03bf\u03b8\u03b5\u03c4\u03ae\u03c3\u03b5\u03b9 \u03ad\u03bd\u03b1 \u03ad\u03c4\u03bf\u03b9\u03bc\u03bf \u03c4\u03c5\u03c1\u03bf\u03ba\u03bf\u03bc\u03b5\u03af\u03bf \u03c4\u03cd\u03c0\u03bf\u03c5 \u0392\u039f\u03a7(\u03ba\u03bf\u03bd\u03c4\u03ad\u03b9\u03bd\u03b5\u03c1), \u03ad\u03c4\u03bf\u03b9\u03bc\u03bf \u03c3\u03b5 \u03bb\u03b5\u03b9\u03c4\u03bf\u03c5\u03c1\u03b3\u03af\u03b1, \u03bc\u03b5 \u03c3\u03cd\u03b3\u03c7\u03c1\u03bf\u03bd\u03b1 \u03bc\u03b7\u03c7\u03b1\u03bd\u03ae\u03bc\u03b1\u03c4\u03b1 \u03ba\u03b1\u03b9 \u03b4\u03c5\u03bd\u03b1\u03c4\u03cc\u03c4\u03b7\u03c4\u03b1 \u03c0\u03b1\u03c1\u03b1\u03b3\u03c9\u03b3\u03ae\u03c2 1500lt \u03b3\u03ac\u03bb\u03b1 \u03b7\u03bc\u03b5\u03c1\u03b9\u03c3\u03af\u03c9\u03c2.","og_url":"https:\/\/belgomilk.gr\/fr\/produit\/\u03b4\u03b9\u03c0\u03bb\u03cc-tyrobox\/","og_site_name":"BelgoMilk","article_modified_time":"2023-03-29T08:28:00+00:00","og_image":[{"width":960,"height":679,"url":"https:\/\/belgomilk.gr\/wp-content\/uploads\/2023\/03\/274364305_922644635113906_5839567987406176543_n.jpg","type":"image\/jpeg"}],"twitter_card":"summary_large_image","schema":{"@context":"https:\/\/schema.org","@graph":[{"@type":"WebSite","@id":"https:\/\/belgomilk.gr\/#website","url":"https:\/\/belgomilk.gr\/","name":"BelgoMilk","description":"\u0395\u03be\u03bf\u03c0\u03bb\u03b9\u03c3\u03bc\u03cc\u03c2 \u03b3\u03b9\u03b1 \u03a3\u03cd\u03b3\u03c7\u03c1\u03bf\u03bd\u03b5\u03c2 \u039a\u03c4\u03b7\u03bd\u03bf\u03c4\u03c1\u03bf\u03c6\u03b9\u03ba\u03ad\u03c2 &amp; \u0393\u03b1\u03bb\u03b1\u03ba\u03c4\u03bf\u03b2\u03b9\u03bf\u03bc\u03b7\u03c7\u03b1\u03bd\u03b9\u03ba\u03ad\u03c2 \u039c\u03bf\u03bd\u03ac\u03b4\u03b5\u03c2","potentialAction":[{"@type":"SearchAction","target":{"@type":"EntryPoint","urlTemplate":"https:\/\/belgomilk.gr\/?s={search_term_string}"},"query-input":"required name=search_term_string"}],"inLanguage":"fr-FR"},{"@type":"ImageObject","inLanguage":"fr-FR","@id":"https:\/\/belgomilk.gr\/product\/%ce%b4%ce%b9%cf%80%ce%bb%cf%8c-tyrobox\/#primaryimage","url":"https:\/\/belgomilk.gr\/wp-content\/uploads\/2023\/03\/274364305_922644635113906_5839567987406176543_n.jpg","contentUrl":"https:\/\/belgomilk.gr\/wp-content\/uploads\/2023\/03\/274364305_922644635113906_5839567987406176543_n.jpg","width":960,"height":679,"caption":"double-tyrobox"},{"@type":"WebPage","@id":"https:\/\/belgomilk.gr\/product\/%ce%b4%ce%b9%cf%80%ce%bb%cf%8c-tyrobox\/#webpage","url":"https:\/\/belgomilk.gr\/product\/%ce%b4%ce%b9%cf%80%ce%bb%cf%8c-tyrobox\/","name":"\u0394\u03b9\u03c0\u03bb\u03cc Tyrobox\u00ae - BelgoMilk","isPartOf":{"@id":"https:\/\/belgomilk.gr\/#website"},"primaryImageOfPage":{"@id":"https:\/\/belgomilk.gr\/product\/%ce%b4%ce%b9%cf%80%ce%bb%cf%8c-tyrobox\/#primaryimage"},"datePublished":"2022-05-25T11:58:05+00:00","dateModified":"2023-03-29T08:28:00+00:00","breadcrumb":{"@id":"https:\/\/belgomilk.gr\/product\/%ce%b4%ce%b9%cf%80%ce%bb%cf%8c-tyrobox\/#breadcrumb"},"inLanguage":"fr-FR","potentialAction":[{"@type":"ReadAction","target":["https:\/\/belgomilk.gr\/product\/%ce%b4%ce%b9%cf%80%ce%bb%cf%8c-tyrobox\/"]}]},{"@type":"BreadcrumbList","@id":"https:\/\/belgomilk.gr\/product\/%ce%b4%ce%b9%cf%80%ce%bb%cf%8c-tyrobox\/#breadcrumb","itemListElement":[{"@type":"ListItem","position":1,"name":"\u0391\u03c1\u03c7\u03b9\u03ba\u03ae","item":"https:\/\/belgomilk.gr\/"},{"@type":"ListItem","position":2,"name":"\u039a\u03b1\u03c4\u03ac\u03c3\u03c4\u03b7\u03bc\u03b1","item":"https:\/\/belgomilk.gr\/shop\/"},{"@type":"ListItem","position":3,"name":"\u0394\u03b9\u03c0\u03bb\u03cc Tyrobox\u00ae"}]}]}},"_links":{"self":[{"href":"https:\/\/belgomilk.gr\/fr\/wp-json\/wp\/v2\/product\/995","targetHints":{"allow":["GET"]}}],"collection":[{"href":"https:\/\/belgomilk.gr\/fr\/wp-json\/wp\/v2\/product"}],"about":[{"href":"https:\/\/belgomilk.gr\/fr\/wp-json\/wp\/v2\/types\/product"}],"wp:featuredmedia":[{"embeddable":true,"href":"https:\/\/belgomilk.gr\/fr\/wp-json\/wp\/v2\/media\/1370"}],"wp:attachment":[{"href":"https:\/\/belgomilk.gr\/fr\/wp-json\/wp\/v2\/media?parent=995"}],"wp:term":[{"taxonomy":"product_cat","embeddable":true,"href":"https:\/\/belgomilk.gr\/fr\/wp-json\/wp\/v2\/product_cat?post=995"},{"taxonomy":"product_tag","embeddable":true,"href":"https:\/\/belgomilk.gr\/fr\/wp-json\/wp\/v2\/product_tag?post=995"}],"curies":[{"name":"wp","href":"https:\/\/api.w.org\/{rel}","templated":true}]}}